{"id":15377,"date":"2025-03-19T14:59:14","date_gmt":"2025-03-19T14:59:14","guid":{"rendered":"https:\/\/tal.ch\/?page_id=15377"},"modified":"2026-04-16T06:04:32","modified_gmt":"2026-04-16T06:04:32","slug":"ilona-maechler","status":"publish","type":"page","link":"https:\/\/tal.ch\/en\/ilona-maechler\/","title":{"rendered":"Ilona Maechler"},"content":{"rendered":"<div data-elementor-type=\"wp-page\" data-elementor-id=\"15377\" class=\"elementor elementor-15377\" data-elementor-post-type=\"page\">\n\t\t\t\t<div class=\"elementor-element elementor-element-5c9a351 e-flex e-con-boxed wpr-particle-no wpr-jarallax-no wpr-parallax-no wpr-sticky-section-no wpr-equal-height-no e-con e-parent\" data-id=\"5c9a351\" data-element_type=\"container\" data-e-type=\"container\">\n\t\t\t\t\t<div class=\"e-con-inner\">\n\t\t\t\t<div class=\"elementor-element elementor-element-ea767c1 elementor-widget elementor-widget-spacer\" data-id=\"ea767c1\" data-element_type=\"widget\" data-e-type=\"widget\" data-widget_type=\"spacer.default\">\n\t\t\t\t\t\t\t<div class=\"elementor-spacer\">\n\t\t\t<div class=\"elementor-spacer-inner\"><\/div>\n\t\t<\/div>\n\t\t\t\t\t\t<\/div>\n\t\t\t\t\t<\/div>\n\t\t\t\t<\/div>\n\t\t<div class=\"elementor-element elementor-element-1cd01fa e-flex e-con-boxed wpr-particle-no wpr-jarallax-no wpr-parallax-no wpr-sticky-section-no wpr-equal-height-no e-con e-parent\" data-id=\"1cd01fa\" data-element_type=\"container\" data-e-type=\"container\">\n\t\t\t\t\t<div class=\"e-con-inner\">\n\t\t<div class=\"elementor-element elementor-element-8f9b0ae e-con-full e-flex wpr-particle-no wpr-jarallax-no wpr-parallax-no wpr-sticky-section-no wpr-equal-height-no e-con e-child\" data-id=\"8f9b0ae\" data-element_type=\"container\" data-e-type=\"container\">\n\t\t\t\t<div class=\"elementor-element elementor-element-5bb9304 elementor-widget elementor-widget-image\" data-id=\"5bb9304\" data-element_type=\"widget\" data-e-type=\"widget\" data-widget_type=\"image.default\">\n\t\t\t\t\t\t\t\t\t\t\t\t\t\t\t<img fetchpriority=\"high\" decoding=\"async\" width=\"500\" height=\"600\" src=\"https:\/\/tal.ch\/wp-content\/uploads\/2025\/03\/ilona.jpg\" class=\"attachment-full size-full wp-image-15317\" alt=\"\" srcset=\"https:\/\/tal.ch\/wp-content\/uploads\/2025\/03\/ilona.jpg 500w, https:\/\/tal.ch\/wp-content\/uploads\/2025\/03\/ilona-250x300.jpg 250w, https:\/\/tal.ch\/wp-content\/uploads\/2025\/03\/ilona-10x12.jpg 10w\" sizes=\"(max-width: 500px) 100vw, 500px\" \/>\t\t\t\t\t\t\t\t\t\t\t\t\t\t\t<\/div>\n\t\t\t\t<div class=\"elementor-element elementor-element-8c46fbd elementor-widget elementor-widget-text-editor\" data-id=\"8c46fbd\" data-element_type=\"widget\" data-e-type=\"widget\" data-widget_type=\"text-editor.default\">\n\t\t\t\t\t\t\t\t\t<p><strong>Ilona M\u00e4chler<br \/><\/strong>Qualified chemist HF, owner and managing director<\/p><p><span style=\"text-decoration: underline; color: #000000;\"><a style=\"color: #000000; text-decoration: underline;\" href=\"https:\/\/www.natuerlichdrogerie.ch\/\" target=\"_blank\" rel=\"noopener\">Naturally Drugstore, Gossau ZH<\/a><\/span><\/p>\t\t\t\t\t\t\t\t<\/div>\n\t\t\t\t<\/div>\n\t\t<div class=\"elementor-element elementor-element-4908ee0 e-con-full e-flex wpr-particle-no wpr-jarallax-no wpr-parallax-no wpr-sticky-section-no wpr-equal-height-no e-con e-child\" data-id=\"4908ee0\" data-element_type=\"container\" data-e-type=\"container\">\n\t\t\t\t<div class=\"elementor-element elementor-element-575dab5 elementor-widget elementor-widget-text-editor\" data-id=\"575dab5\" data-element_type=\"widget\" data-e-type=\"widget\" data-widget_type=\"text-editor.default\">\n\t\t\t\t\t\t\t\t\t<p><strong>What do you think Tal stands for?<\/strong><br \/>For me, Tal stands for quality, well-being, innovation paired with down-to-earth values, as well as for tradition and progress. Tal is a brand that shapes a healthy, innovative future through strong roots, is up-to-date on the market and skilfully responds to the needs of consumers.<br \/><br \/><strong>What do you think makes Tal special?<\/strong><br \/>The special thing about Tal is its origin and the ingredients, which come from Switzerland and reflect the values of the brand. Its longevity and customer loyalty over many generations show that it does a lot of things right. It has Switzerland on and in it.<br \/><br \/><strong>Which valley product is working particularly well for you?<\/strong><br \/>The classic Tal Med hand cream repair in the 75ml and 150ml sizes works best for us. Personally, I think the new TAL Med hand cream protect is amazing! I'm very happy to recommend it and I'm delighted that this cream is also doing better and better. \ud83d\ude0a<br \/><br \/><strong>What feedback do you receive from your customers about Tal products?<\/strong><br \/>\"Ah, I've already had that one too, it was very good, I'll gladly take it again\" and sometimes I can explain what's new - but then it's actually already sold. Is there a better compliment for a brand?<\/p>\t\t\t\t\t\t\t\t<\/div>\n\t\t\t\t<\/div>\n\t\t\t\t\t<\/div>\n\t\t\t\t<\/div>\n\t\t<div class=\"elementor-element elementor-element-8610fe4 e-flex e-con-boxed wpr-particle-no wpr-jarallax-no wpr-parallax-no wpr-sticky-section-no wpr-equal-height-no e-con e-parent\" data-id=\"8610fe4\" data-element_type=\"container\" data-e-type=\"container\">\n\t\t\t\t\t<div class=\"e-con-inner\">\n\t\t\t\t<div class=\"elementor-element elementor-element-e8aa85f elementor-widget elementor-widget-spacer\" data-id=\"e8aa85f\" data-element_type=\"widget\" data-e-type=\"widget\" data-widget_type=\"spacer.default\">\n\t\t\t\t\t\t\t<div class=\"elementor-spacer\">\n\t\t\t<div class=\"elementor-spacer-inner\"><\/div>\n\t\t<\/div>\n\t\t\t\t\t\t<\/div>\n\t\t\t\t\t<\/div>\n\t\t\t\t<\/div>\n\t\t\t\t<\/div>","protected":false},"excerpt":{"rendered":"<p>Ilona M\u00e4chlerDipl. Drogistin HF, Owner and Managing Director of Nat\u00fcrlich Drogerie, Gossau ZH What do you think Tal stands for? For me, Tal stands for quality, well-being, innovation paired with down-to-earth values, as well as for tradition and progress. Tal is a brand with strong roots that shapes a healthy, innovative future, is up-to-date on the market and skilfully responds to the needs of consumers. In your opinion, what makes Tal special is its origin and the ingredients, which come from Switzerland and reflect the values of the brand. Its longevity and customer loyalty over many generations shows that it does a lot of things right. It has Switzerland on and in it. Which Tal product is doing particularly well for you? The classic Tal Med hand cream repair in the 75ml and 150ml sizes is doing best for us. Personally, I think the new TAL Med hand cream protect is amazing! I'm very happy to recommend it and I'm delighted that this cream is also doing better and better. \ud83d\ude0a What feedback do you get from your customers about Tal products? \"Ah, I've already had that one too, it was very good, I'll happily use it again\" and sometimes I can explain what's new - but then it's actually already sold. Is there a better compliment for a brand?<\/p>","protected":false},"author":1,"featured_media":0,"parent":0,"menu_order":36,"comment_status":"closed","ping_status":"closed","template":"elementor_header_footer","meta":{"footnotes":""},"tags":[],"class_list":["post-15377","page","type-page","status-publish","hentry"],"yoast_head":"<!-- This site is optimized with the Yoast SEO plugin v27.4 - https:\/\/yoast.com\/product\/yoast-seo-wordpress\/ -->\n<title>Ilona Maechler - Tal<\/title>\n<meta name=\"robots\" content=\"index, follow, max-snippet:-1, max-image-preview:large, max-video-preview:-1\" \/>\n<link rel=\"canonical\" href=\"https:\/\/tal.ch\/en\/ilona-maechler\/\" \/>\n<meta property=\"og:locale\" content=\"en_GB\" \/>\n<meta property=\"og:type\" content=\"article\" \/>\n<meta property=\"og:title\" content=\"Ilona Maechler - Tal\" \/>\n<meta property=\"og:description\" content=\"Ilona M\u00e4chlerDipl. Drogistin HF, Inhaberin und Gesch\u00e4ftsf\u00fchrerin Nat\u00fcrlich Drogerie, Gossau ZH Wof\u00fcr steht Tal Ihrer Meinung nach?Tal steht f\u00fcr mich f\u00fcr Qualit\u00e4t, Wohlbefinden, Innovation gepaart mit bodenst\u00e4ndigen Werten, sowie f\u00fcr Tradition und Fortschritt. Tal ist eine Marke, die durch starke Wurzeln eine gesunde, innovative Zukunft gestaltet, aktuell am Markt ist und auf die Bed\u00fcrfnisse der Konsumenten\/innen gekonnt eingeht. Was macht Tal Ihrer Meinung nach besonders?Das besondere an Tal ist ihr Ursprung und die Inhaltstoffe, die aus der Schweiz kommen und die Werte der Marke wiederspiegeln. Ihr langes Bestehen, die Kundentreue \u00fcber viele Generationen zeigt, dass sie vieles Richtig macht. Da ist Schweiz drauf und drin. Welches Tal-Produkt l\u00e4uft bei Ihnen besonders gut?Bei uns l\u00e4uft die klassische Tal Med Handcreme repair in den Gr\u00f6ssen 75ml und 150ml am besten. Ich pers\u00f6nlich finde die neue TAL Med Handcreme protect der Wahnsinn! Ich empfehle sie sehr gerne und es freut mich, dass auch diese Creme immer besser l\u00e4uft. \ud83d\ude0a Welche R\u00fcckmeldungen erhalten Sie von Ihren Kundinnen und Kunden zu Tal-Produkten?\u00abAh, die hatte ich auch schon, die war sehr gut, ich nehme sie gerne nochmals.\u00bb und manchmal kann ich noch erl\u00e4utern was es Neues gegeben hat \u2013 aber sie ist dann eigentlich schon verkauft. Gibt es ein sch\u00f6neres Kompliment an eine Marke?\" \/>\n<meta property=\"og:url\" content=\"https:\/\/tal.ch\/en\/ilona-maechler\/\" \/>\n<meta property=\"og:site_name\" content=\"Tal\" \/>\n<meta property=\"article:publisher\" content=\"https:\/\/www.facebook.com\/tal.schweiz\/\" \/>\n<meta property=\"article:modified_time\" content=\"2026-04-16T06:04:32+00:00\" \/>\n<meta property=\"og:image\" content=\"https:\/\/tal.ch\/wp-content\/uploads\/2025\/03\/ilona.jpg\" \/>\n\t<meta property=\"og:image:width\" content=\"500\" \/>\n\t<meta property=\"og:image:height\" content=\"600\" \/>\n\t<meta property=\"og:image:type\" content=\"image\/jpeg\" \/>\n<meta name=\"twitter:card\" content=\"summary_large_image\" \/>\n<meta name=\"twitter:label1\" content=\"Estimated reading time\" \/>\n\t<meta name=\"twitter:data1\" content=\"2 minutes\" \/>\n<script type=\"application\/ld+json\" class=\"yoast-schema-graph\">{\"@context\":\"https:\\\/\\\/schema.org\",\"@graph\":[{\"@type\":\"WebPage\",\"@id\":\"https:\\\/\\\/tal.ch\\\/ilona-maechler\\\/\",\"url\":\"https:\\\/\\\/tal.ch\\\/ilona-maechler\\\/\",\"name\":\"Ilona Maechler - Tal\",\"isPartOf\":{\"@id\":\"https:\\\/\\\/tal.ch\\\/#website\"},\"primaryImageOfPage\":{\"@id\":\"https:\\\/\\\/tal.ch\\\/ilona-maechler\\\/#primaryimage\"},\"image\":{\"@id\":\"https:\\\/\\\/tal.ch\\\/ilona-maechler\\\/#primaryimage\"},\"thumbnailUrl\":\"https:\\\/\\\/tal.ch\\\/wp-content\\\/uploads\\\/2025\\\/03\\\/ilona.jpg\",\"datePublished\":\"2025-03-19T14:59:14+00:00\",\"dateModified\":\"2026-04-16T06:04:32+00:00\",\"breadcrumb\":{\"@id\":\"https:\\\/\\\/tal.ch\\\/ilona-maechler\\\/#breadcrumb\"},\"inLanguage\":\"en-GB\",\"potentialAction\":[{\"@type\":\"ReadAction\",\"target\":[\"https:\\\/\\\/tal.ch\\\/ilona-maechler\\\/\"]}]},{\"@type\":\"ImageObject\",\"inLanguage\":\"en-GB\",\"@id\":\"https:\\\/\\\/tal.ch\\\/ilona-maechler\\\/#primaryimage\",\"url\":\"https:\\\/\\\/tal.ch\\\/wp-content\\\/uploads\\\/2025\\\/03\\\/ilona.jpg\",\"contentUrl\":\"https:\\\/\\\/tal.ch\\\/wp-content\\\/uploads\\\/2025\\\/03\\\/ilona.jpg\"},{\"@type\":\"BreadcrumbList\",\"@id\":\"https:\\\/\\\/tal.ch\\\/ilona-maechler\\\/#breadcrumb\",\"itemListElement\":[{\"@type\":\"ListItem\",\"position\":1,\"name\":\"Startseite\",\"item\":\"https:\\\/\\\/tal.ch\\\/\"},{\"@type\":\"ListItem\",\"position\":2,\"name\":\"Ilona Maechler\"}]},{\"@type\":\"WebSite\",\"@id\":\"https:\\\/\\\/tal.ch\\\/#website\",\"url\":\"https:\\\/\\\/tal.ch\\\/\",\"name\":\"Tal\",\"description\":\"Pflanzenextrakte von h\u00f6chster Qualit\u00e4t\",\"publisher\":{\"@id\":\"https:\\\/\\\/tal.ch\\\/#organization\"},\"potentialAction\":[{\"@type\":\"SearchAction\",\"target\":{\"@type\":\"EntryPoint\",\"urlTemplate\":\"https:\\\/\\\/tal.ch\\\/?s={search_term_string}\"},\"query-input\":{\"@type\":\"PropertyValueSpecification\",\"valueRequired\":true,\"valueName\":\"search_term_string\"}}],\"inLanguage\":\"en-GB\"},{\"@type\":\"Organization\",\"@id\":\"https:\\\/\\\/tal.ch\\\/#organization\",\"name\":\"Tal\",\"url\":\"https:\\\/\\\/tal.ch\\\/\",\"logo\":{\"@type\":\"ImageObject\",\"inLanguage\":\"en-GB\",\"@id\":\"https:\\\/\\\/tal.ch\\\/#\\\/schema\\\/logo\\\/image\\\/\",\"url\":\"https:\\\/\\\/tal.ch\\\/wp-content\\\/uploads\\\/2024\\\/02\\\/Logo-Tal.png\",\"contentUrl\":\"https:\\\/\\\/tal.ch\\\/wp-content\\\/uploads\\\/2024\\\/02\\\/Logo-Tal.png\",\"width\":100,\"height\":157,\"caption\":\"Tal\"},\"image\":{\"@id\":\"https:\\\/\\\/tal.ch\\\/#\\\/schema\\\/logo\\\/image\\\/\"},\"sameAs\":[\"https:\\\/\\\/www.facebook.com\\\/tal.schweiz\\\/\"]}]}<\/script>\n<!-- \/ Yoast SEO plugin. -->","yoast_head_json":{"title":"Ilona Maechler - Valley","robots":{"index":"index","follow":"follow","max-snippet":"max-snippet:-1","max-image-preview":"max-image-preview:large","max-video-preview":"max-video-preview:-1"},"canonical":"https:\/\/tal.ch\/en\/ilona-maechler\/","og_locale":"en_GB","og_type":"article","og_title":"Ilona Maechler - Tal","og_description":"Ilona M\u00e4chlerDipl. Drogistin HF, Inhaberin und Gesch\u00e4ftsf\u00fchrerin Nat\u00fcrlich Drogerie, Gossau ZH Wof\u00fcr steht Tal Ihrer Meinung nach?Tal steht f\u00fcr mich f\u00fcr Qualit\u00e4t, Wohlbefinden, Innovation gepaart mit bodenst\u00e4ndigen Werten, sowie f\u00fcr Tradition und Fortschritt. Tal ist eine Marke, die durch starke Wurzeln eine gesunde, innovative Zukunft gestaltet, aktuell am Markt ist und auf die Bed\u00fcrfnisse der Konsumenten\/innen gekonnt eingeht. Was macht Tal Ihrer Meinung nach besonders?Das besondere an Tal ist ihr Ursprung und die Inhaltstoffe, die aus der Schweiz kommen und die Werte der Marke wiederspiegeln. Ihr langes Bestehen, die Kundentreue \u00fcber viele Generationen zeigt, dass sie vieles Richtig macht. Da ist Schweiz drauf und drin. Welches Tal-Produkt l\u00e4uft bei Ihnen besonders gut?Bei uns l\u00e4uft die klassische Tal Med Handcreme repair in den Gr\u00f6ssen 75ml und 150ml am besten. Ich pers\u00f6nlich finde die neue TAL Med Handcreme protect der Wahnsinn! Ich empfehle sie sehr gerne und es freut mich, dass auch diese Creme immer besser l\u00e4uft. \ud83d\ude0a Welche R\u00fcckmeldungen erhalten Sie von Ihren Kundinnen und Kunden zu Tal-Produkten?\u00abAh, die hatte ich auch schon, die war sehr gut, ich nehme sie gerne nochmals.\u00bb und manchmal kann ich noch erl\u00e4utern was es Neues gegeben hat \u2013 aber sie ist dann eigentlich schon verkauft. Gibt es ein sch\u00f6neres Kompliment an eine Marke?","og_url":"https:\/\/tal.ch\/en\/ilona-maechler\/","og_site_name":"Tal","article_publisher":"https:\/\/www.facebook.com\/tal.schweiz\/","article_modified_time":"2026-04-16T06:04:32+00:00","og_image":[{"width":500,"height":600,"url":"https:\/\/tal.ch\/wp-content\/uploads\/2025\/03\/ilona.jpg","type":"image\/jpeg"}],"twitter_card":"summary_large_image","twitter_misc":{"Estimated reading time":"2 minutes"},"schema":{"@context":"https:\/\/schema.org","@graph":[{"@type":"WebPage","@id":"https:\/\/tal.ch\/ilona-maechler\/","url":"https:\/\/tal.ch\/ilona-maechler\/","name":"Ilona Maechler - Valley","isPartOf":{"@id":"https:\/\/tal.ch\/#website"},"primaryImageOfPage":{"@id":"https:\/\/tal.ch\/ilona-maechler\/#primaryimage"},"image":{"@id":"https:\/\/tal.ch\/ilona-maechler\/#primaryimage"},"thumbnailUrl":"https:\/\/tal.ch\/wp-content\/uploads\/2025\/03\/ilona.jpg","datePublished":"2025-03-19T14:59:14+00:00","dateModified":"2026-04-16T06:04:32+00:00","breadcrumb":{"@id":"https:\/\/tal.ch\/ilona-maechler\/#breadcrumb"},"inLanguage":"en-GB","potentialAction":[{"@type":"ReadAction","target":["https:\/\/tal.ch\/ilona-maechler\/"]}]},{"@type":"ImageObject","inLanguage":"en-GB","@id":"https:\/\/tal.ch\/ilona-maechler\/#primaryimage","url":"https:\/\/tal.ch\/wp-content\/uploads\/2025\/03\/ilona.jpg","contentUrl":"https:\/\/tal.ch\/wp-content\/uploads\/2025\/03\/ilona.jpg"},{"@type":"BreadcrumbList","@id":"https:\/\/tal.ch\/ilona-maechler\/#breadcrumb","itemListElement":[{"@type":"ListItem","position":1,"name":"Startseite","item":"https:\/\/tal.ch\/"},{"@type":"ListItem","position":2,"name":"Ilona Maechler"}]},{"@type":"WebSite","@id":"https:\/\/tal.ch\/#website","url":"https:\/\/tal.ch\/","name":"Valley","description":"Plant extracts of the highest quality","publisher":{"@id":"https:\/\/tal.ch\/#organization"},"potentialAction":[{"@type":"SearchAction","target":{"@type":"EntryPoint","urlTemplate":"https:\/\/tal.ch\/?s={search_term_string}"},"query-input":{"@type":"PropertyValueSpecification","valueRequired":true,"valueName":"search_term_string"}}],"inLanguage":"en-GB"},{"@type":"Organization","@id":"https:\/\/tal.ch\/#organization","name":"Valley","url":"https:\/\/tal.ch\/","logo":{"@type":"ImageObject","inLanguage":"en-GB","@id":"https:\/\/tal.ch\/#\/schema\/logo\/image\/","url":"https:\/\/tal.ch\/wp-content\/uploads\/2024\/02\/Logo-Tal.png","contentUrl":"https:\/\/tal.ch\/wp-content\/uploads\/2024\/02\/Logo-Tal.png","width":100,"height":157,"caption":"Tal"},"image":{"@id":"https:\/\/tal.ch\/#\/schema\/logo\/image\/"},"sameAs":["https:\/\/www.facebook.com\/tal.schweiz\/"]}]}},"_links":{"self":[{"href":"https:\/\/tal.ch\/en\/wp-json\/wp\/v2\/pages\/15377","targetHints":{"allow":["GET"]}}],"collection":[{"href":"https:\/\/tal.ch\/en\/wp-json\/wp\/v2\/pages"}],"about":[{"href":"https:\/\/tal.ch\/en\/wp-json\/wp\/v2\/types\/page"}],"author":[{"embeddable":true,"href":"https:\/\/tal.ch\/en\/wp-json\/wp\/v2\/users\/1"}],"replies":[{"embeddable":true,"href":"https:\/\/tal.ch\/en\/wp-json\/wp\/v2\/comments?post=15377"}],"version-history":[{"count":31,"href":"https:\/\/tal.ch\/en\/wp-json\/wp\/v2\/pages\/15377\/revisions"}],"predecessor-version":[{"id":15411,"href":"https:\/\/tal.ch\/en\/wp-json\/wp\/v2\/pages\/15377\/revisions\/15411"}],"wp:attachment":[{"href":"https:\/\/tal.ch\/en\/wp-json\/wp\/v2\/media?parent=15377"}],"wp:term":[{"taxonomy":"post_tag","embeddable":true,"href":"https:\/\/tal.ch\/en\/wp-json\/wp\/v2\/tags?post=15377"}],"curies":[{"name":"wp","href":"https:\/\/api.w.org\/{rel}","templated":true}]}}