{"id":15455,"date":"2025-03-27T13:23:04","date_gmt":"2025-03-27T13:23:04","guid":{"rendered":"https:\/\/tal.ch\/?page_id=15455"},"modified":"2026-04-16T06:04:32","modified_gmt":"2026-04-16T06:04:32","slug":"eveline-waldburger","status":"publish","type":"page","link":"https:\/\/tal.ch\/en\/eveline-waldburger\/","title":{"rendered":"Eveline Waldburger"},"content":{"rendered":"<div data-elementor-type=\"wp-page\" data-elementor-id=\"15455\" class=\"elementor elementor-15455\" data-elementor-post-type=\"page\">\n\t\t\t\t<div class=\"elementor-element elementor-element-5c9a351 e-flex e-con-boxed wpr-particle-no wpr-jarallax-no wpr-parallax-no wpr-sticky-section-no wpr-equal-height-no e-con e-parent\" data-id=\"5c9a351\" data-element_type=\"container\" data-e-type=\"container\">\n\t\t\t\t\t<div class=\"e-con-inner\">\n\t\t\t\t<div class=\"elementor-element elementor-element-ea767c1 elementor-widget elementor-widget-spacer\" data-id=\"ea767c1\" data-element_type=\"widget\" data-e-type=\"widget\" data-widget_type=\"spacer.default\">\n\t\t\t\t\t\t\t<div class=\"elementor-spacer\">\n\t\t\t<div class=\"elementor-spacer-inner\"><\/div>\n\t\t<\/div>\n\t\t\t\t\t\t<\/div>\n\t\t\t\t\t<\/div>\n\t\t\t\t<\/div>\n\t\t<div class=\"elementor-element elementor-element-1cd01fa e-flex e-con-boxed wpr-particle-no wpr-jarallax-no wpr-parallax-no wpr-sticky-section-no wpr-equal-height-no e-con e-parent\" data-id=\"1cd01fa\" data-element_type=\"container\" data-e-type=\"container\">\n\t\t\t\t\t<div class=\"e-con-inner\">\n\t\t<div class=\"elementor-element elementor-element-8f9b0ae e-con-full e-flex wpr-particle-no wpr-jarallax-no wpr-parallax-no wpr-sticky-section-no wpr-equal-height-no e-con e-child\" data-id=\"8f9b0ae\" data-element_type=\"container\" data-e-type=\"container\">\n\t\t\t\t<div class=\"elementor-element elementor-element-5bb9304 elementor-widget elementor-widget-image\" data-id=\"5bb9304\" data-element_type=\"widget\" data-e-type=\"widget\" data-widget_type=\"image.default\">\n\t\t\t\t\t\t\t\t\t\t\t\t\t\t\t<img fetchpriority=\"high\" decoding=\"async\" width=\"500\" height=\"600\" src=\"https:\/\/tal.ch\/wp-content\/uploads\/2025\/03\/Bild-Eveline-Waldburger-zugeschnitten-500-x-600-Pixel.png\" class=\"attachment-full size-full wp-image-15457\" alt=\"\" srcset=\"https:\/\/tal.ch\/wp-content\/uploads\/2025\/03\/Bild-Eveline-Waldburger-zugeschnitten-500-x-600-Pixel.png 500w, https:\/\/tal.ch\/wp-content\/uploads\/2025\/03\/Bild-Eveline-Waldburger-zugeschnitten-500-x-600-Pixel-250x300.png 250w, https:\/\/tal.ch\/wp-content\/uploads\/2025\/03\/Bild-Eveline-Waldburger-zugeschnitten-500-x-600-Pixel-10x12.png 10w\" sizes=\"(max-width: 500px) 100vw, 500px\" \/>\t\t\t\t\t\t\t\t\t\t\t\t\t\t\t<\/div>\n\t\t\t\t<div class=\"elementor-element elementor-element-8c46fbd elementor-widget elementor-widget-text-editor\" data-id=\"8c46fbd\" data-element_type=\"widget\" data-e-type=\"widget\" data-widget_type=\"text-editor.default\">\n\t\t\t\t\t\t\t\t\t<p><b>Eveline Waldburger<br \/><\/b>Pharmaceutical assistant and homeopath<br \/><b><\/b><a href=\"https:\/\/ihre-apotheke.ch\/de\/1445\/st-gallen\/amavita-apotheke-gallusmarkt-galenicare-ag\" target=\"_blank\" rel=\"noopener\"><span style=\"color: #000000;\"><u>Amavita pharmacy Gallusmarkt<\/u><\/span><\/a><\/p>\t\t\t\t\t\t\t\t<\/div>\n\t\t\t\t<\/div>\n\t\t<div class=\"elementor-element elementor-element-4908ee0 e-con-full e-flex wpr-particle-no wpr-jarallax-no wpr-parallax-no wpr-sticky-section-no wpr-equal-height-no e-con e-child\" data-id=\"4908ee0\" data-element_type=\"container\" data-e-type=\"container\">\n\t\t\t\t<div class=\"elementor-element elementor-element-575dab5 elementor-widget elementor-widget-text-editor\" data-id=\"575dab5\" data-element_type=\"widget\" data-e-type=\"widget\" data-widget_type=\"text-editor.default\">\n\t\t\t\t\t\t\t\t\t<p><strong>What do you think Tal stands for?<\/strong><br \/>Quality, effectiveness, long proven and Swissmade.<\/p><p><strong>What do you think makes Tal special?<br \/><\/strong>The cream is well absorbed without being greasy, is highly effective and the tube feels very good in the hand (hand flatterer). It is available perfumed and unscented.<\/p><p><strong>Which valley product is working particularly well for you?<\/strong><br \/>Tal MED repair is available exclusively in 75 and 150 ml sizes.<\/p><p><strong>What feedback do you receive from your customers about Tal products?<\/strong>Customers are very satisfied and remain loyal to the hand cream.<\/p>\t\t\t\t\t\t\t\t<\/div>\n\t\t\t\t<\/div>\n\t\t\t\t\t<\/div>\n\t\t\t\t<\/div>\n\t\t<div class=\"elementor-element elementor-element-8610fe4 e-flex e-con-boxed wpr-particle-no wpr-jarallax-no wpr-parallax-no wpr-sticky-section-no wpr-equal-height-no e-con e-parent\" data-id=\"8610fe4\" data-element_type=\"container\" data-e-type=\"container\">\n\t\t\t\t\t<div class=\"e-con-inner\">\n\t\t\t\t<div class=\"elementor-element elementor-element-e8aa85f elementor-widget elementor-widget-spacer\" data-id=\"e8aa85f\" data-element_type=\"widget\" data-e-type=\"widget\" data-widget_type=\"spacer.default\">\n\t\t\t\t\t\t\t<div class=\"elementor-spacer\">\n\t\t\t<div class=\"elementor-spacer-inner\"><\/div>\n\t\t<\/div>\n\t\t\t\t\t\t<\/div>\n\t\t\t\t\t<\/div>\n\t\t\t\t<\/div>\n\t\t\t\t<\/div>","protected":false},"excerpt":{"rendered":"<p>Eveline WaldburgerPharmacy assistant and homeopathAmavita Apotheke Gallusmarkt What do you think Tal stands for:Quality, effectiveness, long proven and Swissmade. In your opinion, what makes Tal so special? the cream is well absorbed without being greasy, is highly effective and the tube feels very good in the hand (it is pleasant to hold). It is available perfumed and unscented. Which Tal product are you particularly fond of? the Tal MED repair exclusive in the 75 and 150 ml sizes. What feedback do you get from your customers about Tal products? Customers are very satisfied and remain loyal to the hand cream.<\/p>","protected":false},"author":2,"featured_media":0,"parent":0,"menu_order":35,"comment_status":"closed","ping_status":"closed","template":"elementor_header_footer","meta":{"footnotes":""},"tags":[],"class_list":["post-15455","page","type-page","status-publish","hentry"],"yoast_head":"<!-- This site is optimized with the Yoast SEO plugin v27.4 - https:\/\/yoast.com\/product\/yoast-seo-wordpress\/ -->\n<title>Eveline Waldburger - Tal<\/title>\n<meta name=\"robots\" content=\"index, follow, max-snippet:-1, max-image-preview:large, max-video-preview:-1\" \/>\n<link rel=\"canonical\" href=\"https:\/\/tal.ch\/en\/eveline-waldburger\/\" \/>\n<meta property=\"og:locale\" content=\"en_GB\" \/>\n<meta property=\"og:type\" content=\"article\" \/>\n<meta property=\"og:title\" content=\"Eveline Waldburger - Tal\" \/>\n<meta property=\"og:description\" content=\"Eveline WaldburgerPharma-Assistentin und Hom\u00f6opathinAmavita Apotheke Gallusmarkt Wof\u00fcr steht Tal Ihrer Meinung nach?Qualit\u00e4t, Wirksamkeit, lange bew\u00e4hrt und Swissmade. Was macht Tal Ihrer Meinung nach besonders?Die Creme zieht gut ein ohne zu fetten, hat eine hohe Wirksamkeit und die Tube f\u00fchlt sich in der Hand sehr gut an (Handschmeichler). Es gibt sie parf\u00fcmiert und unparf\u00fcmiert. Welches Tal-Produkt l\u00e4uft bei Ihnen besonders gut?Die Tal MED\u00a0 repair exklusiv in den Gr\u00f6ssen 75 und 150 ml. Welche R\u00fcckmeldungen erhalten Sie von Ihren Kundinnen und Kunden zu Tal-Produkten?Die Kundinnen und Kunden sind sehr zufrieden und bleiben der Handcr\u00e8me treu.\" \/>\n<meta property=\"og:url\" content=\"https:\/\/tal.ch\/en\/eveline-waldburger\/\" \/>\n<meta property=\"og:site_name\" content=\"Tal\" \/>\n<meta property=\"article:publisher\" content=\"https:\/\/www.facebook.com\/tal.schweiz\/\" \/>\n<meta property=\"article:modified_time\" content=\"2026-04-16T06:04:32+00:00\" \/>\n<meta property=\"og:image\" content=\"https:\/\/tal.ch\/wp-content\/uploads\/2025\/03\/Bild-Eveline-Waldburger-zugeschnitten-500-x-600-Pixel.png\" \/>\n\t<meta property=\"og:image:width\" content=\"500\" \/>\n\t<meta property=\"og:image:height\" content=\"600\" \/>\n\t<meta property=\"og:image:type\" content=\"image\/png\" \/>\n<meta name=\"twitter:card\" content=\"summary_large_image\" \/>\n<meta name=\"twitter:label1\" content=\"Estimated reading time\" \/>\n\t<meta name=\"twitter:data1\" content=\"1 minute\" \/>\n<script type=\"application\/ld+json\" class=\"yoast-schema-graph\">{\"@context\":\"https:\\\/\\\/schema.org\",\"@graph\":[{\"@type\":\"WebPage\",\"@id\":\"https:\\\/\\\/tal.ch\\\/eveline-waldburger\\\/\",\"url\":\"https:\\\/\\\/tal.ch\\\/eveline-waldburger\\\/\",\"name\":\"Eveline Waldburger - Tal\",\"isPartOf\":{\"@id\":\"https:\\\/\\\/tal.ch\\\/#website\"},\"primaryImageOfPage\":{\"@id\":\"https:\\\/\\\/tal.ch\\\/eveline-waldburger\\\/#primaryimage\"},\"image\":{\"@id\":\"https:\\\/\\\/tal.ch\\\/eveline-waldburger\\\/#primaryimage\"},\"thumbnailUrl\":\"https:\\\/\\\/tal.ch\\\/wp-content\\\/uploads\\\/2025\\\/03\\\/Bild-Eveline-Waldburger-zugeschnitten-500-x-600-Pixel.png\",\"datePublished\":\"2025-03-27T13:23:04+00:00\",\"dateModified\":\"2026-04-16T06:04:32+00:00\",\"breadcrumb\":{\"@id\":\"https:\\\/\\\/tal.ch\\\/eveline-waldburger\\\/#breadcrumb\"},\"inLanguage\":\"en-GB\",\"potentialAction\":[{\"@type\":\"ReadAction\",\"target\":[\"https:\\\/\\\/tal.ch\\\/eveline-waldburger\\\/\"]}]},{\"@type\":\"ImageObject\",\"inLanguage\":\"en-GB\",\"@id\":\"https:\\\/\\\/tal.ch\\\/eveline-waldburger\\\/#primaryimage\",\"url\":\"https:\\\/\\\/tal.ch\\\/wp-content\\\/uploads\\\/2025\\\/03\\\/Bild-Eveline-Waldburger-zugeschnitten-500-x-600-Pixel.png\",\"contentUrl\":\"https:\\\/\\\/tal.ch\\\/wp-content\\\/uploads\\\/2025\\\/03\\\/Bild-Eveline-Waldburger-zugeschnitten-500-x-600-Pixel.png\"},{\"@type\":\"BreadcrumbList\",\"@id\":\"https:\\\/\\\/tal.ch\\\/eveline-waldburger\\\/#breadcrumb\",\"itemListElement\":[{\"@type\":\"ListItem\",\"position\":1,\"name\":\"Startseite\",\"item\":\"https:\\\/\\\/tal.ch\\\/\"},{\"@type\":\"ListItem\",\"position\":2,\"name\":\"Eveline Waldburger\"}]},{\"@type\":\"WebSite\",\"@id\":\"https:\\\/\\\/tal.ch\\\/#website\",\"url\":\"https:\\\/\\\/tal.ch\\\/\",\"name\":\"Tal\",\"description\":\"Pflanzenextrakte von h\u00f6chster Qualit\u00e4t\",\"publisher\":{\"@id\":\"https:\\\/\\\/tal.ch\\\/#organization\"},\"potentialAction\":[{\"@type\":\"SearchAction\",\"target\":{\"@type\":\"EntryPoint\",\"urlTemplate\":\"https:\\\/\\\/tal.ch\\\/?s={search_term_string}\"},\"query-input\":{\"@type\":\"PropertyValueSpecification\",\"valueRequired\":true,\"valueName\":\"search_term_string\"}}],\"inLanguage\":\"en-GB\"},{\"@type\":\"Organization\",\"@id\":\"https:\\\/\\\/tal.ch\\\/#organization\",\"name\":\"Tal\",\"url\":\"https:\\\/\\\/tal.ch\\\/\",\"logo\":{\"@type\":\"ImageObject\",\"inLanguage\":\"en-GB\",\"@id\":\"https:\\\/\\\/tal.ch\\\/#\\\/schema\\\/logo\\\/image\\\/\",\"url\":\"https:\\\/\\\/tal.ch\\\/wp-content\\\/uploads\\\/2024\\\/02\\\/Logo-Tal.png\",\"contentUrl\":\"https:\\\/\\\/tal.ch\\\/wp-content\\\/uploads\\\/2024\\\/02\\\/Logo-Tal.png\",\"width\":100,\"height\":157,\"caption\":\"Tal\"},\"image\":{\"@id\":\"https:\\\/\\\/tal.ch\\\/#\\\/schema\\\/logo\\\/image\\\/\"},\"sameAs\":[\"https:\\\/\\\/www.facebook.com\\\/tal.schweiz\\\/\"]}]}<\/script>\n<!-- \/ Yoast SEO plugin. -->","yoast_head_json":{"title":"Eveline Waldburger - Tal","robots":{"index":"index","follow":"follow","max-snippet":"max-snippet:-1","max-image-preview":"max-image-preview:large","max-video-preview":"max-video-preview:-1"},"canonical":"https:\/\/tal.ch\/en\/eveline-waldburger\/","og_locale":"en_GB","og_type":"article","og_title":"Eveline Waldburger - Tal","og_description":"Eveline WaldburgerPharma-Assistentin und Hom\u00f6opathinAmavita Apotheke Gallusmarkt Wof\u00fcr steht Tal Ihrer Meinung nach?Qualit\u00e4t, Wirksamkeit, lange bew\u00e4hrt und Swissmade. Was macht Tal Ihrer Meinung nach besonders?Die Creme zieht gut ein ohne zu fetten, hat eine hohe Wirksamkeit und die Tube f\u00fchlt sich in der Hand sehr gut an (Handschmeichler). Es gibt sie parf\u00fcmiert und unparf\u00fcmiert. Welches Tal-Produkt l\u00e4uft bei Ihnen besonders gut?Die Tal MED\u00a0 repair exklusiv in den Gr\u00f6ssen 75 und 150 ml. Welche R\u00fcckmeldungen erhalten Sie von Ihren Kundinnen und Kunden zu Tal-Produkten?Die Kundinnen und Kunden sind sehr zufrieden und bleiben der Handcr\u00e8me treu.","og_url":"https:\/\/tal.ch\/en\/eveline-waldburger\/","og_site_name":"Tal","article_publisher":"https:\/\/www.facebook.com\/tal.schweiz\/","article_modified_time":"2026-04-16T06:04:32+00:00","og_image":[{"width":500,"height":600,"url":"https:\/\/tal.ch\/wp-content\/uploads\/2025\/03\/Bild-Eveline-Waldburger-zugeschnitten-500-x-600-Pixel.png","type":"image\/png"}],"twitter_card":"summary_large_image","twitter_misc":{"Estimated reading time":"1 minute"},"schema":{"@context":"https:\/\/schema.org","@graph":[{"@type":"WebPage","@id":"https:\/\/tal.ch\/eveline-waldburger\/","url":"https:\/\/tal.ch\/eveline-waldburger\/","name":"Eveline Waldburger - Tal","isPartOf":{"@id":"https:\/\/tal.ch\/#website"},"primaryImageOfPage":{"@id":"https:\/\/tal.ch\/eveline-waldburger\/#primaryimage"},"image":{"@id":"https:\/\/tal.ch\/eveline-waldburger\/#primaryimage"},"thumbnailUrl":"https:\/\/tal.ch\/wp-content\/uploads\/2025\/03\/Bild-Eveline-Waldburger-zugeschnitten-500-x-600-Pixel.png","datePublished":"2025-03-27T13:23:04+00:00","dateModified":"2026-04-16T06:04:32+00:00","breadcrumb":{"@id":"https:\/\/tal.ch\/eveline-waldburger\/#breadcrumb"},"inLanguage":"en-GB","potentialAction":[{"@type":"ReadAction","target":["https:\/\/tal.ch\/eveline-waldburger\/"]}]},{"@type":"ImageObject","inLanguage":"en-GB","@id":"https:\/\/tal.ch\/eveline-waldburger\/#primaryimage","url":"https:\/\/tal.ch\/wp-content\/uploads\/2025\/03\/Bild-Eveline-Waldburger-zugeschnitten-500-x-600-Pixel.png","contentUrl":"https:\/\/tal.ch\/wp-content\/uploads\/2025\/03\/Bild-Eveline-Waldburger-zugeschnitten-500-x-600-Pixel.png"},{"@type":"BreadcrumbList","@id":"https:\/\/tal.ch\/eveline-waldburger\/#breadcrumb","itemListElement":[{"@type":"ListItem","position":1,"name":"Startseite","item":"https:\/\/tal.ch\/"},{"@type":"ListItem","position":2,"name":"Eveline Waldburger"}]},{"@type":"WebSite","@id":"https:\/\/tal.ch\/#website","url":"https:\/\/tal.ch\/","name":"Valley","description":"Plant extracts of the highest quality","publisher":{"@id":"https:\/\/tal.ch\/#organization"},"potentialAction":[{"@type":"SearchAction","target":{"@type":"EntryPoint","urlTemplate":"https:\/\/tal.ch\/?s={search_term_string}"},"query-input":{"@type":"PropertyValueSpecification","valueRequired":true,"valueName":"search_term_string"}}],"inLanguage":"en-GB"},{"@type":"Organization","@id":"https:\/\/tal.ch\/#organization","name":"Valley","url":"https:\/\/tal.ch\/","logo":{"@type":"ImageObject","inLanguage":"en-GB","@id":"https:\/\/tal.ch\/#\/schema\/logo\/image\/","url":"https:\/\/tal.ch\/wp-content\/uploads\/2024\/02\/Logo-Tal.png","contentUrl":"https:\/\/tal.ch\/wp-content\/uploads\/2024\/02\/Logo-Tal.png","width":100,"height":157,"caption":"Tal"},"image":{"@id":"https:\/\/tal.ch\/#\/schema\/logo\/image\/"},"sameAs":["https:\/\/www.facebook.com\/tal.schweiz\/"]}]}},"_links":{"self":[{"href":"https:\/\/tal.ch\/en\/wp-json\/wp\/v2\/pages\/15455","targetHints":{"allow":["GET"]}}],"collection":[{"href":"https:\/\/tal.ch\/en\/wp-json\/wp\/v2\/pages"}],"about":[{"href":"https:\/\/tal.ch\/en\/wp-json\/wp\/v2\/types\/page"}],"author":[{"embeddable":true,"href":"https:\/\/tal.ch\/en\/wp-json\/wp\/v2\/users\/2"}],"replies":[{"embeddable":true,"href":"https:\/\/tal.ch\/en\/wp-json\/wp\/v2\/comments?post=15455"}],"version-history":[{"count":10,"href":"https:\/\/tal.ch\/en\/wp-json\/wp\/v2\/pages\/15455\/revisions"}],"predecessor-version":[{"id":15553,"href":"https:\/\/tal.ch\/en\/wp-json\/wp\/v2\/pages\/15455\/revisions\/15553"}],"wp:attachment":[{"href":"https:\/\/tal.ch\/en\/wp-json\/wp\/v2\/media?parent=15455"}],"wp:term":[{"taxonomy":"post_tag","embeddable":true,"href":"https:\/\/tal.ch\/en\/wp-json\/wp\/v2\/tags?post=15455"}],"curies":[{"name":"wp","href":"https:\/\/api.w.org\/{rel}","templated":true}]}}