{"id":16516,"date":"2026-02-23T07:51:35","date_gmt":"2026-02-23T07:51:35","guid":{"rendered":"https:\/\/tal.ch\/?page_id=16516"},"modified":"2026-02-23T08:10:34","modified_gmt":"2026-02-23T08:10:34","slug":"nathalie-bucher","status":"publish","type":"page","link":"https:\/\/tal.ch\/en\/nathalie-bucher\/","title":{"rendered":"Nathalie Bucher"},"content":{"rendered":"<div data-elementor-type=\"wp-page\" data-elementor-id=\"16516\" class=\"elementor elementor-16516\" data-elementor-post-type=\"page\">\n\t\t\t\t<div class=\"elementor-element elementor-element-5c9a351 e-flex e-con-boxed wpr-particle-no wpr-jarallax-no wpr-parallax-no wpr-sticky-section-no e-con e-parent\" data-id=\"5c9a351\" data-element_type=\"container\">\n\t\t\t\t\t<div class=\"e-con-inner\">\n\t\t\t\t<div class=\"elementor-element elementor-element-ea767c1 elementor-widget elementor-widget-spacer\" data-id=\"ea767c1\" data-element_type=\"widget\" data-widget_type=\"spacer.default\">\n\t\t\t\t\t\t\t<div class=\"elementor-spacer\">\n\t\t\t<div class=\"elementor-spacer-inner\"><\/div>\n\t\t<\/div>\n\t\t\t\t\t\t<\/div>\n\t\t\t\t\t<\/div>\n\t\t\t\t<\/div>\n\t\t<div class=\"elementor-element elementor-element-1cd01fa e-flex e-con-boxed wpr-particle-no wpr-jarallax-no wpr-parallax-no wpr-sticky-section-no e-con e-parent\" data-id=\"1cd01fa\" data-element_type=\"container\">\n\t\t\t\t\t<div class=\"e-con-inner\">\n\t\t<div class=\"elementor-element elementor-element-8f9b0ae e-con-full e-flex wpr-particle-no wpr-jarallax-no wpr-parallax-no wpr-sticky-section-no e-con e-child\" data-id=\"8f9b0ae\" data-element_type=\"container\">\n\t\t\t\t<div class=\"elementor-element elementor-element-5bb9304 elementor-widget elementor-widget-image\" data-id=\"5bb9304\" data-element_type=\"widget\" data-widget_type=\"image.default\">\n\t\t\t\t\t\t\t\t\t\t\t\t\t\t\t<img fetchpriority=\"high\" decoding=\"async\" width=\"1026\" height=\"1367\" src=\"https:\/\/tal.ch\/wp-content\/uploads\/2026\/02\/Nathalie-Bucher-Testimonial-Tal.jpg\" class=\"attachment-full size-full wp-image-16521\" alt=\"\" srcset=\"https:\/\/tal.ch\/wp-content\/uploads\/2026\/02\/Nathalie-Bucher-Testimonial-Tal.jpg 1026w, https:\/\/tal.ch\/wp-content\/uploads\/2026\/02\/Nathalie-Bucher-Testimonial-Tal-225x300.jpg 225w, https:\/\/tal.ch\/wp-content\/uploads\/2026\/02\/Nathalie-Bucher-Testimonial-Tal-769x1024.jpg 769w, https:\/\/tal.ch\/wp-content\/uploads\/2026\/02\/Nathalie-Bucher-Testimonial-Tal-768x1023.jpg 768w, https:\/\/tal.ch\/wp-content\/uploads\/2026\/02\/Nathalie-Bucher-Testimonial-Tal-9x12.jpg 9w, https:\/\/tal.ch\/wp-content\/uploads\/2026\/02\/Nathalie-Bucher-Testimonial-Tal-600x799.jpg 600w\" sizes=\"(max-width: 1026px) 100vw, 1026px\" \/>\t\t\t\t\t\t\t\t\t\t\t\t\t\t\t<\/div>\n\t\t\t\t<div class=\"elementor-element elementor-element-8c46fbd elementor-widget elementor-widget-text-editor\" data-id=\"8c46fbd\" data-element_type=\"widget\" data-widget_type=\"text-editor.default\">\n\t\t\t\t\t\t\t\t\t<p><strong>Nathalie Bucher<br \/><\/strong>Pharmaceutical Operations Assistant and Deputy Managing Director<\/p><p><a href=\"https:\/\/www.coopvitality.ch\/de\/apotheke-finden\/coop-vitality-kriens-pilatus-markt\"><span style=\"color: #000000;\"><u>Coop Vitality Pharmacy Kriens Pilatusmarkt (LU)<\/u><\/span><\/a><\/p>\t\t\t\t\t\t\t\t<\/div>\n\t\t\t\t<\/div>\n\t\t<div class=\"elementor-element elementor-element-4908ee0 e-con-full e-flex wpr-particle-no wpr-jarallax-no wpr-parallax-no wpr-sticky-section-no e-con e-child\" data-id=\"4908ee0\" data-element_type=\"container\">\n\t\t\t\t<div class=\"elementor-element elementor-element-575dab5 elementor-widget elementor-widget-text-editor\" data-id=\"575dab5\" data-element_type=\"widget\" data-widget_type=\"text-editor.default\">\n\t\t\t\t\t\t\t\t\t<p><strong>What do you think Tal stands for?<\/strong><br \/>For me, the Tal brand stands for high-quality, tried-and-tested skincare products.<\/p><p><strong>What do you think makes Tal special?<br \/><\/strong>As a traditional Swiss company, Tal manufactures its products with local ingredients.<\/p><p><strong>Which valley product is working particularly well for you?<\/strong><br \/>The original Med Repair hand cream is our best-selling product. Many customers specifically ask for it and we are also very happy to recommend it based on our positive experiences.<\/p><p><strong>What feedback do you receive from your customers about Tal products?<\/strong><br \/>Our customers particularly appreciate the pleasant textures of the products. For example, the Tal hand cream is often praised for its quick absorption, while at the same time providing the skin with intensive moisturisation and lasting care.<\/p>\t\t\t\t\t\t\t\t<\/div>\n\t\t\t\t<\/div>\n\t\t\t\t\t<\/div>\n\t\t\t\t<\/div>\n\t\t<div class=\"elementor-element elementor-element-8610fe4 e-flex e-con-boxed wpr-particle-no wpr-jarallax-no wpr-parallax-no wpr-sticky-section-no e-con e-parent\" data-id=\"8610fe4\" data-element_type=\"container\">\n\t\t\t\t\t<div class=\"e-con-inner\">\n\t\t\t\t<div class=\"elementor-element elementor-element-e8aa85f elementor-widget elementor-widget-spacer\" data-id=\"e8aa85f\" data-element_type=\"widget\" data-widget_type=\"spacer.default\">\n\t\t\t\t\t\t\t<div class=\"elementor-spacer\">\n\t\t\t<div class=\"elementor-spacer-inner\"><\/div>\n\t\t<\/div>\n\t\t\t\t\t\t<\/div>\n\t\t\t\t\t<\/div>\n\t\t\t\t<\/div>\n\t\t\t\t<\/div>","protected":false},"excerpt":{"rendered":"<p>Nathalie BucherPharma Operations Assistant and Deputy Managing Director Coop Vitality Apotheke Kriens Pilatusmarkt (LU) What do you think Tal stands for? For me, the Tal brand stands for high-quality, tried-and-tested skincare products. What do you think makes Tal special? as a traditional Swiss company, Tal manufactures its products with local ingredients. Which Tal product is doing particularly well for you? The original Med Repair hand cream is our best-selling product. Many customers specifically ask for it, and we are also very happy to recommend it based on our positive experience. What feedback do you receive from your customers about Tal products? our customers particularly appreciate the pleasant textures of the products. For example, the Tal hand cream is often praised for its quick absorption, while at the same time providing the skin with intensive moisturisation and lasting care.<\/p>","protected":false},"author":2,"featured_media":0,"parent":0,"menu_order":12,"comment_status":"closed","ping_status":"closed","template":"elementor_header_footer","meta":{"footnotes":""},"tags":[],"class_list":["post-16516","page","type-page","status-publish","hentry"],"yoast_head":"<!-- This site is optimized with the Yoast SEO plugin v26.8 - https:\/\/yoast.com\/product\/yoast-seo-wordpress\/ -->\n<title>Nathalie Bucher - Tal<\/title>\n<meta name=\"robots\" content=\"index, follow, max-snippet:-1, max-image-preview:large, max-video-preview:-1\" \/>\n<link rel=\"canonical\" href=\"https:\/\/tal.ch\/en\/nathalie-bucher\/\" \/>\n<meta property=\"og:locale\" content=\"en_GB\" \/>\n<meta property=\"og:type\" content=\"article\" \/>\n<meta property=\"og:title\" content=\"Nathalie Bucher - Tal\" \/>\n<meta property=\"og:description\" content=\"Nathalie BucherPharma-Betriebsassistentin und Stv. Gesch\u00e4ftsf\u00fchrerin Coop Vitality Apotheke Kriens Pilatusmarkt (LU) Wof\u00fcr steht Tal Ihrer Meinung nach?Die Marke Tal steht f\u00fcr mich f\u00fcr qualitativ hochwertige und bew\u00e4hrte Hautpflegeprodukte. Was macht Tal Ihrer Meinung nach besonders?Als traditionsreiches Schweizer Unternehmen stellt Tal ihre Produkte mit lokalen Inhaltsstoffen her. Welches Tal-Produkt l\u00e4uft bei Ihnen besonders gut?Die Original Handcreme Med Repair ist bei uns das meistverkaufte Produkt. Viele Kundinnen und Kunden fragen gezielt danach, und auch wir empfehlen sie, aufgrund unserer positiven Erfahrungen sehr gerne. Welche R\u00fcckmeldungen erhalten Sie von Ihren Kundinnen und Kunden zu Tal-Produkten?Unsere Kundinnen und Kunden sch\u00e4tzen besonders die angenehmen Texturen der Produkte. Beispielsweise wird die Tal Handcreme h\u00e4ufig f\u00fcr ihr schnelles Einziehen gelobt, w\u00e4hrend sie die Haut gleichzeitig intensiv mit Feuchtigkeit versorgt und nachhaltig pflegt.\" \/>\n<meta property=\"og:url\" content=\"https:\/\/tal.ch\/en\/nathalie-bucher\/\" \/>\n<meta property=\"og:site_name\" content=\"Tal\" \/>\n<meta property=\"article:publisher\" content=\"https:\/\/www.facebook.com\/tal.schweiz\/\" \/>\n<meta property=\"article:modified_time\" content=\"2026-02-23T08:10:34+00:00\" \/>\n<meta property=\"og:image\" content=\"https:\/\/tal.ch\/wp-content\/uploads\/2026\/02\/Nathalie-Bucher-Testimonial-Tal.jpg\" \/>\n\t<meta property=\"og:image:width\" content=\"1026\" \/>\n\t<meta property=\"og:image:height\" content=\"1367\" \/>\n\t<meta property=\"og:image:type\" content=\"image\/jpeg\" \/>\n<meta name=\"twitter:card\" content=\"summary_large_image\" \/>\n<meta name=\"twitter:label1\" content=\"Estimated reading time\" \/>\n\t<meta name=\"twitter:data1\" content=\"1 minute\" \/>\n<script type=\"application\/ld+json\" class=\"yoast-schema-graph\">{\"@context\":\"https:\/\/schema.org\",\"@graph\":[{\"@type\":\"WebPage\",\"@id\":\"https:\/\/tal.ch\/nathalie-bucher\/\",\"url\":\"https:\/\/tal.ch\/nathalie-bucher\/\",\"name\":\"Nathalie Bucher - Tal\",\"isPartOf\":{\"@id\":\"https:\/\/tal.ch\/#website\"},\"primaryImageOfPage\":{\"@id\":\"https:\/\/tal.ch\/nathalie-bucher\/#primaryimage\"},\"image\":{\"@id\":\"https:\/\/tal.ch\/nathalie-bucher\/#primaryimage\"},\"thumbnailUrl\":\"https:\/\/tal.ch\/wp-content\/uploads\/2026\/02\/Nathalie-Bucher-Testimonial-Tal.jpg\",\"datePublished\":\"2026-02-23T07:51:35+00:00\",\"dateModified\":\"2026-02-23T08:10:34+00:00\",\"breadcrumb\":{\"@id\":\"https:\/\/tal.ch\/nathalie-bucher\/#breadcrumb\"},\"inLanguage\":\"en-GB\",\"potentialAction\":[{\"@type\":\"ReadAction\",\"target\":[\"https:\/\/tal.ch\/nathalie-bucher\/\"]}]},{\"@type\":\"ImageObject\",\"inLanguage\":\"en-GB\",\"@id\":\"https:\/\/tal.ch\/nathalie-bucher\/#primaryimage\",\"url\":\"https:\/\/tal.ch\/wp-content\/uploads\/2026\/02\/Nathalie-Bucher-Testimonial-Tal.jpg\",\"contentUrl\":\"https:\/\/tal.ch\/wp-content\/uploads\/2026\/02\/Nathalie-Bucher-Testimonial-Tal.jpg\"},{\"@type\":\"BreadcrumbList\",\"@id\":\"https:\/\/tal.ch\/nathalie-bucher\/#breadcrumb\",\"itemListElement\":[{\"@type\":\"ListItem\",\"position\":1,\"name\":\"Startseite\",\"item\":\"https:\/\/tal.ch\/\"},{\"@type\":\"ListItem\",\"position\":2,\"name\":\"Nathalie Bucher\"}]},{\"@type\":\"WebSite\",\"@id\":\"https:\/\/tal.ch\/#website\",\"url\":\"https:\/\/tal.ch\/\",\"name\":\"Tal\",\"description\":\"Pflanzenextrakte von h\u00f6chster Qualit\u00e4t\",\"publisher\":{\"@id\":\"https:\/\/tal.ch\/#organization\"},\"potentialAction\":[{\"@type\":\"SearchAction\",\"target\":{\"@type\":\"EntryPoint\",\"urlTemplate\":\"https:\/\/tal.ch\/?s={search_term_string}\"},\"query-input\":{\"@type\":\"PropertyValueSpecification\",\"valueRequired\":true,\"valueName\":\"search_term_string\"}}],\"inLanguage\":\"en-GB\"},{\"@type\":\"Organization\",\"@id\":\"https:\/\/tal.ch\/#organization\",\"name\":\"Tal\",\"url\":\"https:\/\/tal.ch\/\",\"logo\":{\"@type\":\"ImageObject\",\"inLanguage\":\"en-GB\",\"@id\":\"https:\/\/tal.ch\/#\/schema\/logo\/image\/\",\"url\":\"https:\/\/tal.ch\/wp-content\/uploads\/2024\/02\/Logo-Tal.png\",\"contentUrl\":\"https:\/\/tal.ch\/wp-content\/uploads\/2024\/02\/Logo-Tal.png\",\"width\":100,\"height\":157,\"caption\":\"Tal\"},\"image\":{\"@id\":\"https:\/\/tal.ch\/#\/schema\/logo\/image\/\"},\"sameAs\":[\"https:\/\/www.facebook.com\/tal.schweiz\/\"]}]}<\/script>\n<!-- \/ Yoast SEO plugin. -->","yoast_head_json":{"title":"Nathalie Bucher - Tal","robots":{"index":"index","follow":"follow","max-snippet":"max-snippet:-1","max-image-preview":"max-image-preview:large","max-video-preview":"max-video-preview:-1"},"canonical":"https:\/\/tal.ch\/en\/nathalie-bucher\/","og_locale":"en_GB","og_type":"article","og_title":"Nathalie Bucher - Tal","og_description":"Nathalie BucherPharma-Betriebsassistentin und Stv. Gesch\u00e4ftsf\u00fchrerin Coop Vitality Apotheke Kriens Pilatusmarkt (LU) Wof\u00fcr steht Tal Ihrer Meinung nach?Die Marke Tal steht f\u00fcr mich f\u00fcr qualitativ hochwertige und bew\u00e4hrte Hautpflegeprodukte. Was macht Tal Ihrer Meinung nach besonders?Als traditionsreiches Schweizer Unternehmen stellt Tal ihre Produkte mit lokalen Inhaltsstoffen her. Welches Tal-Produkt l\u00e4uft bei Ihnen besonders gut?Die Original Handcreme Med Repair ist bei uns das meistverkaufte Produkt. Viele Kundinnen und Kunden fragen gezielt danach, und auch wir empfehlen sie, aufgrund unserer positiven Erfahrungen sehr gerne. Welche R\u00fcckmeldungen erhalten Sie von Ihren Kundinnen und Kunden zu Tal-Produkten?Unsere Kundinnen und Kunden sch\u00e4tzen besonders die angenehmen Texturen der Produkte. Beispielsweise wird die Tal Handcreme h\u00e4ufig f\u00fcr ihr schnelles Einziehen gelobt, w\u00e4hrend sie die Haut gleichzeitig intensiv mit Feuchtigkeit versorgt und nachhaltig pflegt.","og_url":"https:\/\/tal.ch\/en\/nathalie-bucher\/","og_site_name":"Tal","article_publisher":"https:\/\/www.facebook.com\/tal.schweiz\/","article_modified_time":"2026-02-23T08:10:34+00:00","og_image":[{"width":1026,"height":1367,"url":"https:\/\/tal.ch\/wp-content\/uploads\/2026\/02\/Nathalie-Bucher-Testimonial-Tal.jpg","type":"image\/jpeg"}],"twitter_card":"summary_large_image","twitter_misc":{"Estimated reading time":"1 minute"},"schema":{"@context":"https:\/\/schema.org","@graph":[{"@type":"WebPage","@id":"https:\/\/tal.ch\/nathalie-bucher\/","url":"https:\/\/tal.ch\/nathalie-bucher\/","name":"Nathalie Bucher - Tal","isPartOf":{"@id":"https:\/\/tal.ch\/#website"},"primaryImageOfPage":{"@id":"https:\/\/tal.ch\/nathalie-bucher\/#primaryimage"},"image":{"@id":"https:\/\/tal.ch\/nathalie-bucher\/#primaryimage"},"thumbnailUrl":"https:\/\/tal.ch\/wp-content\/uploads\/2026\/02\/Nathalie-Bucher-Testimonial-Tal.jpg","datePublished":"2026-02-23T07:51:35+00:00","dateModified":"2026-02-23T08:10:34+00:00","breadcrumb":{"@id":"https:\/\/tal.ch\/nathalie-bucher\/#breadcrumb"},"inLanguage":"en-GB","potentialAction":[{"@type":"ReadAction","target":["https:\/\/tal.ch\/nathalie-bucher\/"]}]},{"@type":"ImageObject","inLanguage":"en-GB","@id":"https:\/\/tal.ch\/nathalie-bucher\/#primaryimage","url":"https:\/\/tal.ch\/wp-content\/uploads\/2026\/02\/Nathalie-Bucher-Testimonial-Tal.jpg","contentUrl":"https:\/\/tal.ch\/wp-content\/uploads\/2026\/02\/Nathalie-Bucher-Testimonial-Tal.jpg"},{"@type":"BreadcrumbList","@id":"https:\/\/tal.ch\/nathalie-bucher\/#breadcrumb","itemListElement":[{"@type":"ListItem","position":1,"name":"Startseite","item":"https:\/\/tal.ch\/"},{"@type":"ListItem","position":2,"name":"Nathalie Bucher"}]},{"@type":"WebSite","@id":"https:\/\/tal.ch\/#website","url":"https:\/\/tal.ch\/","name":"Valley","description":"Plant extracts of the highest quality","publisher":{"@id":"https:\/\/tal.ch\/#organization"},"potentialAction":[{"@type":"SearchAction","target":{"@type":"EntryPoint","urlTemplate":"https:\/\/tal.ch\/?s={search_term_string}"},"query-input":{"@type":"PropertyValueSpecification","valueRequired":true,"valueName":"search_term_string"}}],"inLanguage":"en-GB"},{"@type":"Organization","@id":"https:\/\/tal.ch\/#organization","name":"Valley","url":"https:\/\/tal.ch\/","logo":{"@type":"ImageObject","inLanguage":"en-GB","@id":"https:\/\/tal.ch\/#\/schema\/logo\/image\/","url":"https:\/\/tal.ch\/wp-content\/uploads\/2024\/02\/Logo-Tal.png","contentUrl":"https:\/\/tal.ch\/wp-content\/uploads\/2024\/02\/Logo-Tal.png","width":100,"height":157,"caption":"Tal"},"image":{"@id":"https:\/\/tal.ch\/#\/schema\/logo\/image\/"},"sameAs":["https:\/\/www.facebook.com\/tal.schweiz\/"]}]}},"_links":{"self":[{"href":"https:\/\/tal.ch\/en\/wp-json\/wp\/v2\/pages\/16516","targetHints":{"allow":["GET"]}}],"collection":[{"href":"https:\/\/tal.ch\/en\/wp-json\/wp\/v2\/pages"}],"about":[{"href":"https:\/\/tal.ch\/en\/wp-json\/wp\/v2\/types\/page"}],"author":[{"embeddable":true,"href":"https:\/\/tal.ch\/en\/wp-json\/wp\/v2\/users\/2"}],"replies":[{"embeddable":true,"href":"https:\/\/tal.ch\/en\/wp-json\/wp\/v2\/comments?post=16516"}],"version-history":[{"count":13,"href":"https:\/\/tal.ch\/en\/wp-json\/wp\/v2\/pages\/16516\/revisions"}],"predecessor-version":[{"id":16540,"href":"https:\/\/tal.ch\/en\/wp-json\/wp\/v2\/pages\/16516\/revisions\/16540"}],"wp:attachment":[{"href":"https:\/\/tal.ch\/en\/wp-json\/wp\/v2\/media?parent=16516"}],"wp:term":[{"taxonomy":"post_tag","embeddable":true,"href":"https:\/\/tal.ch\/en\/wp-json\/wp\/v2\/tags?post=16516"}],"curies":[{"name":"wp","href":"https:\/\/api.w.org\/{rel}","templated":true}]}}