{"id":16633,"date":"2026-04-21T13:24:55","date_gmt":"2026-04-21T13:24:55","guid":{"rendered":"https:\/\/tal.ch\/?page_id=16633"},"modified":"2026-04-21T13:25:54","modified_gmt":"2026-04-21T13:25:54","slug":"marina-bonderer","status":"publish","type":"page","link":"https:\/\/tal.ch\/en\/marina-bonderer\/","title":{"rendered":"Marina Bonderer"},"content":{"rendered":"<div data-elementor-type=\"wp-page\" data-elementor-id=\"16633\" class=\"elementor elementor-16633\" data-elementor-post-type=\"page\">\n\t\t\t\t<div class=\"elementor-element elementor-element-5c9a351 e-flex e-con-boxed wpr-particle-no wpr-jarallax-no wpr-parallax-no wpr-sticky-section-no wpr-equal-height-no e-con e-parent\" data-id=\"5c9a351\" data-element_type=\"container\" data-e-type=\"container\">\n\t\t\t\t\t<div class=\"e-con-inner\">\n\t\t\t\t<div class=\"elementor-element elementor-element-ea767c1 elementor-widget elementor-widget-spacer\" data-id=\"ea767c1\" data-element_type=\"widget\" data-e-type=\"widget\" data-widget_type=\"spacer.default\">\n\t\t\t\t\t\t\t<div class=\"elementor-spacer\">\n\t\t\t<div class=\"elementor-spacer-inner\"><\/div>\n\t\t<\/div>\n\t\t\t\t\t\t<\/div>\n\t\t\t\t\t<\/div>\n\t\t\t\t<\/div>\n\t\t<div class=\"elementor-element elementor-element-1cd01fa e-flex e-con-boxed wpr-particle-no wpr-jarallax-no wpr-parallax-no wpr-sticky-section-no wpr-equal-height-no e-con e-parent\" data-id=\"1cd01fa\" data-element_type=\"container\" data-e-type=\"container\">\n\t\t\t\t\t<div class=\"e-con-inner\">\n\t\t<div class=\"elementor-element elementor-element-8f9b0ae e-con-full e-flex wpr-particle-no wpr-jarallax-no wpr-parallax-no wpr-sticky-section-no wpr-equal-height-no e-con e-child\" data-id=\"8f9b0ae\" data-element_type=\"container\" data-e-type=\"container\">\n\t\t\t\t<div class=\"elementor-element elementor-element-5bb9304 elementor-widget elementor-widget-image\" data-id=\"5bb9304\" data-element_type=\"widget\" data-e-type=\"widget\" data-widget_type=\"image.default\">\n\t\t\t\t\t\t\t\t\t\t\t\t\t\t\t<img fetchpriority=\"high\" decoding=\"async\" width=\"1856\" height=\"2560\" src=\"https:\/\/tal.ch\/wp-content\/uploads\/2026\/04\/Marina-Bonderer-Parsenn-Drogerie-Schiers-scaled.jpeg\" class=\"attachment-full size-full wp-image-16638\" alt=\"\" srcset=\"https:\/\/tal.ch\/wp-content\/uploads\/2026\/04\/Marina-Bonderer-Parsenn-Drogerie-Schiers-scaled.jpeg 1856w, https:\/\/tal.ch\/wp-content\/uploads\/2026\/04\/Marina-Bonderer-Parsenn-Drogerie-Schiers-218x300.jpeg 218w, https:\/\/tal.ch\/wp-content\/uploads\/2026\/04\/Marina-Bonderer-Parsenn-Drogerie-Schiers-742x1024.jpeg 742w, https:\/\/tal.ch\/wp-content\/uploads\/2026\/04\/Marina-Bonderer-Parsenn-Drogerie-Schiers-768x1059.jpeg 768w, https:\/\/tal.ch\/wp-content\/uploads\/2026\/04\/Marina-Bonderer-Parsenn-Drogerie-Schiers-1114x1536.jpeg 1114w, https:\/\/tal.ch\/wp-content\/uploads\/2026\/04\/Marina-Bonderer-Parsenn-Drogerie-Schiers-1485x2048.jpeg 1485w, https:\/\/tal.ch\/wp-content\/uploads\/2026\/04\/Marina-Bonderer-Parsenn-Drogerie-Schiers-9x12.jpeg 9w, https:\/\/tal.ch\/wp-content\/uploads\/2026\/04\/Marina-Bonderer-Parsenn-Drogerie-Schiers-600x828.jpeg 600w\" sizes=\"(max-width: 1856px) 100vw, 1856px\" \/>\t\t\t\t\t\t\t\t\t\t\t\t\t\t\t<\/div>\n\t\t\t\t<div class=\"elementor-element elementor-element-8c46fbd elementor-widget elementor-widget-text-editor\" data-id=\"8c46fbd\" data-element_type=\"widget\" data-e-type=\"widget\" data-widget_type=\"text-editor.default\">\n\t\t\t\t\t\t\t\t\t<p><b>Marina Bonderer<br \/><\/b>Qualified chemist HF, Managing Director<br \/><a href=\"https:\/\/www.parsenndrogerie.ch\/\"><span style=\"color: #000000;\">Parsenn drugstore Schiers<\/span><\/a><\/p>\t\t\t\t\t\t\t\t<\/div>\n\t\t\t\t<\/div>\n\t\t<div class=\"elementor-element elementor-element-4908ee0 e-con-full e-flex wpr-particle-no wpr-jarallax-no wpr-parallax-no wpr-sticky-section-no wpr-equal-height-no e-con e-child\" data-id=\"4908ee0\" data-element_type=\"container\" data-e-type=\"container\">\n\t\t\t\t<div class=\"elementor-element elementor-element-575dab5 elementor-widget elementor-widget-text-editor\" data-id=\"575dab5\" data-element_type=\"widget\" data-e-type=\"widget\" data-widget_type=\"text-editor.default\">\n\t\t\t\t\t\t\t\t\t<p><strong>What do you think Tal stands for?<br \/><\/strong>For me, Tal stands for premium Swiss quality that you can rely on. A brand that I can recommend with confidence.<\/p><p><strong>What do you think makes Tal special?<br \/><\/strong>The combination of tradition and reliability. Tal has been the number one in the specialised trade for years, and for good reason. They are durable products that deliver what they promise, and at a good price-performance ratio.<\/p><p><b>Which valley product is working particularly well for you?<br \/><\/b><span style=\"font-size: 1rem;\">Tal Med hand cream is our best-selling product. A proven all-rounder that is suitable for many applications and is well received by customers of all ages.<\/span><\/p><p><span style=\"font-size: 1rem;\"><b>What feedback do you receive from your customers about Tal products?<br \/><\/b><\/span><\/p><p>The products are rich, nourishing and yet are quickly absorbed. Many customers are impressed by the effect and remain loyal to the product.  This speaks in favour of the good quality of the products.<\/p><p><strong>\u00a0<\/strong><\/p>\t\t\t\t\t\t\t\t<\/div>\n\t\t\t\t<\/div>\n\t\t\t\t\t<\/div>\n\t\t\t\t<\/div>\n\t\t<div class=\"elementor-element elementor-element-8610fe4 e-flex e-con-boxed wpr-particle-no wpr-jarallax-no wpr-parallax-no wpr-sticky-section-no wpr-equal-height-no e-con e-parent\" data-id=\"8610fe4\" data-element_type=\"container\" data-e-type=\"container\">\n\t\t\t\t\t<div class=\"e-con-inner\">\n\t\t\t\t<div class=\"elementor-element elementor-element-e8aa85f elementor-widget elementor-widget-spacer\" data-id=\"e8aa85f\" data-element_type=\"widget\" data-e-type=\"widget\" data-widget_type=\"spacer.default\">\n\t\t\t\t\t\t\t<div class=\"elementor-spacer\">\n\t\t\t<div class=\"elementor-spacer-inner\"><\/div>\n\t\t<\/div>\n\t\t\t\t\t\t<\/div>\n\t\t\t\t\t<\/div>\n\t\t\t\t<\/div>\n\t\t\t\t<\/div>","protected":false},"excerpt":{"rendered":"<p>Marina BondererDipl. Drogistin HF, Managing DirectorParsenn Drogerie Schiers In your opinion, what does Tal stand for? for me, Tal stands for high Swiss quality that you can rely on. It's a brand that I can recommend with confidence. What do you think makes Tal special? the combination of tradition and reliability. Tal has been the number one in the specialised trade for years, and for good reason. They are durable products that deliver what they promise at a good price-performance ratio. Which Tal product is doing particularly well for you? Tal Med hand cream is our best-selling product. It is a tried and tested all-rounder that is suitable for many applications and is well received by customers of all ages. What feedback do you get from your customers about Tal products? The products are rich, moisturising and yet are absorbed quickly. Many customers are impressed by the effect and remain loyal to the product.  This speaks in favour of the good quality of the products. \u00a0<\/p>","protected":false},"author":2,"featured_media":0,"parent":0,"menu_order":33,"comment_status":"closed","ping_status":"closed","template":"elementor_header_footer","meta":{"footnotes":""},"tags":[],"class_list":["post-16633","page","type-page","status-publish","hentry"],"yoast_head":"<!-- This site is optimized with the Yoast SEO plugin v27.4 - https:\/\/yoast.com\/product\/yoast-seo-wordpress\/ -->\n<title>Marina Bonderer - Tal<\/title>\n<meta name=\"robots\" content=\"index, follow, max-snippet:-1, max-image-preview:large, max-video-preview:-1\" \/>\n<link rel=\"canonical\" href=\"https:\/\/tal.ch\/en\/marina-bonderer\/\" \/>\n<meta property=\"og:locale\" content=\"en_GB\" \/>\n<meta property=\"og:type\" content=\"article\" \/>\n<meta property=\"og:title\" content=\"Marina Bonderer - Tal\" \/>\n<meta property=\"og:description\" content=\"Marina BondererDipl. Drogistin HF, Gesch\u00e4ftsf\u00fchrerinParsenn Drogerie Schiers Wof\u00fcr steht Tal Ihrer Meinung nach?Tal steht f\u00fcr mich f\u00fcr hochwertige Schweizer Qualit\u00e4t, auf die man sich verlassen kann. Eine Marke, die ich mit gutem Gef\u00fchl weiterempfehlen kann. Was macht Tal Ihrer Meinung nach besonders?Die Kombination aus Tradition und Verl\u00e4sslichkeit. Tal ist seit Jahren die Nummer eins im Fachhandel, und das aus gutem Grund. Es sind langlebige Produkte, die halten, was sie versprechen, und das zu einem guten Preis-Leistungs-Verh\u00e4ltnis. Welches Tal-Produkt l\u00e4uft bei Ihnen besonders gut?Die Tal Med Handcreme ist unser meistverkauftes Produkt. Ein bew\u00e4hrter Allrounder, der sich f\u00fcr viele Anwendungen eignet und bei Kundinnen und Kunden jeden Alters gut ankommt. Welche R\u00fcckmeldungen erhalten Sie von Ihren Kundinnen und Kunden zu Tal-Produkten? Die Produkte sind reichhaltig, pflegend und ziehen trotzdem schnell ein. Viele Kundinnen und Kunden sind von der Wirkung \u00fcberzeugt und bleiben dem Produkt treu. \u00a0Das spricht f\u00fcr die gute Qualit\u00e4t der Produkte. \u00a0\" \/>\n<meta property=\"og:url\" content=\"https:\/\/tal.ch\/en\/marina-bonderer\/\" \/>\n<meta property=\"og:site_name\" content=\"Tal\" \/>\n<meta property=\"article:publisher\" content=\"https:\/\/www.facebook.com\/tal.schweiz\/\" \/>\n<meta property=\"article:modified_time\" content=\"2026-04-21T13:25:54+00:00\" \/>\n<meta property=\"og:image\" content=\"https:\/\/tal.ch\/wp-content\/uploads\/2026\/04\/Marina-Bonderer-Parsenn-Drogerie-Schiers-scaled.jpeg\" \/>\n\t<meta property=\"og:image:width\" content=\"1856\" \/>\n\t<meta property=\"og:image:height\" content=\"2560\" \/>\n\t<meta property=\"og:image:type\" content=\"image\/jpeg\" \/>\n<meta name=\"twitter:card\" content=\"summary_large_image\" \/>\n<meta name=\"twitter:label1\" content=\"Estimated reading time\" \/>\n\t<meta name=\"twitter:data1\" content=\"1 minute\" \/>\n<script type=\"application\/ld+json\" class=\"yoast-schema-graph\">{\"@context\":\"https:\\\/\\\/schema.org\",\"@graph\":[{\"@type\":\"WebPage\",\"@id\":\"https:\\\/\\\/tal.ch\\\/marina-bonderer\\\/\",\"url\":\"https:\\\/\\\/tal.ch\\\/marina-bonderer\\\/\",\"name\":\"Marina Bonderer - Tal\",\"isPartOf\":{\"@id\":\"https:\\\/\\\/tal.ch\\\/#website\"},\"primaryImageOfPage\":{\"@id\":\"https:\\\/\\\/tal.ch\\\/marina-bonderer\\\/#primaryimage\"},\"image\":{\"@id\":\"https:\\\/\\\/tal.ch\\\/marina-bonderer\\\/#primaryimage\"},\"thumbnailUrl\":\"https:\\\/\\\/tal.ch\\\/wp-content\\\/uploads\\\/2026\\\/04\\\/Marina-Bonderer-Parsenn-Drogerie-Schiers-scaled.jpeg\",\"datePublished\":\"2026-04-21T13:24:55+00:00\",\"dateModified\":\"2026-04-21T13:25:54+00:00\",\"breadcrumb\":{\"@id\":\"https:\\\/\\\/tal.ch\\\/marina-bonderer\\\/#breadcrumb\"},\"inLanguage\":\"en-GB\",\"potentialAction\":[{\"@type\":\"ReadAction\",\"target\":[\"https:\\\/\\\/tal.ch\\\/marina-bonderer\\\/\"]}]},{\"@type\":\"ImageObject\",\"inLanguage\":\"en-GB\",\"@id\":\"https:\\\/\\\/tal.ch\\\/marina-bonderer\\\/#primaryimage\",\"url\":\"https:\\\/\\\/tal.ch\\\/wp-content\\\/uploads\\\/2026\\\/04\\\/Marina-Bonderer-Parsenn-Drogerie-Schiers-scaled.jpeg\",\"contentUrl\":\"https:\\\/\\\/tal.ch\\\/wp-content\\\/uploads\\\/2026\\\/04\\\/Marina-Bonderer-Parsenn-Drogerie-Schiers-scaled.jpeg\"},{\"@type\":\"BreadcrumbList\",\"@id\":\"https:\\\/\\\/tal.ch\\\/marina-bonderer\\\/#breadcrumb\",\"itemListElement\":[{\"@type\":\"ListItem\",\"position\":1,\"name\":\"Startseite\",\"item\":\"https:\\\/\\\/tal.ch\\\/\"},{\"@type\":\"ListItem\",\"position\":2,\"name\":\"Marina Bonderer\"}]},{\"@type\":\"WebSite\",\"@id\":\"https:\\\/\\\/tal.ch\\\/#website\",\"url\":\"https:\\\/\\\/tal.ch\\\/\",\"name\":\"Tal\",\"description\":\"Pflanzenextrakte von h\u00f6chster Qualit\u00e4t\",\"publisher\":{\"@id\":\"https:\\\/\\\/tal.ch\\\/#organization\"},\"potentialAction\":[{\"@type\":\"SearchAction\",\"target\":{\"@type\":\"EntryPoint\",\"urlTemplate\":\"https:\\\/\\\/tal.ch\\\/?s={search_term_string}\"},\"query-input\":{\"@type\":\"PropertyValueSpecification\",\"valueRequired\":true,\"valueName\":\"search_term_string\"}}],\"inLanguage\":\"en-GB\"},{\"@type\":\"Organization\",\"@id\":\"https:\\\/\\\/tal.ch\\\/#organization\",\"name\":\"Tal\",\"url\":\"https:\\\/\\\/tal.ch\\\/\",\"logo\":{\"@type\":\"ImageObject\",\"inLanguage\":\"en-GB\",\"@id\":\"https:\\\/\\\/tal.ch\\\/#\\\/schema\\\/logo\\\/image\\\/\",\"url\":\"https:\\\/\\\/tal.ch\\\/wp-content\\\/uploads\\\/2024\\\/02\\\/Logo-Tal.png\",\"contentUrl\":\"https:\\\/\\\/tal.ch\\\/wp-content\\\/uploads\\\/2024\\\/02\\\/Logo-Tal.png\",\"width\":100,\"height\":157,\"caption\":\"Tal\"},\"image\":{\"@id\":\"https:\\\/\\\/tal.ch\\\/#\\\/schema\\\/logo\\\/image\\\/\"},\"sameAs\":[\"https:\\\/\\\/www.facebook.com\\\/tal.schweiz\\\/\"]}]}<\/script>\n<!-- \/ Yoast SEO plugin. -->","yoast_head_json":{"title":"Marina Bonderer - Tal","robots":{"index":"index","follow":"follow","max-snippet":"max-snippet:-1","max-image-preview":"max-image-preview:large","max-video-preview":"max-video-preview:-1"},"canonical":"https:\/\/tal.ch\/en\/marina-bonderer\/","og_locale":"en_GB","og_type":"article","og_title":"Marina Bonderer - Tal","og_description":"Marina BondererDipl. Drogistin HF, Gesch\u00e4ftsf\u00fchrerinParsenn Drogerie Schiers Wof\u00fcr steht Tal Ihrer Meinung nach?Tal steht f\u00fcr mich f\u00fcr hochwertige Schweizer Qualit\u00e4t, auf die man sich verlassen kann. Eine Marke, die ich mit gutem Gef\u00fchl weiterempfehlen kann. Was macht Tal Ihrer Meinung nach besonders?Die Kombination aus Tradition und Verl\u00e4sslichkeit. Tal ist seit Jahren die Nummer eins im Fachhandel, und das aus gutem Grund. Es sind langlebige Produkte, die halten, was sie versprechen, und das zu einem guten Preis-Leistungs-Verh\u00e4ltnis. Welches Tal-Produkt l\u00e4uft bei Ihnen besonders gut?Die Tal Med Handcreme ist unser meistverkauftes Produkt. Ein bew\u00e4hrter Allrounder, der sich f\u00fcr viele Anwendungen eignet und bei Kundinnen und Kunden jeden Alters gut ankommt. Welche R\u00fcckmeldungen erhalten Sie von Ihren Kundinnen und Kunden zu Tal-Produkten? Die Produkte sind reichhaltig, pflegend und ziehen trotzdem schnell ein. Viele Kundinnen und Kunden sind von der Wirkung \u00fcberzeugt und bleiben dem Produkt treu. \u00a0Das spricht f\u00fcr die gute Qualit\u00e4t der Produkte. \u00a0","og_url":"https:\/\/tal.ch\/en\/marina-bonderer\/","og_site_name":"Tal","article_publisher":"https:\/\/www.facebook.com\/tal.schweiz\/","article_modified_time":"2026-04-21T13:25:54+00:00","og_image":[{"width":1856,"height":2560,"url":"https:\/\/tal.ch\/wp-content\/uploads\/2026\/04\/Marina-Bonderer-Parsenn-Drogerie-Schiers-scaled.jpeg","type":"image\/jpeg"}],"twitter_card":"summary_large_image","twitter_misc":{"Estimated reading time":"1 minute"},"schema":{"@context":"https:\/\/schema.org","@graph":[{"@type":"WebPage","@id":"https:\/\/tal.ch\/marina-bonderer\/","url":"https:\/\/tal.ch\/marina-bonderer\/","name":"Marina Bonderer - Tal","isPartOf":{"@id":"https:\/\/tal.ch\/#website"},"primaryImageOfPage":{"@id":"https:\/\/tal.ch\/marina-bonderer\/#primaryimage"},"image":{"@id":"https:\/\/tal.ch\/marina-bonderer\/#primaryimage"},"thumbnailUrl":"https:\/\/tal.ch\/wp-content\/uploads\/2026\/04\/Marina-Bonderer-Parsenn-Drogerie-Schiers-scaled.jpeg","datePublished":"2026-04-21T13:24:55+00:00","dateModified":"2026-04-21T13:25:54+00:00","breadcrumb":{"@id":"https:\/\/tal.ch\/marina-bonderer\/#breadcrumb"},"inLanguage":"en-GB","potentialAction":[{"@type":"ReadAction","target":["https:\/\/tal.ch\/marina-bonderer\/"]}]},{"@type":"ImageObject","inLanguage":"en-GB","@id":"https:\/\/tal.ch\/marina-bonderer\/#primaryimage","url":"https:\/\/tal.ch\/wp-content\/uploads\/2026\/04\/Marina-Bonderer-Parsenn-Drogerie-Schiers-scaled.jpeg","contentUrl":"https:\/\/tal.ch\/wp-content\/uploads\/2026\/04\/Marina-Bonderer-Parsenn-Drogerie-Schiers-scaled.jpeg"},{"@type":"BreadcrumbList","@id":"https:\/\/tal.ch\/marina-bonderer\/#breadcrumb","itemListElement":[{"@type":"ListItem","position":1,"name":"Startseite","item":"https:\/\/tal.ch\/"},{"@type":"ListItem","position":2,"name":"Marina Bonderer"}]},{"@type":"WebSite","@id":"https:\/\/tal.ch\/#website","url":"https:\/\/tal.ch\/","name":"Valley","description":"Plant extracts of the highest quality","publisher":{"@id":"https:\/\/tal.ch\/#organization"},"potentialAction":[{"@type":"SearchAction","target":{"@type":"EntryPoint","urlTemplate":"https:\/\/tal.ch\/?s={search_term_string}"},"query-input":{"@type":"PropertyValueSpecification","valueRequired":true,"valueName":"search_term_string"}}],"inLanguage":"en-GB"},{"@type":"Organization","@id":"https:\/\/tal.ch\/#organization","name":"Valley","url":"https:\/\/tal.ch\/","logo":{"@type":"ImageObject","inLanguage":"en-GB","@id":"https:\/\/tal.ch\/#\/schema\/logo\/image\/","url":"https:\/\/tal.ch\/wp-content\/uploads\/2024\/02\/Logo-Tal.png","contentUrl":"https:\/\/tal.ch\/wp-content\/uploads\/2024\/02\/Logo-Tal.png","width":100,"height":157,"caption":"Tal"},"image":{"@id":"https:\/\/tal.ch\/#\/schema\/logo\/image\/"},"sameAs":["https:\/\/www.facebook.com\/tal.schweiz\/"]}]}},"_links":{"self":[{"href":"https:\/\/tal.ch\/en\/wp-json\/wp\/v2\/pages\/16633","targetHints":{"allow":["GET"]}}],"collection":[{"href":"https:\/\/tal.ch\/en\/wp-json\/wp\/v2\/pages"}],"about":[{"href":"https:\/\/tal.ch\/en\/wp-json\/wp\/v2\/types\/page"}],"author":[{"embeddable":true,"href":"https:\/\/tal.ch\/en\/wp-json\/wp\/v2\/users\/2"}],"replies":[{"embeddable":true,"href":"https:\/\/tal.ch\/en\/wp-json\/wp\/v2\/comments?post=16633"}],"version-history":[{"count":11,"href":"https:\/\/tal.ch\/en\/wp-json\/wp\/v2\/pages\/16633\/revisions"}],"predecessor-version":[{"id":16645,"href":"https:\/\/tal.ch\/en\/wp-json\/wp\/v2\/pages\/16633\/revisions\/16645"}],"wp:attachment":[{"href":"https:\/\/tal.ch\/en\/wp-json\/wp\/v2\/media?parent=16633"}],"wp:term":[{"taxonomy":"post_tag","embeddable":true,"href":"https:\/\/tal.ch\/en\/wp-json\/wp\/v2\/tags?post=16633"}],"curies":[{"name":"wp","href":"https:\/\/api.w.org\/{rel}","templated":true}]}}