{"id":3479,"date":"2024-06-19T07:19:46","date_gmt":"2024-06-19T07:19:46","guid":{"rendered":"https:\/\/tal.ch\/wp\/?page_id=3479"},"modified":"2026-05-04T09:59:21","modified_gmt":"2026-05-04T09:59:21","slug":"fusspflege-fuer-trockene-fuesse","status":"publish","type":"page","link":"https:\/\/tal.ch\/en\/fusspflege-fuer-trockene-fuesse\/","title":{"rendered":"Foot care"},"content":{"rendered":"<div data-elementor-type=\"wp-page\" data-elementor-id=\"3479\" class=\"elementor elementor-3479\" data-elementor-post-type=\"page\">\n\t\t\t\t<div class=\"elementor-element elementor-element-e01bf2e e-flex e-con-boxed wpr-particle-no wpr-jarallax-no wpr-parallax-no wpr-sticky-section-no wpr-equal-height-no e-con e-parent\" data-id=\"e01bf2e\" data-element_type=\"container\" data-e-type=\"container\">\n\t\t\t\t\t<div class=\"e-con-inner\">\n\t\t\t\t<div class=\"elementor-element elementor-element-afba5f6 elementor-widget elementor-widget-spacer\" data-id=\"afba5f6\" data-element_type=\"widget\" data-e-type=\"widget\" data-widget_type=\"spacer.default\">\n\t\t\t\t\t\t\t<div class=\"elementor-spacer\">\n\t\t\t<div class=\"elementor-spacer-inner\"><\/div>\n\t\t<\/div>\n\t\t\t\t\t\t<\/div>\n\t\t\t\t\t<\/div>\n\t\t\t\t<\/div>\n\t\t<div class=\"elementor-element elementor-element-68bb6d5 e-con-full e-flex wpr-particle-no wpr-jarallax-no wpr-parallax-no wpr-sticky-section-no wpr-equal-height-no e-con e-parent\" data-id=\"68bb6d5\" data-element_type=\"container\" data-e-type=\"container\">\n\t\t\t\t<div class=\"elementor-element elementor-element-2310c93 elementor-widget elementor-widget-heading\" data-id=\"2310c93\" data-element_type=\"widget\" data-e-type=\"widget\" data-widget_type=\"heading.default\">\n\t\t\t\t\t<h1 class=\"elementor-heading-title elementor-size-default\">FOOT CARE<\/h1>\t\t\t\t<\/div>\n\t\t\t\t<\/div>\n\t\t<div class=\"elementor-element elementor-element-2f8d271 e-con-full e-flex wpr-particle-no wpr-jarallax-no wpr-parallax-no wpr-sticky-section-no wpr-equal-height-no e-con e-parent\" data-id=\"2f8d271\" data-element_type=\"container\" data-e-type=\"container\">\n\t\t\t\t<div class=\"elementor-element elementor-element-dae068d elementor-widget elementor-widget-text-editor\" data-id=\"dae068d\" data-element_type=\"widget\" data-e-type=\"widget\" data-widget_type=\"text-editor.default\">\n\t\t\t\t\t\t\t\t\t<p>Our feet carry us through life. We often forget how important it is to look after them. They are exposed to a lot of stress every day. This can lead to dry skin and cracks on the feet.  Tal offers an excellent skin care concept for your feet that is specially tailored to your needs. With natural ingredients, Tal ensures that your feet remain healthy, supple and optimally cared for. Pamper your feet with our Tal MED foot line.<\/p>\t\t\t\t\t\t\t\t<\/div>\n\t\t\t\t<\/div>\n\t\t<div class=\"elementor-element elementor-element-01760a7 e-flex e-con-boxed wpr-particle-no wpr-jarallax-no wpr-parallax-no wpr-sticky-section-no wpr-equal-height-no e-con e-parent\" data-id=\"01760a7\" data-element_type=\"container\" data-e-type=\"container\">\n\t\t\t\t\t<div class=\"e-con-inner\">\n\t\t\t\t<div class=\"elementor-element elementor-element-d08fcaf elementor-widget elementor-widget-spacer\" data-id=\"d08fcaf\" data-element_type=\"widget\" data-e-type=\"widget\" data-widget_type=\"spacer.default\">\n\t\t\t\t\t\t\t<div class=\"elementor-spacer\">\n\t\t\t<div class=\"elementor-spacer-inner\"><\/div>\n\t\t<\/div>\n\t\t\t\t\t\t<\/div>\n\t\t\t\t\t<\/div>\n\t\t\t\t<\/div>\n\t\t<div class=\"elementor-element elementor-element-7017d99 e-con-full e-flex wpr-particle-no wpr-jarallax-no wpr-parallax-no wpr-sticky-section-no wpr-equal-height-no e-con e-parent\" data-id=\"7017d99\" data-element_type=\"container\" data-e-type=\"container\">\n\t\t\t\t<div class=\"elementor-element elementor-element-ba0f4ee elementor-widget elementor-widget-heading\" data-id=\"ba0f4ee\" data-element_type=\"widget\" data-e-type=\"widget\" data-widget_type=\"heading.default\">\n\t\t\t\t\t<h3 class=\"elementor-heading-title elementor-size-default\">Our foot care products<\/h3>\t\t\t\t<\/div>\n\t\t\t\t<\/div>\n\t\t<div class=\"elementor-element elementor-element-db1a9b2 e-flex e-con-boxed wpr-particle-no wpr-jarallax-no wpr-parallax-no wpr-sticky-section-no wpr-equal-height-no e-con e-parent\" data-id=\"db1a9b2\" data-element_type=\"container\" data-e-type=\"container\">\n\t\t\t\t\t<div class=\"e-con-inner\">\n\t\t\t\t<div class=\"elementor-element elementor-element-e9499a6 elementor-widget elementor-widget-spacer\" data-id=\"e9499a6\" data-element_type=\"widget\" data-e-type=\"widget\" data-widget_type=\"spacer.default\">\n\t\t\t\t\t\t\t<div class=\"elementor-spacer\">\n\t\t\t<div class=\"elementor-spacer-inner\"><\/div>\n\t\t<\/div>\n\t\t\t\t\t\t<\/div>\n\t\t\t\t\t<\/div>\n\t\t\t\t<\/div>\n\t\t<div class=\"elementor-element elementor-element-259d6b1 e-con-full e-flex wpr-particle-no wpr-jarallax-no wpr-parallax-no wpr-sticky-section-no wpr-equal-height-no e-con e-parent\" data-id=\"259d6b1\" data-element_type=\"container\" data-e-type=\"container\">\n\t\t\t\t<div class=\"elementor-element elementor-element-af4fcd5 elementor-widget-mobile__width-inherit elementor-widget elementor-widget-shortcode\" data-id=\"af4fcd5\" data-element_type=\"widget\" data-e-type=\"widget\" data-widget_type=\"shortcode.default\">\n\t\t\t\t\t\t\t<div class=\"elementor-shortcode\"><div class=\"custom-page-grid\"><div class=\"custom-page-item\"><div class=\"custom-page-thumbnail\"><a href=\"https:\/\/tal.ch\/en\/fuss-pflege-schaum-med-intense-repair\/\"><img decoding=\"async\" src=\"https:\/\/tal.ch\/wp-content\/uploads\/2026\/05\/Tal-MED-Fuss-Pflege-Schaum-Intense-Repair-450-x-450-Pixel.png\" alt=\"Fuss Pflege Schaum MED Intense Repair\" \/><\/a><\/div><h3><a href=\"https:\/\/tal.ch\/en\/fuss-pflege-schaum-med-intense-repair\/\">Foot Care Foam MED Intense Repair<\/a><\/h3><p>Cares for dry and cracked feet<br>\n\n<!DOCTYPE html>\n<html lang=\"de\">\n<head>\n    <meta charset=\"UTF-8\">\n    <meta name=\"viewport\" content=\"width=device-width, initial-scale=1.0\">\n    <title>Aufz\u00e4hlungspunkte<\/title>\n    <style>\n        .custom-list {\n            list-style: none; \/* Entfernt die Standard-Aufz\u00e4hlungszeichen *\/\n            padding-left: 0;\n        }\n        .custom-list li {\n            position: relative;\n            padding-left: 20px; \/* Platz f\u00fcr das benutzerdefinierte Aufz\u00e4hlungszeichen *\/\n        }\n        .custom-list li::before {\n            content: \"\u203a\"; \/* Setzt das Aufz\u00e4hlungszeichen *\/\n            position: absolute;\n            left: 0; \/* Positioniert das Aufz\u00e4hlungszeichen *\/\n            color: black; \/* Farbe des Aufz\u00e4hlungszeichens *\/\n        }\n    <\/style>\n<\/head>\n<body>\n    <ul class=\"custom-list\">\n        <li>Absorbs quickly<\/li>\n        <li>Noticeably supple skin after 7 days<\/li>\n        <li>Intensively moisturises<\/li>\n    <\/ul>\n<\/body>\n<\/html>\n<\/p><\/div><div class=\"custom-page-item\"><div class=\"custom-page-thumbnail\"><a href=\"https:\/\/tal.ch\/en\/fusscreme-2\/\"><img decoding=\"async\" src=\"https:\/\/tal.ch\/wp-content\/uploads\/2024\/09\/Beitragsbild-Fusscreme.jpg\" alt=\"Fusscreme MED Repair\" \/><\/a><\/div><h3><a href=\"https:\/\/tal.ch\/en\/fusscreme-2\/\">MED Repair foot cream<\/a><\/h3><p>Cares for dry and cracked feet<br>\n\n<!DOCTYPE html>\n<html lang=\"de\">\n<head>\n    <meta charset=\"UTF-8\">\n    <meta name=\"viewport\" content=\"width=device-width, initial-scale=1.0\">\n    <title>Aufz\u00e4hlungspunkte<\/title>\n    <style>\n        .custom-list {\n            list-style: none; \/* Entfernt die Standard-Aufz\u00e4hlungszeichen *\/\n            padding-left: 0;\n        }\n        .custom-list li {\n            position: relative;\n            padding-left: 20px; \/* Platz f\u00fcr das benutzerdefinierte Aufz\u00e4hlungszeichen *\/\n        }\n        .custom-list li::before {\n            content: \"\u203a\"; \/* Setzt das Aufz\u00e4hlungszeichen *\/\n            position: absolute;\n            left: 0; \/* Positioniert das Aufz\u00e4hlungszeichen *\/\n            color: black; \/* Farbe des Aufz\u00e4hlungszeichens *\/\n        }\n    <\/style>\n<\/head>\n<body>\n    <ul class=\"custom-list\">\n        <li>For dry skin<\/li>\n        <li>Noticeably supple skin after 7 days<\/li>\n        <li>Lasting effect<\/li>\n    <\/ul>\n<\/body>\n<\/html>\n<\/p><\/div><div class=\"custom-page-item\"><div class=\"custom-page-thumbnail\"><a href=\"https:\/\/tal.ch\/en\/fusscreme-med-balsam\/\"><img decoding=\"async\" src=\"https:\/\/tal.ch\/wp-content\/uploads\/2024\/08\/Beitragsbild-Fuss-Balsam.jpg\" alt=\"Fussbalsam MED Intense Repair\" \/><\/a><\/div><h3><a href=\"https:\/\/tal.ch\/en\/fusscreme-med-balsam\/\">Foot Balm MED Intense Repair<\/a><\/h3><p>Intensive care for dry and cracked feet<br>\n<!DOCTYPE html>\n<html lang=\"de\">\n<head>\n    <meta charset=\"UTF-8\">\n    <meta name=\"viewport\" content=\"width=device-width, initial-scale=1.0\">\n    <title>Aufz\u00e4hlungspunkte<\/title>\n    <style>\n        .custom-list {\n            list-style: none; \/* Entfernt die Standard-Aufz\u00e4hlungszeichen *\/\n            padding-left: 0;\n        }\n        .custom-list li {\n            position: relative;\n            padding-left: 20px; \/* Platz f\u00fcr das benutzerdefinierte Aufz\u00e4hlungszeichen *\/\n        }\n        .custom-list li::before {\n            content: \"\u203a\"; \/* Setzt das Aufz\u00e4hlungszeichen *\/\n            position: absolute;\n            left: 0; \/* Positioniert das Aufz\u00e4hlungszeichen *\/\n            color: black; \/* Farbe des Aufz\u00e4hlungszeichens *\/\n        }\n    <\/style>\n<\/head>\n<body>\n    <ul class=\"custom-list\">\n        <li>For velvety soft skin<\/li>\n        <li>Moisturises<\/li>\n        <li>Lasting effect<\/li>\n    <\/ul>\n<\/body>\n<\/html>\n<\/p><\/div><div class=\"custom-page-item\"><div class=\"custom-page-thumbnail\"><a href=\"https:\/\/tal.ch\/en\/fussmaske-med-repair\/\"><img decoding=\"async\" src=\"https:\/\/tal.ch\/wp-content\/uploads\/2024\/09\/Beitragsbild-Fussmaske.jpg\" alt=\"Fussmaske MED Repair\" \/><\/a><\/div><h3><a href=\"https:\/\/tal.ch\/en\/fussmaske-med-repair\/\">MED Repair foot mask<\/a><\/h3><p>Cares for dry and cracked feet<br>\n\n<!DOCTYPE html>\n<html lang=\"de\">\n<head>\n    <meta charset=\"UTF-8\">\n    <meta name=\"viewport\" content=\"width=device-width, initial-scale=1.0\">\n    <title>Aufz\u00e4hlungspunkte<\/title>\n    <style>\n        .custom-list {\n            list-style: none; \/* Entfernt die Standard-Aufz\u00e4hlungszeichen *\/\n            padding-left: 0;\n        }\n        .custom-list li {\n            position: relative;\n            padding-left: 20px; \/* Platz f\u00fcr das benutzerdefinierte Aufz\u00e4hlungszeichen *\/\n        }\n        .custom-list li::before {\n            content: \"\u203a\"; \/* Setzt das Aufz\u00e4hlungszeichen *\/\n            position: absolute;\n            left: 0; \/* Positioniert das Aufz\u00e4hlungszeichen *\/\n            color: black; \/* Farbe des Aufz\u00e4hlungszeichens *\/\n        }\n    <\/style>\n<\/head>\n<body>\n    <ul class=\"custom-list\">\n        <li>Deeply effective<\/li>\n        <li>Power cocktail<\/li>\n        <li>Visible immediate effect<\/li>\n    <\/ul>\n<\/body>\n<\/html>\n<\/p><\/div><div class=\"custom-page-item\"><div class=\"custom-page-thumbnail\"><a href=\"https:\/\/tal.ch\/en\/fussbadesalz-med-repair\/\"><img decoding=\"async\" src=\"https:\/\/tal.ch\/wp-content\/uploads\/2024\/09\/Beitragsbild-Fuss-Badesalz-1.jpg\" alt=\"Fussbadesalz MED\" \/><\/a><\/div><h3><a href=\"https:\/\/tal.ch\/en\/fussbadesalz-med-repair\/\">Foot bath salt MED<\/a><\/h3><p>Medicinal salt for skin problems and inflammation<br>\n\n<!DOCTYPE html>\n<html lang=\"de\">\n<head>\n    <meta charset=\"UTF-8\">\n    <meta name=\"viewport\" content=\"width=device-width, initial-scale=1.0\">\n    <title>Aufz\u00e4hlungspunkte<\/title>\n    <style>\n        .custom-list {\n            list-style: none; \/* Entfernt die Standard-Aufz\u00e4hlungszeichen *\/\n            padding-left: 0;\n        }\n        .custom-list li {\n            position: relative;\n            padding-left: 20px; \/* Platz f\u00fcr das benutzerdefinierte Aufz\u00e4hlungszeichen *\/\n        }\n        .custom-list li::before {\n            content: \"\u203a\"; \/* Setzt das Aufz\u00e4hlungszeichen *\/\n            position: absolute;\n            left: 0; \/* Positioniert das Aufz\u00e4hlungszeichen *\/\n            color: black; \/* Farbe des Aufz\u00e4hlungszeichens *\/\n        }\n    <\/style>\n<\/head>\n<body>\n    <ul class=\"custom-list\">\n        <li>Helps with inflammation<\/li>\n        <li>For dry feet<\/li>\n        <li>For tired, heavy feet<\/li>\n    <\/ul>\n<\/body>\n<\/html>\n<\/p><\/div><div class=\"custom-page-item\"><div class=\"custom-page-thumbnail\"><a href=\"https:\/\/tal.ch\/en\/schuh-deo-spray\/\"><img decoding=\"async\" src=\"https:\/\/tal.ch\/wp-content\/uploads\/2026\/05\/Tal-Schuh-Deo-Spray-450-x-450-Pixel.png\" alt=\"Schuh Deo Spray\" \/><\/a><\/div><h3><a href=\"https:\/\/tal.ch\/en\/schuh-deo-spray\/\">Shoe deodorant spray<\/a><\/h3><p>Highly effective hygiene deodorant spray for shoes<br>\n\n<!DOCTYPE html>\n<html lang=\"de\">\n<head>\n    <meta charset=\"UTF-8\">\n    <meta name=\"viewport\" content=\"width=device-width, initial-scale=1.0\">\n    <title>Aufz\u00e4hlungspunkte<\/title>\n    <style>\n        .custom-list {\n            list-style: none; \/* Entfernt die Standard-Aufz\u00e4hlungszeichen *\/\n            padding-left: 0;\n        }\n        .custom-list li {\n            position: relative;\n            padding-left: 20px; \/* Platz f\u00fcr das benutzerdefinierte Aufz\u00e4hlungszeichen *\/\n        }\n        .custom-list li::before {\n            content: \"\u203a\"; \/* Setzt das Aufz\u00e4hlungszeichen *\/\n            position: absolute;\n            left: 0; \/* Positioniert das Aufz\u00e4hlungszeichen *\/\n            color: black; \/* Farbe des Aufz\u00e4hlungszeichens *\/\n        }\n    <\/style>\n<\/head>\n<body>\n    <ul class=\"custom-list\">\n        <li>Neutralises odours<\/li>\n        <li>Hygienic and cleansing<\/li>\n        <li>Suitable for all shoes<\/li>\n    <\/ul>\n<\/body>\n<\/html>\n<\/p><\/div><\/div><div class=\"pagination\"><\/div>\n\n\n<\/div>\n\t\t\t\t\t\t<\/div>\n\t\t\t\t<\/div>\n\t\t<div class=\"elementor-element elementor-element-aba911e e-flex e-con-boxed wpr-particle-no wpr-jarallax-no wpr-parallax-no wpr-sticky-section-no wpr-equal-height-no e-con e-parent\" data-id=\"aba911e\" data-element_type=\"container\" data-e-type=\"container\">\n\t\t\t\t\t<div class=\"e-con-inner\">\n\t\t\t\t<div class=\"elementor-element elementor-element-bba444d elementor-widget elementor-widget-spacer\" data-id=\"bba444d\" data-element_type=\"widget\" data-e-type=\"widget\" data-widget_type=\"spacer.default\">\n\t\t\t\t\t\t\t<div class=\"elementor-spacer\">\n\t\t\t<div class=\"elementor-spacer-inner\"><\/div>\n\t\t<\/div>\n\t\t\t\t\t\t<\/div>\n\t\t\t\t\t<\/div>\n\t\t\t\t<\/div>\n\t\t\t\t<\/div>","protected":false},"excerpt":{"rendered":"<p>FOOT CARE Our feet carry us through life. We often forget how important it is to look after them. They are exposed to a lot of stress every day. This can lead to dry skin and cracks on the feet.  Tal offers an excellent skin care concept for your feet that is specially tailored to your needs. With natural ingredients, Tal ensures that your feet remain healthy, supple and optimally cared for. Pamper your feet with our Tal MED foot line. Our foot care products<\/p>","protected":false},"author":1,"featured_media":0,"parent":0,"menu_order":16,"comment_status":"closed","ping_status":"closed","template":"","meta":{"footnotes":""},"tags":[],"class_list":["post-3479","page","type-page","status-publish","hentry"],"yoast_head":"<!-- This site is optimized with the Yoast SEO plugin v27.4 - https:\/\/yoast.com\/product\/yoast-seo-wordpress\/ -->\n<title>Fusspflege - Tal<\/title>\n<meta name=\"description\" content=\"Fusspflege f\u00fcr trockene F\u00fcsse: Entdecken Sie wirksame Schweizer Pflege von Tal f\u00fcr geschmeidige, gesunde und gepflegte Haut.\" \/>\n<meta name=\"robots\" content=\"index, follow, max-snippet:-1, max-image-preview:large, max-video-preview:-1\" \/>\n<link rel=\"canonical\" href=\"https:\/\/tal.ch\/en\/fusspflege-fuer-trockene-fuesse\/\" \/>\n<meta property=\"og:locale\" content=\"en_GB\" \/>\n<meta property=\"og:type\" content=\"article\" \/>\n<meta property=\"og:title\" content=\"Fusspflege - Tal\" \/>\n<meta property=\"og:description\" content=\"Fusspflege f\u00fcr trockene F\u00fcsse: Entdecken Sie wirksame Schweizer Pflege von Tal f\u00fcr geschmeidige, gesunde und gepflegte Haut.\" \/>\n<meta property=\"og:url\" content=\"https:\/\/tal.ch\/en\/fusspflege-fuer-trockene-fuesse\/\" \/>\n<meta property=\"og:site_name\" content=\"Tal\" \/>\n<meta property=\"article:publisher\" content=\"https:\/\/www.facebook.com\/tal.schweiz\/\" \/>\n<meta property=\"article:modified_time\" content=\"2026-05-04T09:59:21+00:00\" \/>\n<meta name=\"twitter:card\" content=\"summary_large_image\" \/>\n<meta name=\"twitter:label1\" content=\"Estimated reading time\" \/>\n\t<meta name=\"twitter:data1\" content=\"1 minute\" \/>\n<script type=\"application\/ld+json\" class=\"yoast-schema-graph\">{\"@context\":\"https:\\\/\\\/schema.org\",\"@graph\":[{\"@type\":\"WebPage\",\"@id\":\"https:\\\/\\\/tal.ch\\\/fusspflege-fuer-trockene-fuesse\\\/\",\"url\":\"https:\\\/\\\/tal.ch\\\/fusspflege-fuer-trockene-fuesse\\\/\",\"name\":\"Fusspflege - Tal\",\"isPartOf\":{\"@id\":\"https:\\\/\\\/tal.ch\\\/#website\"},\"datePublished\":\"2024-06-19T07:19:46+00:00\",\"dateModified\":\"2026-05-04T09:59:21+00:00\",\"description\":\"Fusspflege f\u00fcr trockene F\u00fcsse: Entdecken Sie wirksame Schweizer Pflege von Tal f\u00fcr geschmeidige, gesunde und gepflegte Haut.\",\"breadcrumb\":{\"@id\":\"https:\\\/\\\/tal.ch\\\/fusspflege-fuer-trockene-fuesse\\\/#breadcrumb\"},\"inLanguage\":\"en-GB\",\"potentialAction\":[{\"@type\":\"ReadAction\",\"target\":[\"https:\\\/\\\/tal.ch\\\/fusspflege-fuer-trockene-fuesse\\\/\"]}]},{\"@type\":\"BreadcrumbList\",\"@id\":\"https:\\\/\\\/tal.ch\\\/fusspflege-fuer-trockene-fuesse\\\/#breadcrumb\",\"itemListElement\":[{\"@type\":\"ListItem\",\"position\":1,\"name\":\"Startseite\",\"item\":\"https:\\\/\\\/tal.ch\\\/\"},{\"@type\":\"ListItem\",\"position\":2,\"name\":\"Fusspflege\"}]},{\"@type\":\"WebSite\",\"@id\":\"https:\\\/\\\/tal.ch\\\/#website\",\"url\":\"https:\\\/\\\/tal.ch\\\/\",\"name\":\"Tal\",\"description\":\"Pflanzenextrakte von h\u00f6chster Qualit\u00e4t\",\"publisher\":{\"@id\":\"https:\\\/\\\/tal.ch\\\/#organization\"},\"potentialAction\":[{\"@type\":\"SearchAction\",\"target\":{\"@type\":\"EntryPoint\",\"urlTemplate\":\"https:\\\/\\\/tal.ch\\\/?s={search_term_string}\"},\"query-input\":{\"@type\":\"PropertyValueSpecification\",\"valueRequired\":true,\"valueName\":\"search_term_string\"}}],\"inLanguage\":\"en-GB\"},{\"@type\":\"Organization\",\"@id\":\"https:\\\/\\\/tal.ch\\\/#organization\",\"name\":\"Tal\",\"url\":\"https:\\\/\\\/tal.ch\\\/\",\"logo\":{\"@type\":\"ImageObject\",\"inLanguage\":\"en-GB\",\"@id\":\"https:\\\/\\\/tal.ch\\\/#\\\/schema\\\/logo\\\/image\\\/\",\"url\":\"https:\\\/\\\/tal.ch\\\/wp-content\\\/uploads\\\/2024\\\/02\\\/Logo-Tal.png\",\"contentUrl\":\"https:\\\/\\\/tal.ch\\\/wp-content\\\/uploads\\\/2024\\\/02\\\/Logo-Tal.png\",\"width\":100,\"height\":157,\"caption\":\"Tal\"},\"image\":{\"@id\":\"https:\\\/\\\/tal.ch\\\/#\\\/schema\\\/logo\\\/image\\\/\"},\"sameAs\":[\"https:\\\/\\\/www.facebook.com\\\/tal.schweiz\\\/\"]}]}<\/script>\n<!-- \/ Yoast SEO plugin. -->","yoast_head_json":{"title":"Foot care - Valley","description":"Fusspflege f\u00fcr trockene F\u00fcsse: Entdecken Sie wirksame Schweizer Pflege von Tal f\u00fcr geschmeidige, gesunde und gepflegte Haut.","robots":{"index":"index","follow":"follow","max-snippet":"max-snippet:-1","max-image-preview":"max-image-preview:large","max-video-preview":"max-video-preview:-1"},"canonical":"https:\/\/tal.ch\/en\/fusspflege-fuer-trockene-fuesse\/","og_locale":"en_GB","og_type":"article","og_title":"Fusspflege - Tal","og_description":"Fusspflege f\u00fcr trockene F\u00fcsse: Entdecken Sie wirksame Schweizer Pflege von Tal f\u00fcr geschmeidige, gesunde und gepflegte Haut.","og_url":"https:\/\/tal.ch\/en\/fusspflege-fuer-trockene-fuesse\/","og_site_name":"Tal","article_publisher":"https:\/\/www.facebook.com\/tal.schweiz\/","article_modified_time":"2026-05-04T09:59:21+00:00","twitter_card":"summary_large_image","twitter_misc":{"Estimated reading time":"1 minute"},"schema":{"@context":"https:\/\/schema.org","@graph":[{"@type":"WebPage","@id":"https:\/\/tal.ch\/fusspflege-fuer-trockene-fuesse\/","url":"https:\/\/tal.ch\/fusspflege-fuer-trockene-fuesse\/","name":"Foot care - Valley","isPartOf":{"@id":"https:\/\/tal.ch\/#website"},"datePublished":"2024-06-19T07:19:46+00:00","dateModified":"2026-05-04T09:59:21+00:00","description":"Fusspflege f\u00fcr trockene F\u00fcsse: Entdecken Sie wirksame Schweizer Pflege von Tal f\u00fcr geschmeidige, gesunde und gepflegte Haut.","breadcrumb":{"@id":"https:\/\/tal.ch\/fusspflege-fuer-trockene-fuesse\/#breadcrumb"},"inLanguage":"en-GB","potentialAction":[{"@type":"ReadAction","target":["https:\/\/tal.ch\/fusspflege-fuer-trockene-fuesse\/"]}]},{"@type":"BreadcrumbList","@id":"https:\/\/tal.ch\/fusspflege-fuer-trockene-fuesse\/#breadcrumb","itemListElement":[{"@type":"ListItem","position":1,"name":"Startseite","item":"https:\/\/tal.ch\/"},{"@type":"ListItem","position":2,"name":"Fusspflege"}]},{"@type":"WebSite","@id":"https:\/\/tal.ch\/#website","url":"https:\/\/tal.ch\/","name":"Valley","description":"Plant extracts of the highest quality","publisher":{"@id":"https:\/\/tal.ch\/#organization"},"potentialAction":[{"@type":"SearchAction","target":{"@type":"EntryPoint","urlTemplate":"https:\/\/tal.ch\/?s={search_term_string}"},"query-input":{"@type":"PropertyValueSpecification","valueRequired":true,"valueName":"search_term_string"}}],"inLanguage":"en-GB"},{"@type":"Organization","@id":"https:\/\/tal.ch\/#organization","name":"Valley","url":"https:\/\/tal.ch\/","logo":{"@type":"ImageObject","inLanguage":"en-GB","@id":"https:\/\/tal.ch\/#\/schema\/logo\/image\/","url":"https:\/\/tal.ch\/wp-content\/uploads\/2024\/02\/Logo-Tal.png","contentUrl":"https:\/\/tal.ch\/wp-content\/uploads\/2024\/02\/Logo-Tal.png","width":100,"height":157,"caption":"Tal"},"image":{"@id":"https:\/\/tal.ch\/#\/schema\/logo\/image\/"},"sameAs":["https:\/\/www.facebook.com\/tal.schweiz\/"]}]}},"_links":{"self":[{"href":"https:\/\/tal.ch\/en\/wp-json\/wp\/v2\/pages\/3479","targetHints":{"allow":["GET"]}}],"collection":[{"href":"https:\/\/tal.ch\/en\/wp-json\/wp\/v2\/pages"}],"about":[{"href":"https:\/\/tal.ch\/en\/wp-json\/wp\/v2\/types\/page"}],"author":[{"embeddable":true,"href":"https:\/\/tal.ch\/en\/wp-json\/wp\/v2\/users\/1"}],"replies":[{"embeddable":true,"href":"https:\/\/tal.ch\/en\/wp-json\/wp\/v2\/comments?post=3479"}],"version-history":[{"count":43,"href":"https:\/\/tal.ch\/en\/wp-json\/wp\/v2\/pages\/3479\/revisions"}],"predecessor-version":[{"id":13435,"href":"https:\/\/tal.ch\/en\/wp-json\/wp\/v2\/pages\/3479\/revisions\/13435"}],"wp:attachment":[{"href":"https:\/\/tal.ch\/en\/wp-json\/wp\/v2\/media?parent=3479"}],"wp:term":[{"taxonomy":"post_tag","embeddable":true,"href":"https:\/\/tal.ch\/en\/wp-json\/wp\/v2\/tags?post=3479"}],"curies":[{"name":"wp","href":"https:\/\/api.w.org\/{rel}","templated":true}]}}