{"id":15377,"date":"2025-03-19T14:59:14","date_gmt":"2025-03-19T14:59:14","guid":{"rendered":"https:\/\/tal.ch\/?page_id=15377"},"modified":"2026-04-16T06:04:32","modified_gmt":"2026-04-16T06:04:32","slug":"ilona-maechler","status":"publish","type":"page","link":"https:\/\/tal.ch\/fr\/ilona-maechler\/","title":{"rendered":"Ilona Maechler"},"content":{"rendered":"<div data-elementor-type=\"wp-page\" data-elementor-id=\"15377\" class=\"elementor elementor-15377\" data-elementor-post-type=\"page\">\n\t\t\t\t<div class=\"elementor-element elementor-element-5c9a351 e-flex e-con-boxed wpr-particle-no wpr-jarallax-no wpr-parallax-no wpr-sticky-section-no wpr-equal-height-no e-con e-parent\" data-id=\"5c9a351\" data-element_type=\"container\" data-e-type=\"container\">\n\t\t\t\t\t<div class=\"e-con-inner\">\n\t\t\t\t<div class=\"elementor-element elementor-element-ea767c1 elementor-widget elementor-widget-spacer\" data-id=\"ea767c1\" data-element_type=\"widget\" data-e-type=\"widget\" data-widget_type=\"spacer.default\">\n\t\t\t\t\t\t\t<div class=\"elementor-spacer\">\n\t\t\t<div class=\"elementor-spacer-inner\"><\/div>\n\t\t<\/div>\n\t\t\t\t\t\t<\/div>\n\t\t\t\t\t<\/div>\n\t\t\t\t<\/div>\n\t\t<div class=\"elementor-element elementor-element-1cd01fa e-flex e-con-boxed wpr-particle-no wpr-jarallax-no wpr-parallax-no wpr-sticky-section-no wpr-equal-height-no e-con e-parent\" data-id=\"1cd01fa\" data-element_type=\"container\" data-e-type=\"container\">\n\t\t\t\t\t<div class=\"e-con-inner\">\n\t\t<div class=\"elementor-element elementor-element-8f9b0ae e-con-full e-flex wpr-particle-no wpr-jarallax-no wpr-parallax-no wpr-sticky-section-no wpr-equal-height-no e-con e-child\" data-id=\"8f9b0ae\" data-element_type=\"container\" data-e-type=\"container\">\n\t\t\t\t<div class=\"elementor-element elementor-element-5bb9304 elementor-widget elementor-widget-image\" data-id=\"5bb9304\" data-element_type=\"widget\" data-e-type=\"widget\" data-widget_type=\"image.default\">\n\t\t\t\t\t\t\t\t\t\t\t\t\t\t\t<img fetchpriority=\"high\" decoding=\"async\" width=\"500\" height=\"600\" src=\"https:\/\/tal.ch\/wp-content\/uploads\/2025\/03\/ilona.jpg\" class=\"attachment-full size-full wp-image-15317\" alt=\"\" srcset=\"https:\/\/tal.ch\/wp-content\/uploads\/2025\/03\/ilona.jpg 500w, https:\/\/tal.ch\/wp-content\/uploads\/2025\/03\/ilona-250x300.jpg 250w, https:\/\/tal.ch\/wp-content\/uploads\/2025\/03\/ilona-10x12.jpg 10w\" sizes=\"(max-width: 500px) 100vw, 500px\" \/>\t\t\t\t\t\t\t\t\t\t\t\t\t\t\t<\/div>\n\t\t\t\t<div class=\"elementor-element elementor-element-8c46fbd elementor-widget elementor-widget-text-editor\" data-id=\"8c46fbd\" data-element_type=\"widget\" data-e-type=\"widget\" data-widget_type=\"text-editor.default\">\n\t\t\t\t\t\t\t\t\t<p><strong>Ilona M\u00e4chler<br \/><\/strong>Droguiste dipl\u00f4m\u00e9e ES, propri\u00e9taire et g\u00e9rante<\/p><p><span style=\"text-decoration: underline; color: #000000;\"><a style=\"color: #000000; text-decoration: underline;\" href=\"https:\/\/www.natuerlichdrogerie.ch\/\" target=\"_blank\" rel=\"noopener\">Droguerie Naturelle, Gossau ZH<\/a><\/span><\/p>\t\t\t\t\t\t\t\t<\/div>\n\t\t\t\t<\/div>\n\t\t<div class=\"elementor-element elementor-element-4908ee0 e-con-full e-flex wpr-particle-no wpr-jarallax-no wpr-parallax-no wpr-sticky-section-no wpr-equal-height-no e-con e-child\" data-id=\"4908ee0\" data-element_type=\"container\" data-e-type=\"container\">\n\t\t\t\t<div class=\"elementor-element elementor-element-575dab5 elementor-widget elementor-widget-text-editor\" data-id=\"575dab5\" data-element_type=\"widget\" data-e-type=\"widget\" data-widget_type=\"text-editor.default\">\n\t\t\t\t\t\t\t\t\t<p><strong>Que repr\u00e9sente Tal selon vous ?<\/strong><br \/>Tal est pour moi synonyme de qualit\u00e9, de bien-\u00eatre, d'innovation associ\u00e9e \u00e0 des valeurs terre \u00e0 terre, ainsi que de tradition et de progr\u00e8s. Tal est une marque qui, gr\u00e2ce \u00e0 ses racines solides, fa\u00e7onne un avenir sain et innovant, qui est actuelle sur le march\u00e9 et qui r\u00e9pond habilement aux besoins des consommateurs\/trices.<br \/><br \/><strong>Qu'est-ce qui, selon vous, fait la sp\u00e9cificit\u00e9 de Tal ?<\/strong><br \/>La particularit\u00e9 de Tal est son origine et ses ingr\u00e9dients, qui proviennent de Suisse et refl\u00e8tent les valeurs de la marque. Sa longue existence et la fid\u00e9lit\u00e9 de ses clients sur plusieurs g\u00e9n\u00e9rations montrent qu'elle fait beaucoup de choses correctement. C'est la Suisse qui est dessus et dedans.<br \/><br \/><strong>Quel produit de la vall\u00e9e fonctionne particuli\u00e8rement bien pour vous ?<\/strong><br \/>Chez nous, c'est la cr\u00e8me pour les mains Tal Med classique repair en 75 ml et 150 ml qui fonctionne le mieux. Personnellement, je trouve la nouvelle cr\u00e8me pour les mains TAL Med protect g\u00e9niale ! Je la recommande volontiers et je suis ravie de constater que cette cr\u00e8me fonctionne elle aussi de mieux en mieux. \ud83d\ude0a<br \/><br \/><strong>Quels sont les commentaires de vos clients sur les produits Tal ?<\/strong><br \/>\"Ah, je l'ai d\u00e9j\u00e0 eue aussi, elle \u00e9tait tr\u00e8s bonne, je la reprends volontiers\" et parfois je peux encore expliquer ce qu'il y a eu de nouveau - mais elle est alors en fait d\u00e9j\u00e0 vendue. Y a-t-il un plus beau compliment \u00e0 faire \u00e0 une marque ?<\/p>\t\t\t\t\t\t\t\t<\/div>\n\t\t\t\t<\/div>\n\t\t\t\t\t<\/div>\n\t\t\t\t<\/div>\n\t\t<div class=\"elementor-element elementor-element-8610fe4 e-flex e-con-boxed wpr-particle-no wpr-jarallax-no wpr-parallax-no wpr-sticky-section-no wpr-equal-height-no e-con e-parent\" data-id=\"8610fe4\" data-element_type=\"container\" data-e-type=\"container\">\n\t\t\t\t\t<div class=\"e-con-inner\">\n\t\t\t\t<div class=\"elementor-element elementor-element-e8aa85f elementor-widget elementor-widget-spacer\" data-id=\"e8aa85f\" data-element_type=\"widget\" data-e-type=\"widget\" data-widget_type=\"spacer.default\">\n\t\t\t\t\t\t\t<div class=\"elementor-spacer\">\n\t\t\t<div class=\"elementor-spacer-inner\"><\/div>\n\t\t<\/div>\n\t\t\t\t\t\t<\/div>\n\t\t\t\t\t<\/div>\n\t\t\t\t<\/div>\n\t\t\t\t<\/div>","protected":false},"excerpt":{"rendered":"<p>Ilona M\u00e4chlerDroguiste dipl\u00f4m\u00e9e ES, propri\u00e9taire et directrice de Nat\u00fcrlich Drogerie, Gossau ZH Que repr\u00e9sente Tal \u00e0 votre avis ? Tal est pour moi synonyme de qualit\u00e9, de bien-\u00eatre, d'innovation associ\u00e9e \u00e0 des valeurs terre \u00e0 terre, ainsi que de tradition et de progr\u00e8s. Tal est une marque qui, gr\u00e2ce \u00e0 ses racines solides, fa\u00e7onne un avenir sain et innovant, qui est actuelle sur le march\u00e9 et qui r\u00e9pond habilement aux besoins des consommateurs\/trices. Selon vous, qu'est-ce qui fait la particularit\u00e9 de Tal ? La particularit\u00e9 de Tal est son origine et ses ingr\u00e9dients, qui proviennent de Suisse et refl\u00e8tent les valeurs de la marque. Sa longue existence et la fid\u00e9lit\u00e9 de ses clients sur plusieurs g\u00e9n\u00e9rations montrent qu'elle fait beaucoup de choses correctement. C'est la Suisse qui est dessus et dedans. Quel est le produit Tal qui marche le mieux chez vous ? Chez nous, c'est la cr\u00e8me pour les mains Tal Med repair classique en 75 ml et 150 ml qui marche le mieux. Personnellement, je trouve la nouvelle cr\u00e8me pour les mains TAL Med protect g\u00e9niale ! Je la recommande volontiers et je suis ravie de constater que cette cr\u00e8me fonctionne elle aussi de mieux en mieux. \ud83d\ude0a Quels retours recevez-vous de vos clientes et clients sur les produits Tal ? \"Ah, j'ai d\u00e9j\u00e0 eu celle-l\u00e0 aussi, elle \u00e9tait tr\u00e8s bonne, je la reprends volontiers.\" et parfois je peux encore expliquer ce qu'il y a de nouveau - mais elle est alors en fait d\u00e9j\u00e0 vendue. Y a-t-il un plus beau compliment que l'on puisse faire \u00e0 une marque ?<\/p>","protected":false},"author":1,"featured_media":0,"parent":0,"menu_order":36,"comment_status":"closed","ping_status":"closed","template":"elementor_header_footer","meta":{"footnotes":""},"tags":[],"class_list":["post-15377","page","type-page","status-publish","hentry"],"yoast_head":"<!-- This site is optimized with the Yoast SEO plugin v27.4 - https:\/\/yoast.com\/product\/yoast-seo-wordpress\/ -->\n<title>Ilona Maechler - Tal<\/title>\n<meta name=\"robots\" content=\"index, follow, max-snippet:-1, max-image-preview:large, max-video-preview:-1\" \/>\n<link rel=\"canonical\" href=\"https:\/\/tal.ch\/fr\/ilona-maechler\/\" \/>\n<meta property=\"og:locale\" content=\"fr_FR\" \/>\n<meta property=\"og:type\" content=\"article\" \/>\n<meta property=\"og:title\" content=\"Ilona Maechler - Tal\" \/>\n<meta property=\"og:description\" content=\"Ilona M\u00e4chlerDipl. Drogistin HF, Inhaberin und Gesch\u00e4ftsf\u00fchrerin Nat\u00fcrlich Drogerie, Gossau ZH Wof\u00fcr steht Tal Ihrer Meinung nach?Tal steht f\u00fcr mich f\u00fcr Qualit\u00e4t, Wohlbefinden, Innovation gepaart mit bodenst\u00e4ndigen Werten, sowie f\u00fcr Tradition und Fortschritt. Tal ist eine Marke, die durch starke Wurzeln eine gesunde, innovative Zukunft gestaltet, aktuell am Markt ist und auf die Bed\u00fcrfnisse der Konsumenten\/innen gekonnt eingeht. Was macht Tal Ihrer Meinung nach besonders?Das besondere an Tal ist ihr Ursprung und die Inhaltstoffe, die aus der Schweiz kommen und die Werte der Marke wiederspiegeln. Ihr langes Bestehen, die Kundentreue \u00fcber viele Generationen zeigt, dass sie vieles Richtig macht. Da ist Schweiz drauf und drin. Welches Tal-Produkt l\u00e4uft bei Ihnen besonders gut?Bei uns l\u00e4uft die klassische Tal Med Handcreme repair in den Gr\u00f6ssen 75ml und 150ml am besten. Ich pers\u00f6nlich finde die neue TAL Med Handcreme protect der Wahnsinn! Ich empfehle sie sehr gerne und es freut mich, dass auch diese Creme immer besser l\u00e4uft. \ud83d\ude0a Welche R\u00fcckmeldungen erhalten Sie von Ihren Kundinnen und Kunden zu Tal-Produkten?\u00abAh, die hatte ich auch schon, die war sehr gut, ich nehme sie gerne nochmals.\u00bb und manchmal kann ich noch erl\u00e4utern was es Neues gegeben hat \u2013 aber sie ist dann eigentlich schon verkauft. Gibt es ein sch\u00f6neres Kompliment an eine Marke?\" \/>\n<meta property=\"og:url\" content=\"https:\/\/tal.ch\/fr\/ilona-maechler\/\" \/>\n<meta property=\"og:site_name\" content=\"Tal\" \/>\n<meta property=\"article:publisher\" content=\"https:\/\/www.facebook.com\/tal.schweiz\/\" \/>\n<meta property=\"article:modified_time\" content=\"2026-04-16T06:04:32+00:00\" \/>\n<meta property=\"og:image\" content=\"https:\/\/tal.ch\/wp-content\/uploads\/2025\/03\/ilona.jpg\" \/>\n\t<meta property=\"og:image:width\" content=\"500\" \/>\n\t<meta property=\"og:image:height\" content=\"600\" \/>\n\t<meta property=\"og:image:type\" content=\"image\/jpeg\" \/>\n<meta name=\"twitter:card\" content=\"summary_large_image\" \/>\n<meta name=\"twitter:label1\" content=\"Dur\u00e9e de lecture estim\u00e9e\" \/>\n\t<meta name=\"twitter:data1\" content=\"2 minutes\" \/>\n<script type=\"application\/ld+json\" class=\"yoast-schema-graph\">{\"@context\":\"https:\\\/\\\/schema.org\",\"@graph\":[{\"@type\":\"WebPage\",\"@id\":\"https:\\\/\\\/tal.ch\\\/ilona-maechler\\\/\",\"url\":\"https:\\\/\\\/tal.ch\\\/ilona-maechler\\\/\",\"name\":\"Ilona Maechler - Tal\",\"isPartOf\":{\"@id\":\"https:\\\/\\\/tal.ch\\\/#website\"},\"primaryImageOfPage\":{\"@id\":\"https:\\\/\\\/tal.ch\\\/ilona-maechler\\\/#primaryimage\"},\"image\":{\"@id\":\"https:\\\/\\\/tal.ch\\\/ilona-maechler\\\/#primaryimage\"},\"thumbnailUrl\":\"https:\\\/\\\/tal.ch\\\/wp-content\\\/uploads\\\/2025\\\/03\\\/ilona.jpg\",\"datePublished\":\"2025-03-19T14:59:14+00:00\",\"dateModified\":\"2026-04-16T06:04:32+00:00\",\"breadcrumb\":{\"@id\":\"https:\\\/\\\/tal.ch\\\/ilona-maechler\\\/#breadcrumb\"},\"inLanguage\":\"fr-FR\",\"potentialAction\":[{\"@type\":\"ReadAction\",\"target\":[\"https:\\\/\\\/tal.ch\\\/ilona-maechler\\\/\"]}]},{\"@type\":\"ImageObject\",\"inLanguage\":\"fr-FR\",\"@id\":\"https:\\\/\\\/tal.ch\\\/ilona-maechler\\\/#primaryimage\",\"url\":\"https:\\\/\\\/tal.ch\\\/wp-content\\\/uploads\\\/2025\\\/03\\\/ilona.jpg\",\"contentUrl\":\"https:\\\/\\\/tal.ch\\\/wp-content\\\/uploads\\\/2025\\\/03\\\/ilona.jpg\"},{\"@type\":\"BreadcrumbList\",\"@id\":\"https:\\\/\\\/tal.ch\\\/ilona-maechler\\\/#breadcrumb\",\"itemListElement\":[{\"@type\":\"ListItem\",\"position\":1,\"name\":\"Startseite\",\"item\":\"https:\\\/\\\/tal.ch\\\/\"},{\"@type\":\"ListItem\",\"position\":2,\"name\":\"Ilona Maechler\"}]},{\"@type\":\"WebSite\",\"@id\":\"https:\\\/\\\/tal.ch\\\/#website\",\"url\":\"https:\\\/\\\/tal.ch\\\/\",\"name\":\"Tal\",\"description\":\"Pflanzenextrakte von h\u00f6chster Qualit\u00e4t\",\"publisher\":{\"@id\":\"https:\\\/\\\/tal.ch\\\/#organization\"},\"potentialAction\":[{\"@type\":\"SearchAction\",\"target\":{\"@type\":\"EntryPoint\",\"urlTemplate\":\"https:\\\/\\\/tal.ch\\\/?s={search_term_string}\"},\"query-input\":{\"@type\":\"PropertyValueSpecification\",\"valueRequired\":true,\"valueName\":\"search_term_string\"}}],\"inLanguage\":\"fr-FR\"},{\"@type\":\"Organization\",\"@id\":\"https:\\\/\\\/tal.ch\\\/#organization\",\"name\":\"Tal\",\"url\":\"https:\\\/\\\/tal.ch\\\/\",\"logo\":{\"@type\":\"ImageObject\",\"inLanguage\":\"fr-FR\",\"@id\":\"https:\\\/\\\/tal.ch\\\/#\\\/schema\\\/logo\\\/image\\\/\",\"url\":\"https:\\\/\\\/tal.ch\\\/wp-content\\\/uploads\\\/2024\\\/02\\\/Logo-Tal.png\",\"contentUrl\":\"https:\\\/\\\/tal.ch\\\/wp-content\\\/uploads\\\/2024\\\/02\\\/Logo-Tal.png\",\"width\":100,\"height\":157,\"caption\":\"Tal\"},\"image\":{\"@id\":\"https:\\\/\\\/tal.ch\\\/#\\\/schema\\\/logo\\\/image\\\/\"},\"sameAs\":[\"https:\\\/\\\/www.facebook.com\\\/tal.schweiz\\\/\"]}]}<\/script>\n<!-- \/ Yoast SEO plugin. -->","yoast_head_json":{"title":"Ilona Maechler - Tal","robots":{"index":"index","follow":"follow","max-snippet":"max-snippet:-1","max-image-preview":"max-image-preview:large","max-video-preview":"max-video-preview:-1"},"canonical":"https:\/\/tal.ch\/fr\/ilona-maechler\/","og_locale":"fr_FR","og_type":"article","og_title":"Ilona Maechler - Tal","og_description":"Ilona M\u00e4chlerDipl. Drogistin HF, Inhaberin und Gesch\u00e4ftsf\u00fchrerin Nat\u00fcrlich Drogerie, Gossau ZH Wof\u00fcr steht Tal Ihrer Meinung nach?Tal steht f\u00fcr mich f\u00fcr Qualit\u00e4t, Wohlbefinden, Innovation gepaart mit bodenst\u00e4ndigen Werten, sowie f\u00fcr Tradition und Fortschritt. Tal ist eine Marke, die durch starke Wurzeln eine gesunde, innovative Zukunft gestaltet, aktuell am Markt ist und auf die Bed\u00fcrfnisse der Konsumenten\/innen gekonnt eingeht. Was macht Tal Ihrer Meinung nach besonders?Das besondere an Tal ist ihr Ursprung und die Inhaltstoffe, die aus der Schweiz kommen und die Werte der Marke wiederspiegeln. Ihr langes Bestehen, die Kundentreue \u00fcber viele Generationen zeigt, dass sie vieles Richtig macht. Da ist Schweiz drauf und drin. Welches Tal-Produkt l\u00e4uft bei Ihnen besonders gut?Bei uns l\u00e4uft die klassische Tal Med Handcreme repair in den Gr\u00f6ssen 75ml und 150ml am besten. Ich pers\u00f6nlich finde die neue TAL Med Handcreme protect der Wahnsinn! Ich empfehle sie sehr gerne und es freut mich, dass auch diese Creme immer besser l\u00e4uft. \ud83d\ude0a Welche R\u00fcckmeldungen erhalten Sie von Ihren Kundinnen und Kunden zu Tal-Produkten?\u00abAh, die hatte ich auch schon, die war sehr gut, ich nehme sie gerne nochmals.\u00bb und manchmal kann ich noch erl\u00e4utern was es Neues gegeben hat \u2013 aber sie ist dann eigentlich schon verkauft. Gibt es ein sch\u00f6neres Kompliment an eine Marke?","og_url":"https:\/\/tal.ch\/fr\/ilona-maechler\/","og_site_name":"Tal","article_publisher":"https:\/\/www.facebook.com\/tal.schweiz\/","article_modified_time":"2026-04-16T06:04:32+00:00","og_image":[{"width":500,"height":600,"url":"https:\/\/tal.ch\/wp-content\/uploads\/2025\/03\/ilona.jpg","type":"image\/jpeg"}],"twitter_card":"summary_large_image","twitter_misc":{"Dur\u00e9e de lecture estim\u00e9e":"2 minutes"},"schema":{"@context":"https:\/\/schema.org","@graph":[{"@type":"WebPage","@id":"https:\/\/tal.ch\/ilona-maechler\/","url":"https:\/\/tal.ch\/ilona-maechler\/","name":"Ilona Maechler - Tal","isPartOf":{"@id":"https:\/\/tal.ch\/#website"},"primaryImageOfPage":{"@id":"https:\/\/tal.ch\/ilona-maechler\/#primaryimage"},"image":{"@id":"https:\/\/tal.ch\/ilona-maechler\/#primaryimage"},"thumbnailUrl":"https:\/\/tal.ch\/wp-content\/uploads\/2025\/03\/ilona.jpg","datePublished":"2025-03-19T14:59:14+00:00","dateModified":"2026-04-16T06:04:32+00:00","breadcrumb":{"@id":"https:\/\/tal.ch\/ilona-maechler\/#breadcrumb"},"inLanguage":"fr-FR","potentialAction":[{"@type":"ReadAction","target":["https:\/\/tal.ch\/ilona-maechler\/"]}]},{"@type":"ImageObject","inLanguage":"fr-FR","@id":"https:\/\/tal.ch\/ilona-maechler\/#primaryimage","url":"https:\/\/tal.ch\/wp-content\/uploads\/2025\/03\/ilona.jpg","contentUrl":"https:\/\/tal.ch\/wp-content\/uploads\/2025\/03\/ilona.jpg"},{"@type":"BreadcrumbList","@id":"https:\/\/tal.ch\/ilona-maechler\/#breadcrumb","itemListElement":[{"@type":"ListItem","position":1,"name":"Startseite","item":"https:\/\/tal.ch\/"},{"@type":"ListItem","position":2,"name":"Ilona Maechler"}]},{"@type":"WebSite","@id":"https:\/\/tal.ch\/#website","url":"https:\/\/tal.ch\/","name":"Vall\u00e9e","description":"Extraits de plantes de la plus haute qualit\u00e9","publisher":{"@id":"https:\/\/tal.ch\/#organization"},"potentialAction":[{"@type":"SearchAction","target":{"@type":"EntryPoint","urlTemplate":"https:\/\/tal.ch\/?s={search_term_string}"},"query-input":{"@type":"PropertyValueSpecification","valueRequired":true,"valueName":"search_term_string"}}],"inLanguage":"fr-FR"},{"@type":"Organization","@id":"https:\/\/tal.ch\/#organization","name":"Vall\u00e9e","url":"https:\/\/tal.ch\/","logo":{"@type":"ImageObject","inLanguage":"fr-FR","@id":"https:\/\/tal.ch\/#\/schema\/logo\/image\/","url":"https:\/\/tal.ch\/wp-content\/uploads\/2024\/02\/Logo-Tal.png","contentUrl":"https:\/\/tal.ch\/wp-content\/uploads\/2024\/02\/Logo-Tal.png","width":100,"height":157,"caption":"Tal"},"image":{"@id":"https:\/\/tal.ch\/#\/schema\/logo\/image\/"},"sameAs":["https:\/\/www.facebook.com\/tal.schweiz\/"]}]}},"_links":{"self":[{"href":"https:\/\/tal.ch\/fr\/wp-json\/wp\/v2\/pages\/15377","targetHints":{"allow":["GET"]}}],"collection":[{"href":"https:\/\/tal.ch\/fr\/wp-json\/wp\/v2\/pages"}],"about":[{"href":"https:\/\/tal.ch\/fr\/wp-json\/wp\/v2\/types\/page"}],"author":[{"embeddable":true,"href":"https:\/\/tal.ch\/fr\/wp-json\/wp\/v2\/users\/1"}],"replies":[{"embeddable":true,"href":"https:\/\/tal.ch\/fr\/wp-json\/wp\/v2\/comments?post=15377"}],"version-history":[{"count":31,"href":"https:\/\/tal.ch\/fr\/wp-json\/wp\/v2\/pages\/15377\/revisions"}],"predecessor-version":[{"id":15411,"href":"https:\/\/tal.ch\/fr\/wp-json\/wp\/v2\/pages\/15377\/revisions\/15411"}],"wp:attachment":[{"href":"https:\/\/tal.ch\/fr\/wp-json\/wp\/v2\/media?parent=15377"}],"wp:term":[{"taxonomy":"post_tag","embeddable":true,"href":"https:\/\/tal.ch\/fr\/wp-json\/wp\/v2\/tags?post=15377"}],"curies":[{"name":"wp","href":"https:\/\/api.w.org\/{rel}","templated":true}]}}