{"id":15455,"date":"2025-03-27T13:23:04","date_gmt":"2025-03-27T13:23:04","guid":{"rendered":"https:\/\/tal.ch\/?page_id=15455"},"modified":"2025-04-01T11:45:26","modified_gmt":"2025-04-01T11:45:26","slug":"eveline-waldburger","status":"publish","type":"page","link":"https:\/\/tal.ch\/fr\/eveline-waldburger\/","title":{"rendered":"Eveline Waldburger"},"content":{"rendered":"<div data-elementor-type=\"wp-page\" data-elementor-id=\"15455\" class=\"elementor elementor-15455\" data-elementor-post-type=\"page\">\n\t\t\t\t<div class=\"elementor-element elementor-element-5c9a351 e-flex e-con-boxed wpr-particle-no wpr-jarallax-no wpr-parallax-no wpr-sticky-section-no e-con e-parent\" data-id=\"5c9a351\" data-element_type=\"container\">\n\t\t\t\t\t<div class=\"e-con-inner\">\n\t\t\t\t<div class=\"elementor-element elementor-element-ea767c1 elementor-widget elementor-widget-spacer\" data-id=\"ea767c1\" data-element_type=\"widget\" data-widget_type=\"spacer.default\">\n\t\t\t\t\t\t\t<div class=\"elementor-spacer\">\n\t\t\t<div class=\"elementor-spacer-inner\"><\/div>\n\t\t<\/div>\n\t\t\t\t\t\t<\/div>\n\t\t\t\t\t<\/div>\n\t\t\t\t<\/div>\n\t\t<div class=\"elementor-element elementor-element-1cd01fa e-flex e-con-boxed wpr-particle-no wpr-jarallax-no wpr-parallax-no wpr-sticky-section-no e-con e-parent\" data-id=\"1cd01fa\" data-element_type=\"container\">\n\t\t\t\t\t<div class=\"e-con-inner\">\n\t\t<div class=\"elementor-element elementor-element-8f9b0ae e-con-full e-flex wpr-particle-no wpr-jarallax-no wpr-parallax-no wpr-sticky-section-no e-con e-child\" data-id=\"8f9b0ae\" data-element_type=\"container\">\n\t\t\t\t<div class=\"elementor-element elementor-element-5bb9304 elementor-widget elementor-widget-image\" data-id=\"5bb9304\" data-element_type=\"widget\" data-widget_type=\"image.default\">\n\t\t\t\t\t\t\t\t\t\t\t\t\t\t\t<img fetchpriority=\"high\" decoding=\"async\" width=\"500\" height=\"600\" src=\"https:\/\/tal.ch\/wp-content\/uploads\/2025\/03\/Bild-Eveline-Waldburger-zugeschnitten-500-x-600-Pixel.png\" class=\"attachment-full size-full wp-image-15457\" alt=\"\" srcset=\"https:\/\/tal.ch\/wp-content\/uploads\/2025\/03\/Bild-Eveline-Waldburger-zugeschnitten-500-x-600-Pixel.png 500w, https:\/\/tal.ch\/wp-content\/uploads\/2025\/03\/Bild-Eveline-Waldburger-zugeschnitten-500-x-600-Pixel-250x300.png 250w, https:\/\/tal.ch\/wp-content\/uploads\/2025\/03\/Bild-Eveline-Waldburger-zugeschnitten-500-x-600-Pixel-10x12.png 10w\" sizes=\"(max-width: 500px) 100vw, 500px\" \/>\t\t\t\t\t\t\t\t\t\t\t\t\t\t\t<\/div>\n\t\t\t\t<div class=\"elementor-element elementor-element-8c46fbd elementor-widget elementor-widget-text-editor\" data-id=\"8c46fbd\" data-element_type=\"widget\" data-widget_type=\"text-editor.default\">\n\t\t\t\t\t\t\t\t\t<p><b>Eveline Waldburger<br \/><\/b>Assistante en pharmacie et hom\u00e9opathe<br \/><b><\/b><a href=\"https:\/\/ihre-apotheke.ch\/de\/1445\/st-gallen\/amavita-apotheke-gallusmarkt-galenicare-ag\" target=\"_blank\" rel=\"noopener\"><span style=\"color: #000000;\"><u>Pharmacie Amavita Gallusmarkt<\/u><\/span><\/a><\/p>\t\t\t\t\t\t\t\t<\/div>\n\t\t\t\t<\/div>\n\t\t<div class=\"elementor-element elementor-element-4908ee0 e-con-full e-flex wpr-particle-no wpr-jarallax-no wpr-parallax-no wpr-sticky-section-no e-con e-child\" data-id=\"4908ee0\" data-element_type=\"container\">\n\t\t\t\t<div class=\"elementor-element elementor-element-575dab5 elementor-widget elementor-widget-text-editor\" data-id=\"575dab5\" data-element_type=\"widget\" data-widget_type=\"text-editor.default\">\n\t\t\t\t\t\t\t\t\t<p><strong>Que repr\u00e9sente Tal selon vous ?<\/strong><br \/>Qualit\u00e9, efficacit\u00e9, \u00e9prouv\u00e9 depuis longtemps et Swissmade.<\/p><p><strong>Qu'est-ce qui, selon vous, fait la sp\u00e9cificit\u00e9 de Tal ?<br \/><\/strong>La cr\u00e8me p\u00e9n\u00e8tre bien sans \u00eatre grasse, elle a une grande efficacit\u00e9 et le tube est tr\u00e8s agr\u00e9able dans la main (caresse de la main). Elle existe en version parfum\u00e9e et non parfum\u00e9e.<\/p><p><strong>Quel produit de la vall\u00e9e fonctionne particuli\u00e8rement bien pour vous ?<\/strong><br \/>La Tal MED repair en exclusivit\u00e9 dans les tailles 75 et 150 ml.<\/p><p><strong>Quels sont les commentaires de vos clients sur les produits Tal ?<\/strong>Les clientes et clients sont tr\u00e8s satisfaits et restent fid\u00e8les \u00e0 la cr\u00e8me pour les mains.<\/p>\t\t\t\t\t\t\t\t<\/div>\n\t\t\t\t<\/div>\n\t\t\t\t\t<\/div>\n\t\t\t\t<\/div>\n\t\t<div class=\"elementor-element elementor-element-8610fe4 e-flex e-con-boxed wpr-particle-no wpr-jarallax-no wpr-parallax-no wpr-sticky-section-no e-con e-parent\" data-id=\"8610fe4\" data-element_type=\"container\">\n\t\t\t\t\t<div class=\"e-con-inner\">\n\t\t\t\t<div class=\"elementor-element elementor-element-e8aa85f elementor-widget elementor-widget-spacer\" data-id=\"e8aa85f\" data-element_type=\"widget\" data-widget_type=\"spacer.default\">\n\t\t\t\t\t\t\t<div class=\"elementor-spacer\">\n\t\t\t<div class=\"elementor-spacer-inner\"><\/div>\n\t\t<\/div>\n\t\t\t\t\t\t<\/div>\n\t\t\t\t\t<\/div>\n\t\t\t\t<\/div>\n\t\t\t\t<\/div>","protected":false},"excerpt":{"rendered":"<p>Eveline WaldburgerAssistante en pharmacie et hom\u00e9opatheAmavita Apotheke Gallusmarkt Que repr\u00e9sente Tal \u00e0 votre avis?qualit\u00e9, efficacit\u00e9, \u00e9prouv\u00e9 depuis longtemps et Swissmade. Qu'est-ce qui fait la particularit\u00e9 de Tal selon vous ? La cr\u00e8me p\u00e9n\u00e8tre bien sans \u00eatre grasse, elle est tr\u00e8s efficace et le tube est tr\u00e8s agr\u00e9able \u00e0 tenir en main (caresse). Elle existe en version parfum\u00e9e et non parfum\u00e9e. Quel produit Tal marche particuli\u00e8rement bien chez vous ? Le Tal MED repair en exclusivit\u00e9 dans les tailles 75 et 150 ml. Quels sont les commentaires de vos clients sur les produits Tal ? Les clients sont tr\u00e8s satisfaits et restent fid\u00e8les \u00e0 la cr\u00e8me pour les mains.<\/p>","protected":false},"author":2,"featured_media":0,"parent":0,"menu_order":12,"comment_status":"closed","ping_status":"closed","template":"elementor_header_footer","meta":{"footnotes":""},"tags":[],"class_list":["post-15455","page","type-page","status-publish","hentry"],"yoast_head":"<!-- This site is optimized with the Yoast SEO plugin v26.8 - https:\/\/yoast.com\/product\/yoast-seo-wordpress\/ -->\n<title>Eveline Waldburger - Tal<\/title>\n<meta name=\"robots\" content=\"index, follow, max-snippet:-1, max-image-preview:large, max-video-preview:-1\" \/>\n<link rel=\"canonical\" href=\"https:\/\/tal.ch\/fr\/eveline-waldburger\/\" \/>\n<meta property=\"og:locale\" content=\"fr_FR\" \/>\n<meta property=\"og:type\" content=\"article\" \/>\n<meta property=\"og:title\" content=\"Eveline Waldburger - Tal\" \/>\n<meta property=\"og:description\" content=\"Eveline WaldburgerPharma-Assistentin und Hom\u00f6opathinAmavita Apotheke Gallusmarkt Wof\u00fcr steht Tal Ihrer Meinung nach?Qualit\u00e4t, Wirksamkeit, lange bew\u00e4hrt und Swissmade. Was macht Tal Ihrer Meinung nach besonders?Die Creme zieht gut ein ohne zu fetten, hat eine hohe Wirksamkeit und die Tube f\u00fchlt sich in der Hand sehr gut an (Handschmeichler). Es gibt sie parf\u00fcmiert und unparf\u00fcmiert. Welches Tal-Produkt l\u00e4uft bei Ihnen besonders gut?Die Tal MED\u00a0 repair exklusiv in den Gr\u00f6ssen 75 und 150 ml. Welche R\u00fcckmeldungen erhalten Sie von Ihren Kundinnen und Kunden zu Tal-Produkten?Die Kundinnen und Kunden sind sehr zufrieden und bleiben der Handcr\u00e8me treu.\" \/>\n<meta property=\"og:url\" content=\"https:\/\/tal.ch\/fr\/eveline-waldburger\/\" \/>\n<meta property=\"og:site_name\" content=\"Tal\" \/>\n<meta property=\"article:publisher\" content=\"https:\/\/www.facebook.com\/tal.schweiz\/\" \/>\n<meta property=\"article:modified_time\" content=\"2025-04-01T11:45:26+00:00\" \/>\n<meta property=\"og:image\" content=\"https:\/\/tal.ch\/wp-content\/uploads\/2025\/03\/Bild-Eveline-Waldburger-zugeschnitten-500-x-600-Pixel.png\" \/>\n\t<meta property=\"og:image:width\" content=\"500\" \/>\n\t<meta property=\"og:image:height\" content=\"600\" \/>\n\t<meta property=\"og:image:type\" content=\"image\/png\" \/>\n<meta name=\"twitter:card\" content=\"summary_large_image\" \/>\n<meta name=\"twitter:label1\" content=\"Dur\u00e9e de lecture estim\u00e9e\" \/>\n\t<meta name=\"twitter:data1\" content=\"1 minute\" \/>\n<script type=\"application\/ld+json\" class=\"yoast-schema-graph\">{\"@context\":\"https:\/\/schema.org\",\"@graph\":[{\"@type\":\"WebPage\",\"@id\":\"https:\/\/tal.ch\/eveline-waldburger\/\",\"url\":\"https:\/\/tal.ch\/eveline-waldburger\/\",\"name\":\"Eveline Waldburger - Tal\",\"isPartOf\":{\"@id\":\"https:\/\/tal.ch\/#website\"},\"primaryImageOfPage\":{\"@id\":\"https:\/\/tal.ch\/eveline-waldburger\/#primaryimage\"},\"image\":{\"@id\":\"https:\/\/tal.ch\/eveline-waldburger\/#primaryimage\"},\"thumbnailUrl\":\"https:\/\/tal.ch\/wp-content\/uploads\/2025\/03\/Bild-Eveline-Waldburger-zugeschnitten-500-x-600-Pixel.png\",\"datePublished\":\"2025-03-27T13:23:04+00:00\",\"dateModified\":\"2025-04-01T11:45:26+00:00\",\"breadcrumb\":{\"@id\":\"https:\/\/tal.ch\/eveline-waldburger\/#breadcrumb\"},\"inLanguage\":\"fr-FR\",\"potentialAction\":[{\"@type\":\"ReadAction\",\"target\":[\"https:\/\/tal.ch\/eveline-waldburger\/\"]}]},{\"@type\":\"ImageObject\",\"inLanguage\":\"fr-FR\",\"@id\":\"https:\/\/tal.ch\/eveline-waldburger\/#primaryimage\",\"url\":\"https:\/\/tal.ch\/wp-content\/uploads\/2025\/03\/Bild-Eveline-Waldburger-zugeschnitten-500-x-600-Pixel.png\",\"contentUrl\":\"https:\/\/tal.ch\/wp-content\/uploads\/2025\/03\/Bild-Eveline-Waldburger-zugeschnitten-500-x-600-Pixel.png\"},{\"@type\":\"BreadcrumbList\",\"@id\":\"https:\/\/tal.ch\/eveline-waldburger\/#breadcrumb\",\"itemListElement\":[{\"@type\":\"ListItem\",\"position\":1,\"name\":\"Startseite\",\"item\":\"https:\/\/tal.ch\/\"},{\"@type\":\"ListItem\",\"position\":2,\"name\":\"Eveline Waldburger\"}]},{\"@type\":\"WebSite\",\"@id\":\"https:\/\/tal.ch\/#website\",\"url\":\"https:\/\/tal.ch\/\",\"name\":\"Tal\",\"description\":\"Pflanzenextrakte von h\u00f6chster Qualit\u00e4t\",\"publisher\":{\"@id\":\"https:\/\/tal.ch\/#organization\"},\"potentialAction\":[{\"@type\":\"SearchAction\",\"target\":{\"@type\":\"EntryPoint\",\"urlTemplate\":\"https:\/\/tal.ch\/?s={search_term_string}\"},\"query-input\":{\"@type\":\"PropertyValueSpecification\",\"valueRequired\":true,\"valueName\":\"search_term_string\"}}],\"inLanguage\":\"fr-FR\"},{\"@type\":\"Organization\",\"@id\":\"https:\/\/tal.ch\/#organization\",\"name\":\"Tal\",\"url\":\"https:\/\/tal.ch\/\",\"logo\":{\"@type\":\"ImageObject\",\"inLanguage\":\"fr-FR\",\"@id\":\"https:\/\/tal.ch\/#\/schema\/logo\/image\/\",\"url\":\"https:\/\/tal.ch\/wp-content\/uploads\/2024\/02\/Logo-Tal.png\",\"contentUrl\":\"https:\/\/tal.ch\/wp-content\/uploads\/2024\/02\/Logo-Tal.png\",\"width\":100,\"height\":157,\"caption\":\"Tal\"},\"image\":{\"@id\":\"https:\/\/tal.ch\/#\/schema\/logo\/image\/\"},\"sameAs\":[\"https:\/\/www.facebook.com\/tal.schweiz\/\"]}]}<\/script>\n<!-- \/ Yoast SEO plugin. -->","yoast_head_json":{"title":"Eveline Waldburger - Tal","robots":{"index":"index","follow":"follow","max-snippet":"max-snippet:-1","max-image-preview":"max-image-preview:large","max-video-preview":"max-video-preview:-1"},"canonical":"https:\/\/tal.ch\/fr\/eveline-waldburger\/","og_locale":"fr_FR","og_type":"article","og_title":"Eveline Waldburger - Tal","og_description":"Eveline WaldburgerPharma-Assistentin und Hom\u00f6opathinAmavita Apotheke Gallusmarkt Wof\u00fcr steht Tal Ihrer Meinung nach?Qualit\u00e4t, Wirksamkeit, lange bew\u00e4hrt und Swissmade. Was macht Tal Ihrer Meinung nach besonders?Die Creme zieht gut ein ohne zu fetten, hat eine hohe Wirksamkeit und die Tube f\u00fchlt sich in der Hand sehr gut an (Handschmeichler). Es gibt sie parf\u00fcmiert und unparf\u00fcmiert. Welches Tal-Produkt l\u00e4uft bei Ihnen besonders gut?Die Tal MED\u00a0 repair exklusiv in den Gr\u00f6ssen 75 und 150 ml. Welche R\u00fcckmeldungen erhalten Sie von Ihren Kundinnen und Kunden zu Tal-Produkten?Die Kundinnen und Kunden sind sehr zufrieden und bleiben der Handcr\u00e8me treu.","og_url":"https:\/\/tal.ch\/fr\/eveline-waldburger\/","og_site_name":"Tal","article_publisher":"https:\/\/www.facebook.com\/tal.schweiz\/","article_modified_time":"2025-04-01T11:45:26+00:00","og_image":[{"width":500,"height":600,"url":"https:\/\/tal.ch\/wp-content\/uploads\/2025\/03\/Bild-Eveline-Waldburger-zugeschnitten-500-x-600-Pixel.png","type":"image\/png"}],"twitter_card":"summary_large_image","twitter_misc":{"Dur\u00e9e de lecture estim\u00e9e":"1 minute"},"schema":{"@context":"https:\/\/schema.org","@graph":[{"@type":"WebPage","@id":"https:\/\/tal.ch\/eveline-waldburger\/","url":"https:\/\/tal.ch\/eveline-waldburger\/","name":"Eveline Waldburger - Tal","isPartOf":{"@id":"https:\/\/tal.ch\/#website"},"primaryImageOfPage":{"@id":"https:\/\/tal.ch\/eveline-waldburger\/#primaryimage"},"image":{"@id":"https:\/\/tal.ch\/eveline-waldburger\/#primaryimage"},"thumbnailUrl":"https:\/\/tal.ch\/wp-content\/uploads\/2025\/03\/Bild-Eveline-Waldburger-zugeschnitten-500-x-600-Pixel.png","datePublished":"2025-03-27T13:23:04+00:00","dateModified":"2025-04-01T11:45:26+00:00","breadcrumb":{"@id":"https:\/\/tal.ch\/eveline-waldburger\/#breadcrumb"},"inLanguage":"fr-FR","potentialAction":[{"@type":"ReadAction","target":["https:\/\/tal.ch\/eveline-waldburger\/"]}]},{"@type":"ImageObject","inLanguage":"fr-FR","@id":"https:\/\/tal.ch\/eveline-waldburger\/#primaryimage","url":"https:\/\/tal.ch\/wp-content\/uploads\/2025\/03\/Bild-Eveline-Waldburger-zugeschnitten-500-x-600-Pixel.png","contentUrl":"https:\/\/tal.ch\/wp-content\/uploads\/2025\/03\/Bild-Eveline-Waldburger-zugeschnitten-500-x-600-Pixel.png"},{"@type":"BreadcrumbList","@id":"https:\/\/tal.ch\/eveline-waldburger\/#breadcrumb","itemListElement":[{"@type":"ListItem","position":1,"name":"Startseite","item":"https:\/\/tal.ch\/"},{"@type":"ListItem","position":2,"name":"Eveline Waldburger"}]},{"@type":"WebSite","@id":"https:\/\/tal.ch\/#website","url":"https:\/\/tal.ch\/","name":"Vall\u00e9e","description":"Extraits de plantes de la plus haute qualit\u00e9","publisher":{"@id":"https:\/\/tal.ch\/#organization"},"potentialAction":[{"@type":"SearchAction","target":{"@type":"EntryPoint","urlTemplate":"https:\/\/tal.ch\/?s={search_term_string}"},"query-input":{"@type":"PropertyValueSpecification","valueRequired":true,"valueName":"search_term_string"}}],"inLanguage":"fr-FR"},{"@type":"Organization","@id":"https:\/\/tal.ch\/#organization","name":"Vall\u00e9e","url":"https:\/\/tal.ch\/","logo":{"@type":"ImageObject","inLanguage":"fr-FR","@id":"https:\/\/tal.ch\/#\/schema\/logo\/image\/","url":"https:\/\/tal.ch\/wp-content\/uploads\/2024\/02\/Logo-Tal.png","contentUrl":"https:\/\/tal.ch\/wp-content\/uploads\/2024\/02\/Logo-Tal.png","width":100,"height":157,"caption":"Tal"},"image":{"@id":"https:\/\/tal.ch\/#\/schema\/logo\/image\/"},"sameAs":["https:\/\/www.facebook.com\/tal.schweiz\/"]}]}},"_links":{"self":[{"href":"https:\/\/tal.ch\/fr\/wp-json\/wp\/v2\/pages\/15455","targetHints":{"allow":["GET"]}}],"collection":[{"href":"https:\/\/tal.ch\/fr\/wp-json\/wp\/v2\/pages"}],"about":[{"href":"https:\/\/tal.ch\/fr\/wp-json\/wp\/v2\/types\/page"}],"author":[{"embeddable":true,"href":"https:\/\/tal.ch\/fr\/wp-json\/wp\/v2\/users\/2"}],"replies":[{"embeddable":true,"href":"https:\/\/tal.ch\/fr\/wp-json\/wp\/v2\/comments?post=15455"}],"version-history":[{"count":10,"href":"https:\/\/tal.ch\/fr\/wp-json\/wp\/v2\/pages\/15455\/revisions"}],"predecessor-version":[{"id":15553,"href":"https:\/\/tal.ch\/fr\/wp-json\/wp\/v2\/pages\/15455\/revisions\/15553"}],"wp:attachment":[{"href":"https:\/\/tal.ch\/fr\/wp-json\/wp\/v2\/media?parent=15455"}],"wp:term":[{"taxonomy":"post_tag","embeddable":true,"href":"https:\/\/tal.ch\/fr\/wp-json\/wp\/v2\/tags?post=15455"}],"curies":[{"name":"wp","href":"https:\/\/api.w.org\/{rel}","templated":true}]}}