{"id":15481,"date":"2025-03-27T13:41:13","date_gmt":"2025-03-27T13:41:13","guid":{"rendered":"https:\/\/tal.ch\/?page_id=15481"},"modified":"2026-04-16T06:04:33","modified_gmt":"2026-04-16T06:04:33","slug":"marina-hobi","status":"publish","type":"page","link":"https:\/\/tal.ch\/fr\/marina-hobi\/","title":{"rendered":"Marina Hobi"},"content":{"rendered":"<div data-elementor-type=\"wp-page\" data-elementor-id=\"15481\" class=\"elementor elementor-15481\" data-elementor-post-type=\"page\">\n\t\t\t\t<div class=\"elementor-element elementor-element-5c9a351 e-flex e-con-boxed wpr-particle-no wpr-jarallax-no wpr-parallax-no wpr-sticky-section-no wpr-equal-height-no e-con e-parent\" data-id=\"5c9a351\" data-element_type=\"container\" data-e-type=\"container\">\n\t\t\t\t\t<div class=\"e-con-inner\">\n\t\t\t\t<div class=\"elementor-element elementor-element-ea767c1 elementor-widget elementor-widget-spacer\" data-id=\"ea767c1\" data-element_type=\"widget\" data-e-type=\"widget\" data-widget_type=\"spacer.default\">\n\t\t\t\t\t\t\t<div class=\"elementor-spacer\">\n\t\t\t<div class=\"elementor-spacer-inner\"><\/div>\n\t\t<\/div>\n\t\t\t\t\t\t<\/div>\n\t\t\t\t\t<\/div>\n\t\t\t\t<\/div>\n\t\t<div class=\"elementor-element elementor-element-1cd01fa e-flex e-con-boxed wpr-particle-no wpr-jarallax-no wpr-parallax-no wpr-sticky-section-no wpr-equal-height-no e-con e-parent\" data-id=\"1cd01fa\" data-element_type=\"container\" data-e-type=\"container\">\n\t\t\t\t\t<div class=\"e-con-inner\">\n\t\t<div class=\"elementor-element elementor-element-8f9b0ae e-con-full e-flex wpr-particle-no wpr-jarallax-no wpr-parallax-no wpr-sticky-section-no wpr-equal-height-no e-con e-child\" data-id=\"8f9b0ae\" data-element_type=\"container\" data-e-type=\"container\">\n\t\t\t\t<div class=\"elementor-element elementor-element-5bb9304 elementor-widget elementor-widget-image\" data-id=\"5bb9304\" data-element_type=\"widget\" data-e-type=\"widget\" data-widget_type=\"image.default\">\n\t\t\t\t\t\t\t\t\t\t\t\t\t\t\t<img fetchpriority=\"high\" decoding=\"async\" width=\"500\" height=\"600\" src=\"https:\/\/tal.ch\/wp-content\/uploads\/2025\/03\/Marina-500-x-600-Pixel.png\" class=\"attachment-full size-full wp-image-15483\" alt=\"\" srcset=\"https:\/\/tal.ch\/wp-content\/uploads\/2025\/03\/Marina-500-x-600-Pixel.png 500w, https:\/\/tal.ch\/wp-content\/uploads\/2025\/03\/Marina-500-x-600-Pixel-250x300.png 250w, https:\/\/tal.ch\/wp-content\/uploads\/2025\/03\/Marina-500-x-600-Pixel-10x12.png 10w\" sizes=\"(max-width: 500px) 100vw, 500px\" \/>\t\t\t\t\t\t\t\t\t\t\t\t\t\t\t<\/div>\n\t\t\t\t<div class=\"elementor-element elementor-element-8c46fbd elementor-widget elementor-widget-text-editor\" data-id=\"8c46fbd\" data-element_type=\"widget\" data-e-type=\"widget\" data-widget_type=\"text-editor.default\">\n\t\t\t\t\t\t\t\t\t<p><b>Marina Hobi<br \/><\/b><span style=\"text-align: var(--text-align); font-size: 1rem;\">Droguiste CFC<\/span><\/p><p><a href=\"https:\/\/dropa.ch\/standorte\/dropa-drogerie-apotheke-davos\" target=\"_blank\" rel=\"noopener\"><span style=\"color: #000000;\"><u>Dropa Drogerie Pharmacie Davos<\/u><\/span><\/a><\/p>\t\t\t\t\t\t\t\t<\/div>\n\t\t\t\t<\/div>\n\t\t<div class=\"elementor-element elementor-element-4908ee0 e-con-full e-flex wpr-particle-no wpr-jarallax-no wpr-parallax-no wpr-sticky-section-no wpr-equal-height-no e-con e-child\" data-id=\"4908ee0\" data-element_type=\"container\" data-e-type=\"container\">\n\t\t\t\t<div class=\"elementor-element elementor-element-575dab5 elementor-widget elementor-widget-text-editor\" data-id=\"575dab5\" data-element_type=\"widget\" data-e-type=\"widget\" data-widget_type=\"text-editor.default\">\n\t\t\t\t\t\t\t\t\t<p><strong>Que repr\u00e9sente Tal selon vous ?<\/strong><br>Tal incarne pour moi le naturel, la beaut\u00e9 et le lien \u00e9troit avec la Suisse. La marque allie tradition et soins modernes et mise sur des ingr\u00e9dients de qualit\u00e9 provenant de la r\u00e9gion.<\/p>\n<p><b>Qu'est-ce qui, selon vous, fait la sp\u00e9cificit\u00e9 de Tal ?<br><\/b><span style=\"text-align: var(--text-align); font-size: 1rem;\">La production locale et l'utilisation d'ingr\u00e9dients r\u00e9gionaux sont particuli\u00e8rement impressionnantes. Tal est une entreprise familiale traditionnelle qui mise sur la qualit\u00e9 et la durabilit\u00e9 - et, cerise sur le g\u00e2teau, le site principal se trouve dans ma ville !<\/span><\/p>\n<p><b>Quel produit de la vall\u00e9e fonctionne particuli\u00e8rement bien pour vous ?<br><\/b><span style=\"text-align: var(--text-align); font-size: 1rem;\">La cr\u00e8me pour les mains Tal Med Repair classique est chez nous le best-seller absolu ! Elle soigne intens\u00e9ment et est un v\u00e9ritable must-have pour une peau saine et souple.<\/span><\/p>\n<p><strong>Quels sont les commentaires de vos clients sur les produits Tal ?<\/strong><br>Les r\u00e9actions sont toutes positives ! Les clientes et clients appr\u00e9cient particuli\u00e8rement l'origine locale des produits et sont enthousiastes quant \u00e0 leurs effets.&nbsp;<\/p>\t\t\t\t\t\t\t\t<\/div>\n\t\t\t\t<\/div>\n\t\t\t\t\t<\/div>\n\t\t\t\t<\/div>\n\t\t<div class=\"elementor-element elementor-element-8610fe4 e-flex e-con-boxed wpr-particle-no wpr-jarallax-no wpr-parallax-no wpr-sticky-section-no wpr-equal-height-no e-con e-parent\" data-id=\"8610fe4\" data-element_type=\"container\" data-e-type=\"container\">\n\t\t\t\t\t<div class=\"e-con-inner\">\n\t\t\t\t<div class=\"elementor-element elementor-element-e8aa85f elementor-widget elementor-widget-spacer\" data-id=\"e8aa85f\" data-element_type=\"widget\" data-e-type=\"widget\" data-widget_type=\"spacer.default\">\n\t\t\t\t\t\t\t<div class=\"elementor-spacer\">\n\t\t\t<div class=\"elementor-spacer-inner\"><\/div>\n\t\t<\/div>\n\t\t\t\t\t\t<\/div>\n\t\t\t\t\t<\/div>\n\t\t\t\t<\/div>\n\t\t\t\t<\/div>","protected":false},"excerpt":{"rendered":"<p>Marina HobiDroguiste CFC Dropa Drogerie Apotheke Davos Que repr\u00e9sente Tal selon vous?Tal incarne pour moi le naturel, la beaut\u00e9 et un lien \u00e9troit avec la Suisse. La marque allie tradition et soins modernes et mise sur des ingr\u00e9dients de qualit\u00e9 provenant de la r\u00e9gion. Qu'est-ce qui fait la particularit\u00e9 de Tal selon vous ? La production locale et l'utilisation d'ingr\u00e9dients r\u00e9gionaux sont particuli\u00e8rement impressionnantes. Tal est une entreprise familiale traditionnelle qui mise sur la qualit\u00e9 et la durabilit\u00e9 - et le meilleur : le site principal se trouve dans ma ville ! Quel produit Tal marche particuli\u00e8rement bien chez vous ? La cr\u00e8me pour les mains Tal Med Repair classique est un best-seller absolu chez nous ! Elle soigne intens\u00e9ment et est un v\u00e9ritable must-have pour une peau saine et souple. Quels sont les retours de vos clients sur les produits Tal ? Les retours sont tous positifs ! Les clients appr\u00e9cient particuli\u00e8rement l'origine locale des produits et sont enthousiastes quant \u00e0 leur efficacit\u00e9.&nbsp;<\/p>","protected":false},"author":2,"featured_media":0,"parent":0,"menu_order":39,"comment_status":"closed","ping_status":"closed","template":"elementor_header_footer","meta":{"footnotes":""},"tags":[],"class_list":["post-15481","page","type-page","status-publish","hentry"],"yoast_head":"<!-- This site is optimized with the Yoast SEO plugin v27.4 - https:\/\/yoast.com\/product\/yoast-seo-wordpress\/ -->\n<title>Marina Hobi - Tal<\/title>\n<meta name=\"robots\" content=\"index, follow, max-snippet:-1, max-image-preview:large, max-video-preview:-1\" \/>\n<link rel=\"canonical\" href=\"https:\/\/tal.ch\/fr\/marina-hobi\/\" \/>\n<meta property=\"og:locale\" content=\"fr_FR\" \/>\n<meta property=\"og:type\" content=\"article\" \/>\n<meta property=\"og:title\" content=\"Marina Hobi - Tal\" \/>\n<meta property=\"og:description\" content=\"Marina HobiDrogistin EFZ Dropa Drogerie Apotheke Davos Wof\u00fcr steht Tal Ihrer Meinung nach?Tal verk\u00f6rpert f\u00fcr mich Nat\u00fcrlichkeit, Sch\u00f6nheit und die enge Verbundenheit zur Schweiz. Die Marke verbindet Tradition mit moderner Pflege und setzt auf hochwertige Inhaltsstoffe aus der Region. Was macht Tal Ihrer Meinung nach besonders?Besonders beeindruckend ist die lokale Produktion und die Verwendung regionaler Inhaltsstoffe. Tal ist ein traditionelles Familienunternehmen, das auf Qualit\u00e4t und Nachhaltigkeit setzt \u2013 und das Beste: Der Hauptstandort ist in meinem Wohnort! Welches Tal-Produkt l\u00e4uft bei Ihnen besonders gut?Die klassische Tal Med Repair Handcreme ist bei uns der absolute Bestseller! Sie pflegt intensiv und ist ein echtes Must-have f\u00fcr gesunde, geschmeidige Haut. Welche R\u00fcckmeldungen erhalten Sie von Ihren Kundinnen und Kunden zu Tal-Produkten?Die R\u00fcckmeldungen sind durchweg positiv! Kundinnen und Kunden sch\u00e4tzen besonders die einheimische Herkunft der Produkte und sind begeistert von deren Wirkung.&nbsp;\" \/>\n<meta property=\"og:url\" content=\"https:\/\/tal.ch\/fr\/marina-hobi\/\" \/>\n<meta property=\"og:site_name\" content=\"Tal\" \/>\n<meta property=\"article:publisher\" content=\"https:\/\/www.facebook.com\/tal.schweiz\/\" \/>\n<meta property=\"article:modified_time\" content=\"2026-04-16T06:04:33+00:00\" \/>\n<meta property=\"og:image\" content=\"https:\/\/tal.ch\/wp-content\/uploads\/2025\/03\/Marina-500-x-600-Pixel.png\" \/>\n\t<meta property=\"og:image:width\" content=\"500\" \/>\n\t<meta property=\"og:image:height\" content=\"600\" \/>\n\t<meta property=\"og:image:type\" content=\"image\/png\" \/>\n<meta name=\"twitter:card\" content=\"summary_large_image\" \/>\n<meta name=\"twitter:label1\" content=\"Dur\u00e9e de lecture estim\u00e9e\" \/>\n\t<meta name=\"twitter:data1\" content=\"1 minute\" \/>\n<script type=\"application\/ld+json\" class=\"yoast-schema-graph\">{\"@context\":\"https:\\\/\\\/schema.org\",\"@graph\":[{\"@type\":\"WebPage\",\"@id\":\"https:\\\/\\\/tal.ch\\\/marina-hobi\\\/\",\"url\":\"https:\\\/\\\/tal.ch\\\/marina-hobi\\\/\",\"name\":\"Marina Hobi - Tal\",\"isPartOf\":{\"@id\":\"https:\\\/\\\/tal.ch\\\/#website\"},\"primaryImageOfPage\":{\"@id\":\"https:\\\/\\\/tal.ch\\\/marina-hobi\\\/#primaryimage\"},\"image\":{\"@id\":\"https:\\\/\\\/tal.ch\\\/marina-hobi\\\/#primaryimage\"},\"thumbnailUrl\":\"https:\\\/\\\/tal.ch\\\/wp-content\\\/uploads\\\/2025\\\/03\\\/Marina-500-x-600-Pixel.png\",\"datePublished\":\"2025-03-27T13:41:13+00:00\",\"dateModified\":\"2026-04-16T06:04:33+00:00\",\"breadcrumb\":{\"@id\":\"https:\\\/\\\/tal.ch\\\/marina-hobi\\\/#breadcrumb\"},\"inLanguage\":\"fr-FR\",\"potentialAction\":[{\"@type\":\"ReadAction\",\"target\":[\"https:\\\/\\\/tal.ch\\\/marina-hobi\\\/\"]}]},{\"@type\":\"ImageObject\",\"inLanguage\":\"fr-FR\",\"@id\":\"https:\\\/\\\/tal.ch\\\/marina-hobi\\\/#primaryimage\",\"url\":\"https:\\\/\\\/tal.ch\\\/wp-content\\\/uploads\\\/2025\\\/03\\\/Marina-500-x-600-Pixel.png\",\"contentUrl\":\"https:\\\/\\\/tal.ch\\\/wp-content\\\/uploads\\\/2025\\\/03\\\/Marina-500-x-600-Pixel.png\"},{\"@type\":\"BreadcrumbList\",\"@id\":\"https:\\\/\\\/tal.ch\\\/marina-hobi\\\/#breadcrumb\",\"itemListElement\":[{\"@type\":\"ListItem\",\"position\":1,\"name\":\"Startseite\",\"item\":\"https:\\\/\\\/tal.ch\\\/\"},{\"@type\":\"ListItem\",\"position\":2,\"name\":\"Marina Hobi\"}]},{\"@type\":\"WebSite\",\"@id\":\"https:\\\/\\\/tal.ch\\\/#website\",\"url\":\"https:\\\/\\\/tal.ch\\\/\",\"name\":\"Tal\",\"description\":\"Pflanzenextrakte von h\u00f6chster Qualit\u00e4t\",\"publisher\":{\"@id\":\"https:\\\/\\\/tal.ch\\\/#organization\"},\"potentialAction\":[{\"@type\":\"SearchAction\",\"target\":{\"@type\":\"EntryPoint\",\"urlTemplate\":\"https:\\\/\\\/tal.ch\\\/?s={search_term_string}\"},\"query-input\":{\"@type\":\"PropertyValueSpecification\",\"valueRequired\":true,\"valueName\":\"search_term_string\"}}],\"inLanguage\":\"fr-FR\"},{\"@type\":\"Organization\",\"@id\":\"https:\\\/\\\/tal.ch\\\/#organization\",\"name\":\"Tal\",\"url\":\"https:\\\/\\\/tal.ch\\\/\",\"logo\":{\"@type\":\"ImageObject\",\"inLanguage\":\"fr-FR\",\"@id\":\"https:\\\/\\\/tal.ch\\\/#\\\/schema\\\/logo\\\/image\\\/\",\"url\":\"https:\\\/\\\/tal.ch\\\/wp-content\\\/uploads\\\/2024\\\/02\\\/Logo-Tal.png\",\"contentUrl\":\"https:\\\/\\\/tal.ch\\\/wp-content\\\/uploads\\\/2024\\\/02\\\/Logo-Tal.png\",\"width\":100,\"height\":157,\"caption\":\"Tal\"},\"image\":{\"@id\":\"https:\\\/\\\/tal.ch\\\/#\\\/schema\\\/logo\\\/image\\\/\"},\"sameAs\":[\"https:\\\/\\\/www.facebook.com\\\/tal.schweiz\\\/\"]}]}<\/script>\n<!-- \/ Yoast SEO plugin. -->","yoast_head_json":{"title":"Marina Hobi - Tal","robots":{"index":"index","follow":"follow","max-snippet":"max-snippet:-1","max-image-preview":"max-image-preview:large","max-video-preview":"max-video-preview:-1"},"canonical":"https:\/\/tal.ch\/fr\/marina-hobi\/","og_locale":"fr_FR","og_type":"article","og_title":"Marina Hobi - Tal","og_description":"Marina HobiDrogistin EFZ Dropa Drogerie Apotheke Davos Wof\u00fcr steht Tal Ihrer Meinung nach?Tal verk\u00f6rpert f\u00fcr mich Nat\u00fcrlichkeit, Sch\u00f6nheit und die enge Verbundenheit zur Schweiz. Die Marke verbindet Tradition mit moderner Pflege und setzt auf hochwertige Inhaltsstoffe aus der Region. Was macht Tal Ihrer Meinung nach besonders?Besonders beeindruckend ist die lokale Produktion und die Verwendung regionaler Inhaltsstoffe. Tal ist ein traditionelles Familienunternehmen, das auf Qualit\u00e4t und Nachhaltigkeit setzt \u2013 und das Beste: Der Hauptstandort ist in meinem Wohnort! Welches Tal-Produkt l\u00e4uft bei Ihnen besonders gut?Die klassische Tal Med Repair Handcreme ist bei uns der absolute Bestseller! Sie pflegt intensiv und ist ein echtes Must-have f\u00fcr gesunde, geschmeidige Haut. Welche R\u00fcckmeldungen erhalten Sie von Ihren Kundinnen und Kunden zu Tal-Produkten?Die R\u00fcckmeldungen sind durchweg positiv! Kundinnen und Kunden sch\u00e4tzen besonders die einheimische Herkunft der Produkte und sind begeistert von deren Wirkung.&nbsp;","og_url":"https:\/\/tal.ch\/fr\/marina-hobi\/","og_site_name":"Tal","article_publisher":"https:\/\/www.facebook.com\/tal.schweiz\/","article_modified_time":"2026-04-16T06:04:33+00:00","og_image":[{"width":500,"height":600,"url":"https:\/\/tal.ch\/wp-content\/uploads\/2025\/03\/Marina-500-x-600-Pixel.png","type":"image\/png"}],"twitter_card":"summary_large_image","twitter_misc":{"Dur\u00e9e de lecture estim\u00e9e":"1 minute"},"schema":{"@context":"https:\/\/schema.org","@graph":[{"@type":"WebPage","@id":"https:\/\/tal.ch\/marina-hobi\/","url":"https:\/\/tal.ch\/marina-hobi\/","name":"Marina Hobi - Tal","isPartOf":{"@id":"https:\/\/tal.ch\/#website"},"primaryImageOfPage":{"@id":"https:\/\/tal.ch\/marina-hobi\/#primaryimage"},"image":{"@id":"https:\/\/tal.ch\/marina-hobi\/#primaryimage"},"thumbnailUrl":"https:\/\/tal.ch\/wp-content\/uploads\/2025\/03\/Marina-500-x-600-Pixel.png","datePublished":"2025-03-27T13:41:13+00:00","dateModified":"2026-04-16T06:04:33+00:00","breadcrumb":{"@id":"https:\/\/tal.ch\/marina-hobi\/#breadcrumb"},"inLanguage":"fr-FR","potentialAction":[{"@type":"ReadAction","target":["https:\/\/tal.ch\/marina-hobi\/"]}]},{"@type":"ImageObject","inLanguage":"fr-FR","@id":"https:\/\/tal.ch\/marina-hobi\/#primaryimage","url":"https:\/\/tal.ch\/wp-content\/uploads\/2025\/03\/Marina-500-x-600-Pixel.png","contentUrl":"https:\/\/tal.ch\/wp-content\/uploads\/2025\/03\/Marina-500-x-600-Pixel.png"},{"@type":"BreadcrumbList","@id":"https:\/\/tal.ch\/marina-hobi\/#breadcrumb","itemListElement":[{"@type":"ListItem","position":1,"name":"Startseite","item":"https:\/\/tal.ch\/"},{"@type":"ListItem","position":2,"name":"Marina Hobi"}]},{"@type":"WebSite","@id":"https:\/\/tal.ch\/#website","url":"https:\/\/tal.ch\/","name":"Vall\u00e9e","description":"Extraits de plantes de la plus haute qualit\u00e9","publisher":{"@id":"https:\/\/tal.ch\/#organization"},"potentialAction":[{"@type":"SearchAction","target":{"@type":"EntryPoint","urlTemplate":"https:\/\/tal.ch\/?s={search_term_string}"},"query-input":{"@type":"PropertyValueSpecification","valueRequired":true,"valueName":"search_term_string"}}],"inLanguage":"fr-FR"},{"@type":"Organization","@id":"https:\/\/tal.ch\/#organization","name":"Vall\u00e9e","url":"https:\/\/tal.ch\/","logo":{"@type":"ImageObject","inLanguage":"fr-FR","@id":"https:\/\/tal.ch\/#\/schema\/logo\/image\/","url":"https:\/\/tal.ch\/wp-content\/uploads\/2024\/02\/Logo-Tal.png","contentUrl":"https:\/\/tal.ch\/wp-content\/uploads\/2024\/02\/Logo-Tal.png","width":100,"height":157,"caption":"Tal"},"image":{"@id":"https:\/\/tal.ch\/#\/schema\/logo\/image\/"},"sameAs":["https:\/\/www.facebook.com\/tal.schweiz\/"]}]}},"_links":{"self":[{"href":"https:\/\/tal.ch\/fr\/wp-json\/wp\/v2\/pages\/15481","targetHints":{"allow":["GET"]}}],"collection":[{"href":"https:\/\/tal.ch\/fr\/wp-json\/wp\/v2\/pages"}],"about":[{"href":"https:\/\/tal.ch\/fr\/wp-json\/wp\/v2\/types\/page"}],"author":[{"embeddable":true,"href":"https:\/\/tal.ch\/fr\/wp-json\/wp\/v2\/users\/2"}],"replies":[{"embeddable":true,"href":"https:\/\/tal.ch\/fr\/wp-json\/wp\/v2\/comments?post=15481"}],"version-history":[{"count":13,"href":"https:\/\/tal.ch\/fr\/wp-json\/wp\/v2\/pages\/15481\/revisions"}],"predecessor-version":[{"id":15496,"href":"https:\/\/tal.ch\/fr\/wp-json\/wp\/v2\/pages\/15481\/revisions\/15496"}],"wp:attachment":[{"href":"https:\/\/tal.ch\/fr\/wp-json\/wp\/v2\/media?parent=15481"}],"wp:term":[{"taxonomy":"post_tag","embeddable":true,"href":"https:\/\/tal.ch\/fr\/wp-json\/wp\/v2\/tags?post=15481"}],"curies":[{"name":"wp","href":"https:\/\/api.w.org\/{rel}","templated":true}]}}