{"id":16082,"date":"2026-01-13T13:55:14","date_gmt":"2026-01-13T13:55:14","guid":{"rendered":"https:\/\/tal.ch\/?page_id=16082"},"modified":"2026-01-13T13:55:14","modified_gmt":"2026-01-13T13:55:14","slug":"celine-schwere","status":"publish","type":"page","link":"https:\/\/tal.ch\/fr\/celine-schwere\/","title":{"rendered":"C\u00e9line Lourde"},"content":{"rendered":"<div data-elementor-type=\"wp-page\" data-elementor-id=\"16082\" class=\"elementor elementor-16082\" data-elementor-post-type=\"page\">\n\t\t\t\t<div class=\"elementor-element elementor-element-5c9a351 e-flex e-con-boxed wpr-particle-no wpr-jarallax-no wpr-parallax-no wpr-sticky-section-no e-con e-parent\" data-id=\"5c9a351\" data-element_type=\"container\">\n\t\t\t\t\t<div class=\"e-con-inner\">\n\t\t\t\t<div class=\"elementor-element elementor-element-ea767c1 elementor-widget elementor-widget-spacer\" data-id=\"ea767c1\" data-element_type=\"widget\" data-widget_type=\"spacer.default\">\n\t\t\t\t\t\t\t<div class=\"elementor-spacer\">\n\t\t\t<div class=\"elementor-spacer-inner\"><\/div>\n\t\t<\/div>\n\t\t\t\t\t\t<\/div>\n\t\t\t\t\t<\/div>\n\t\t\t\t<\/div>\n\t\t<div class=\"elementor-element elementor-element-1cd01fa e-flex e-con-boxed wpr-particle-no wpr-jarallax-no wpr-parallax-no wpr-sticky-section-no e-con e-parent\" data-id=\"1cd01fa\" data-element_type=\"container\">\n\t\t\t\t\t<div class=\"e-con-inner\">\n\t\t<div class=\"elementor-element elementor-element-8f9b0ae e-con-full e-flex wpr-particle-no wpr-jarallax-no wpr-parallax-no wpr-sticky-section-no e-con e-child\" data-id=\"8f9b0ae\" data-element_type=\"container\">\n\t\t\t\t<div class=\"elementor-element elementor-element-5bb9304 elementor-widget elementor-widget-image\" data-id=\"5bb9304\" data-element_type=\"widget\" data-widget_type=\"image.default\">\n\t\t\t\t\t\t\t\t\t\t\t\t\t\t\t<img fetchpriority=\"high\" decoding=\"async\" width=\"1707\" height=\"2560\" src=\"https:\/\/tal.ch\/wp-content\/uploads\/2025\/11\/0869-scaled.jpg\" class=\"attachment-full size-full wp-image-16084\" alt=\"\" srcset=\"https:\/\/tal.ch\/wp-content\/uploads\/2025\/11\/0869-scaled.jpg 1707w, https:\/\/tal.ch\/wp-content\/uploads\/2025\/11\/0869-200x300.jpg 200w, https:\/\/tal.ch\/wp-content\/uploads\/2025\/11\/0869-683x1024.jpg 683w, https:\/\/tal.ch\/wp-content\/uploads\/2025\/11\/0869-768x1152.jpg 768w, https:\/\/tal.ch\/wp-content\/uploads\/2025\/11\/0869-1024x1536.jpg 1024w, https:\/\/tal.ch\/wp-content\/uploads\/2025\/11\/0869-1365x2048.jpg 1365w, https:\/\/tal.ch\/wp-content\/uploads\/2025\/11\/0869-8x12.jpg 8w, https:\/\/tal.ch\/wp-content\/uploads\/2025\/11\/0869-600x900.jpg 600w\" sizes=\"(max-width: 1707px) 100vw, 1707px\" \/>\t\t\t\t\t\t\t\t\t\t\t\t\t\t\t<\/div>\n\t\t\t\t<div class=\"elementor-element elementor-element-8c46fbd elementor-widget elementor-widget-text-editor\" data-id=\"8c46fbd\" data-element_type=\"widget\" data-widget_type=\"text-editor.default\">\n\t\t\t\t\t\t\t\t\t<p><b>C\u00e9line Lourde<br \/><\/b><span style=\"font-size: 1rem;\">droguiste CFC et\u00a0<\/span><span style=\"font-size: 1rem;\">Directrice adjointe<br \/><\/span><span style=\"text-decoration: underline;\"><a href=\"https:\/\/www.drogerie-wehntal.ch\/home.html\"><span style=\"color: #000000; text-decoration: underline;\">Droguerie Wehntal Niederweningen<\/span><\/a><\/span><\/p>\t\t\t\t\t\t\t\t<\/div>\n\t\t\t\t<\/div>\n\t\t<div class=\"elementor-element elementor-element-4908ee0 e-con-full e-flex wpr-particle-no wpr-jarallax-no wpr-parallax-no wpr-sticky-section-no e-con e-child\" data-id=\"4908ee0\" data-element_type=\"container\">\n\t\t\t\t<div class=\"elementor-element elementor-element-575dab5 elementor-widget elementor-widget-text-editor\" data-id=\"575dab5\" data-element_type=\"widget\" data-widget_type=\"text-editor.default\">\n\t\t\t\t\t\t\t\t\t<p><strong>Que repr\u00e9sente Tal selon vous ?<br><\/strong>Pour moi, Tal est une marque connue et familiale, g\u00e9r\u00e9e avec beaucoup de passion et synonyme de qualit\u00e9 suisse exceptionnelle et de durabilit\u00e9.<\/p>\n<p><strong>Qu'est-ce qui, selon vous, fait la sp\u00e9cificit\u00e9 de Tal ?<br><\/strong>Gr\u00e2ce \u00e0 la belle s\u00e9lection et aux formules uniques, on trouve pour chaque client un produit individuel et adapt\u00e9, afin que les clients puissent se sentir bien et soign\u00e9s \u00e0 chaque \u00e9tape de leur vie.<\/p>\n<p><strong>Quel produit de la vall\u00e9e fonctionne particuli\u00e8rement bien pour vous ?<br><\/strong><span style=\"font-size: 1rem;\">La ligne de soins pour les mains Tal MED est un produit phare de notre droguerie. Sa formule unique au beurre de karit\u00e9 et \u00e0 la vitamine B3 dorlote la peau, lui donne une agr\u00e9able sensation de douceur soyeuse et en fait le choix id\u00e9al pour nos clientes et clients. La cr\u00e8me pour les mains Tal MED Repair m'accompagne aussi personnellement au quotidien.<br><\/span><span style=\"font-size: 1rem;\"><br><b>Quels sont les commentaires de vos clients sur les produits Tal ?<br><\/b><\/span><span style=\"font-size: 1rem;\">Il est merveilleusement bien tol\u00e9r\u00e9, p\u00e9n\u00e8tre rapidement et convient \u00e0 toutes les situations. De plus, les produits ont une odeur tr\u00e8s agr\u00e9able et sont souvent offerts, rachet\u00e9s et utilis\u00e9s avec assiduit\u00e9. C'est pourquoi Tal est une marque particuli\u00e8re et peut compter sur une client\u00e8le fid\u00e8le de longue date ! \ud83d\ude0a<\/span><\/p>\n<p><strong>&nbsp;<\/strong><\/p>\t\t\t\t\t\t\t\t<\/div>\n\t\t\t\t<\/div>\n\t\t\t\t\t<\/div>\n\t\t\t\t<\/div>\n\t\t<div class=\"elementor-element elementor-element-8610fe4 e-flex e-con-boxed wpr-particle-no wpr-jarallax-no wpr-parallax-no wpr-sticky-section-no e-con e-parent\" data-id=\"8610fe4\" data-element_type=\"container\">\n\t\t\t\t\t<div class=\"e-con-inner\">\n\t\t\t\t<div class=\"elementor-element elementor-element-e8aa85f elementor-widget elementor-widget-spacer\" data-id=\"e8aa85f\" data-element_type=\"widget\" data-widget_type=\"spacer.default\">\n\t\t\t\t\t\t\t<div class=\"elementor-spacer\">\n\t\t\t<div class=\"elementor-spacer-inner\"><\/div>\n\t\t<\/div>\n\t\t\t\t\t\t<\/div>\n\t\t\t\t\t<\/div>\n\t\t\t\t<\/div>\n\t\t\t\t<\/div>","protected":false},"excerpt":{"rendered":"<p>C\u00e9line SchwereDroguiste CFC et directrice adjointeDrogerie Wehntal Niederweningen Que repr\u00e9sente Tal \u00e0 votre avis?Pour moi, Tal est une marque familiale bien connue, g\u00e9r\u00e9e avec beaucoup de passion et synonyme de qualit\u00e9 suisse exceptionnelle et de durabilit\u00e9. Qu'est-ce qui fait la particularit\u00e9 de Tal selon vous ? Gr\u00e2ce \u00e0 la belle s\u00e9lection et aux recettes uniques, on trouve pour chaque client un produit individuel et adapt\u00e9, afin que les clients puissent se sentir bien et soign\u00e9s \u00e0 chaque \u00e9tape de leur vie. Quel produit Tal marche particuli\u00e8rement bien chez vous ? La ligne de soins pour les mains Tal MED est un produit phare de notre droguerie. Sa formule unique \u00e0 base de beurre de karit\u00e9 et de vitamine B3 choie la peau, lui donne une agr\u00e9able sensation de douceur soyeuse et en fait le choix id\u00e9al pour nos clientes et clients. La cr\u00e8me pour les mains Tal MED Repair m'accompagne aussi personnellement au quotidien. Quels sont les commentaires de vos clients sur les produits Tal ? Ils sont tr\u00e8s bien tol\u00e9r\u00e9s, p\u00e9n\u00e8trent rapidement et conviennent \u00e0 toutes les situations. De plus, les produits ont une odeur tr\u00e8s agr\u00e9able et sont souvent offerts, rachet\u00e9s et utilis\u00e9s avec assiduit\u00e9. C'est pourquoi Tal est une marque particuli\u00e8re et peut compter sur une client\u00e8le fid\u00e8le de longue date ! \ud83d\ude0a &nbsp;<\/p>","protected":false},"author":2,"featured_media":0,"parent":0,"menu_order":12,"comment_status":"closed","ping_status":"closed","template":"elementor_header_footer","meta":{"footnotes":""},"tags":[],"class_list":["post-16082","page","type-page","status-publish","hentry"],"yoast_head":"<!-- This site is optimized with the Yoast SEO plugin v26.8 - https:\/\/yoast.com\/product\/yoast-seo-wordpress\/ -->\n<title>C\u00e9line Schwere - Tal<\/title>\n<meta name=\"robots\" content=\"index, follow, max-snippet:-1, max-image-preview:large, max-video-preview:-1\" \/>\n<link rel=\"canonical\" href=\"https:\/\/tal.ch\/fr\/celine-schwere\/\" \/>\n<meta property=\"og:locale\" content=\"fr_FR\" \/>\n<meta property=\"og:type\" content=\"article\" \/>\n<meta property=\"og:title\" content=\"C\u00e9line Schwere - Tal\" \/>\n<meta property=\"og:description\" content=\"C\u00e9line SchwereDrogistin EFZ und\u00a0Stv. Gesch\u00e4ftsf\u00fchrerinDrogerie Wehntal Niederweningen Wof\u00fcr steht Tal Ihrer Meinung nach?F\u00fcr mich steht Tal f\u00fcr eine bekannte, famili\u00e4re Marke, welche mit viel Herzblut gef\u00fchrt wird und f\u00fcr herausragende Schweizer Qualit\u00e4t sowie Nachhaltigkeit steht. Was macht Tal Ihrer Meinung nach besonders?Durch die sch\u00f6ne Auswahl und die einzigartigen Rezepturen findet man f\u00fcr jeden Kunden ein individuelles und passendes Produkt, damit die Kunden sich in jeder Lebensphase wohl und gepflegt f\u00fchlen k\u00f6nnen. Welches Tal-Produkt l\u00e4uft bei Ihnen besonders gut?Die Tal MED Handpflege-Linie ist in unserer Drogerie ein absolutes Highlight. Ihre einzigartige Rezeptur mit Sheabutter und Vitamin B3 verw\u00f6hnt die Haut, schenkt ein angenehmes, seidenweiches Hautgef\u00fchl und macht sie zur idealen Wahl f\u00fcr unsere Kundinnen und Kunden. Die Tal MED Handcreme Repair ist auch bei mir pers\u00f6nlich ein st\u00e4ndiger Begleiter im Alltag. Welche R\u00fcckmeldungen erhalten Sie von Ihren Kundinnen und Kunden zu Tal-Produkten?Es hat eine wunderbare Vertr\u00e4glichkeit, zieht schnell ein und passt in jeder Situation. Dazu riechen die Produkte sehr angenehm und werden auch immer wieder gerne verschenkt, nachgekauft und fleissig gebraucht. Deshalb ist Tal eine besondere Marke und darf auf eine langj\u00e4hrige und treue Kundschaft z\u00e4hlen! \ud83d\ude0a &nbsp;\" \/>\n<meta property=\"og:url\" content=\"https:\/\/tal.ch\/fr\/celine-schwere\/\" \/>\n<meta property=\"og:site_name\" content=\"Tal\" \/>\n<meta property=\"article:publisher\" content=\"https:\/\/www.facebook.com\/tal.schweiz\/\" \/>\n<meta property=\"og:image\" content=\"https:\/\/tal.ch\/wp-content\/uploads\/2025\/11\/0869-scaled.jpg\" \/>\n\t<meta property=\"og:image:width\" content=\"1707\" \/>\n\t<meta property=\"og:image:height\" content=\"2560\" \/>\n\t<meta property=\"og:image:type\" content=\"image\/jpeg\" \/>\n<meta name=\"twitter:card\" content=\"summary_large_image\" \/>\n<meta name=\"twitter:label1\" content=\"Dur\u00e9e de lecture estim\u00e9e\" \/>\n\t<meta name=\"twitter:data1\" content=\"2 minutes\" \/>\n<script type=\"application\/ld+json\" class=\"yoast-schema-graph\">{\"@context\":\"https:\/\/schema.org\",\"@graph\":[{\"@type\":\"WebPage\",\"@id\":\"https:\/\/tal.ch\/celine-schwere\/\",\"url\":\"https:\/\/tal.ch\/celine-schwere\/\",\"name\":\"C\u00e9line Schwere - Tal\",\"isPartOf\":{\"@id\":\"https:\/\/tal.ch\/#website\"},\"primaryImageOfPage\":{\"@id\":\"https:\/\/tal.ch\/celine-schwere\/#primaryimage\"},\"image\":{\"@id\":\"https:\/\/tal.ch\/celine-schwere\/#primaryimage\"},\"thumbnailUrl\":\"https:\/\/tal.ch\/wp-content\/uploads\/2025\/11\/0869-scaled.jpg\",\"datePublished\":\"2026-01-13T13:55:14+00:00\",\"breadcrumb\":{\"@id\":\"https:\/\/tal.ch\/celine-schwere\/#breadcrumb\"},\"inLanguage\":\"fr-FR\",\"potentialAction\":[{\"@type\":\"ReadAction\",\"target\":[\"https:\/\/tal.ch\/celine-schwere\/\"]}]},{\"@type\":\"ImageObject\",\"inLanguage\":\"fr-FR\",\"@id\":\"https:\/\/tal.ch\/celine-schwere\/#primaryimage\",\"url\":\"https:\/\/tal.ch\/wp-content\/uploads\/2025\/11\/0869-scaled.jpg\",\"contentUrl\":\"https:\/\/tal.ch\/wp-content\/uploads\/2025\/11\/0869-scaled.jpg\"},{\"@type\":\"BreadcrumbList\",\"@id\":\"https:\/\/tal.ch\/celine-schwere\/#breadcrumb\",\"itemListElement\":[{\"@type\":\"ListItem\",\"position\":1,\"name\":\"Startseite\",\"item\":\"https:\/\/tal.ch\/\"},{\"@type\":\"ListItem\",\"position\":2,\"name\":\"C\u00e9line Schwere\"}]},{\"@type\":\"WebSite\",\"@id\":\"https:\/\/tal.ch\/#website\",\"url\":\"https:\/\/tal.ch\/\",\"name\":\"Tal\",\"description\":\"Pflanzenextrakte von h\u00f6chster Qualit\u00e4t\",\"publisher\":{\"@id\":\"https:\/\/tal.ch\/#organization\"},\"potentialAction\":[{\"@type\":\"SearchAction\",\"target\":{\"@type\":\"EntryPoint\",\"urlTemplate\":\"https:\/\/tal.ch\/?s={search_term_string}\"},\"query-input\":{\"@type\":\"PropertyValueSpecification\",\"valueRequired\":true,\"valueName\":\"search_term_string\"}}],\"inLanguage\":\"fr-FR\"},{\"@type\":\"Organization\",\"@id\":\"https:\/\/tal.ch\/#organization\",\"name\":\"Tal\",\"url\":\"https:\/\/tal.ch\/\",\"logo\":{\"@type\":\"ImageObject\",\"inLanguage\":\"fr-FR\",\"@id\":\"https:\/\/tal.ch\/#\/schema\/logo\/image\/\",\"url\":\"https:\/\/tal.ch\/wp-content\/uploads\/2024\/02\/Logo-Tal.png\",\"contentUrl\":\"https:\/\/tal.ch\/wp-content\/uploads\/2024\/02\/Logo-Tal.png\",\"width\":100,\"height\":157,\"caption\":\"Tal\"},\"image\":{\"@id\":\"https:\/\/tal.ch\/#\/schema\/logo\/image\/\"},\"sameAs\":[\"https:\/\/www.facebook.com\/tal.schweiz\/\"]}]}<\/script>\n<!-- \/ Yoast SEO plugin. -->","yoast_head_json":{"title":"C\u00e9line Schwere - Tal","robots":{"index":"index","follow":"follow","max-snippet":"max-snippet:-1","max-image-preview":"max-image-preview:large","max-video-preview":"max-video-preview:-1"},"canonical":"https:\/\/tal.ch\/fr\/celine-schwere\/","og_locale":"fr_FR","og_type":"article","og_title":"C\u00e9line Schwere - Tal","og_description":"C\u00e9line SchwereDrogistin EFZ und\u00a0Stv. Gesch\u00e4ftsf\u00fchrerinDrogerie Wehntal Niederweningen Wof\u00fcr steht Tal Ihrer Meinung nach?F\u00fcr mich steht Tal f\u00fcr eine bekannte, famili\u00e4re Marke, welche mit viel Herzblut gef\u00fchrt wird und f\u00fcr herausragende Schweizer Qualit\u00e4t sowie Nachhaltigkeit steht. Was macht Tal Ihrer Meinung nach besonders?Durch die sch\u00f6ne Auswahl und die einzigartigen Rezepturen findet man f\u00fcr jeden Kunden ein individuelles und passendes Produkt, damit die Kunden sich in jeder Lebensphase wohl und gepflegt f\u00fchlen k\u00f6nnen. Welches Tal-Produkt l\u00e4uft bei Ihnen besonders gut?Die Tal MED Handpflege-Linie ist in unserer Drogerie ein absolutes Highlight. Ihre einzigartige Rezeptur mit Sheabutter und Vitamin B3 verw\u00f6hnt die Haut, schenkt ein angenehmes, seidenweiches Hautgef\u00fchl und macht sie zur idealen Wahl f\u00fcr unsere Kundinnen und Kunden. Die Tal MED Handcreme Repair ist auch bei mir pers\u00f6nlich ein st\u00e4ndiger Begleiter im Alltag. Welche R\u00fcckmeldungen erhalten Sie von Ihren Kundinnen und Kunden zu Tal-Produkten?Es hat eine wunderbare Vertr\u00e4glichkeit, zieht schnell ein und passt in jeder Situation. Dazu riechen die Produkte sehr angenehm und werden auch immer wieder gerne verschenkt, nachgekauft und fleissig gebraucht. Deshalb ist Tal eine besondere Marke und darf auf eine langj\u00e4hrige und treue Kundschaft z\u00e4hlen! \ud83d\ude0a &nbsp;","og_url":"https:\/\/tal.ch\/fr\/celine-schwere\/","og_site_name":"Tal","article_publisher":"https:\/\/www.facebook.com\/tal.schweiz\/","og_image":[{"width":1707,"height":2560,"url":"https:\/\/tal.ch\/wp-content\/uploads\/2025\/11\/0869-scaled.jpg","type":"image\/jpeg"}],"twitter_card":"summary_large_image","twitter_misc":{"Dur\u00e9e de lecture estim\u00e9e":"2 minutes"},"schema":{"@context":"https:\/\/schema.org","@graph":[{"@type":"WebPage","@id":"https:\/\/tal.ch\/celine-schwere\/","url":"https:\/\/tal.ch\/celine-schwere\/","name":"C\u00e9line Schwere - Tal","isPartOf":{"@id":"https:\/\/tal.ch\/#website"},"primaryImageOfPage":{"@id":"https:\/\/tal.ch\/celine-schwere\/#primaryimage"},"image":{"@id":"https:\/\/tal.ch\/celine-schwere\/#primaryimage"},"thumbnailUrl":"https:\/\/tal.ch\/wp-content\/uploads\/2025\/11\/0869-scaled.jpg","datePublished":"2026-01-13T13:55:14+00:00","breadcrumb":{"@id":"https:\/\/tal.ch\/celine-schwere\/#breadcrumb"},"inLanguage":"fr-FR","potentialAction":[{"@type":"ReadAction","target":["https:\/\/tal.ch\/celine-schwere\/"]}]},{"@type":"ImageObject","inLanguage":"fr-FR","@id":"https:\/\/tal.ch\/celine-schwere\/#primaryimage","url":"https:\/\/tal.ch\/wp-content\/uploads\/2025\/11\/0869-scaled.jpg","contentUrl":"https:\/\/tal.ch\/wp-content\/uploads\/2025\/11\/0869-scaled.jpg"},{"@type":"BreadcrumbList","@id":"https:\/\/tal.ch\/celine-schwere\/#breadcrumb","itemListElement":[{"@type":"ListItem","position":1,"name":"Startseite","item":"https:\/\/tal.ch\/"},{"@type":"ListItem","position":2,"name":"C\u00e9line Schwere"}]},{"@type":"WebSite","@id":"https:\/\/tal.ch\/#website","url":"https:\/\/tal.ch\/","name":"Vall\u00e9e","description":"Extraits de plantes de la plus haute qualit\u00e9","publisher":{"@id":"https:\/\/tal.ch\/#organization"},"potentialAction":[{"@type":"SearchAction","target":{"@type":"EntryPoint","urlTemplate":"https:\/\/tal.ch\/?s={search_term_string}"},"query-input":{"@type":"PropertyValueSpecification","valueRequired":true,"valueName":"search_term_string"}}],"inLanguage":"fr-FR"},{"@type":"Organization","@id":"https:\/\/tal.ch\/#organization","name":"Vall\u00e9e","url":"https:\/\/tal.ch\/","logo":{"@type":"ImageObject","inLanguage":"fr-FR","@id":"https:\/\/tal.ch\/#\/schema\/logo\/image\/","url":"https:\/\/tal.ch\/wp-content\/uploads\/2024\/02\/Logo-Tal.png","contentUrl":"https:\/\/tal.ch\/wp-content\/uploads\/2024\/02\/Logo-Tal.png","width":100,"height":157,"caption":"Tal"},"image":{"@id":"https:\/\/tal.ch\/#\/schema\/logo\/image\/"},"sameAs":["https:\/\/www.facebook.com\/tal.schweiz\/"]}]}},"_links":{"self":[{"href":"https:\/\/tal.ch\/fr\/wp-json\/wp\/v2\/pages\/16082","targetHints":{"allow":["GET"]}}],"collection":[{"href":"https:\/\/tal.ch\/fr\/wp-json\/wp\/v2\/pages"}],"about":[{"href":"https:\/\/tal.ch\/fr\/wp-json\/wp\/v2\/types\/page"}],"author":[{"embeddable":true,"href":"https:\/\/tal.ch\/fr\/wp-json\/wp\/v2\/users\/2"}],"replies":[{"embeddable":true,"href":"https:\/\/tal.ch\/fr\/wp-json\/wp\/v2\/comments?post=16082"}],"version-history":[{"count":10,"href":"https:\/\/tal.ch\/fr\/wp-json\/wp\/v2\/pages\/16082\/revisions"}],"predecessor-version":[{"id":16093,"href":"https:\/\/tal.ch\/fr\/wp-json\/wp\/v2\/pages\/16082\/revisions\/16093"}],"wp:attachment":[{"href":"https:\/\/tal.ch\/fr\/wp-json\/wp\/v2\/media?parent=16082"}],"wp:term":[{"taxonomy":"post_tag","embeddable":true,"href":"https:\/\/tal.ch\/fr\/wp-json\/wp\/v2\/tags?post=16082"}],"curies":[{"name":"wp","href":"https:\/\/api.w.org\/{rel}","templated":true}]}}