{"id":3479,"date":"2024-06-19T07:19:46","date_gmt":"2024-06-19T07:19:46","guid":{"rendered":"https:\/\/tal.ch\/wp\/?page_id=3479"},"modified":"2024-11-05T15:07:32","modified_gmt":"2024-11-05T15:07:32","slug":"fusspflege","status":"publish","type":"page","link":"https:\/\/tal.ch\/fr\/fusspflege\/","title":{"rendered":"Soins des pieds"},"content":{"rendered":"<div data-elementor-type=\"wp-page\" data-elementor-id=\"3479\" class=\"elementor elementor-3479\" data-elementor-post-type=\"page\">\n\t\t\t\t<div class=\"elementor-element elementor-element-e01bf2e e-flex e-con-boxed wpr-particle-no wpr-jarallax-no wpr-parallax-no wpr-sticky-section-no e-con e-parent\" data-id=\"e01bf2e\" data-element_type=\"container\">\n\t\t\t\t\t<div class=\"e-con-inner\">\n\t\t\t\t<div class=\"elementor-element elementor-element-afba5f6 elementor-widget elementor-widget-spacer\" data-id=\"afba5f6\" data-element_type=\"widget\" data-widget_type=\"spacer.default\">\n\t\t\t\t\t\t\t<div class=\"elementor-spacer\">\n\t\t\t<div class=\"elementor-spacer-inner\"><\/div>\n\t\t<\/div>\n\t\t\t\t\t\t<\/div>\n\t\t\t\t\t<\/div>\n\t\t\t\t<\/div>\n\t\t<div class=\"elementor-element elementor-element-68bb6d5 e-con-full e-flex wpr-particle-no wpr-jarallax-no wpr-parallax-no wpr-sticky-section-no e-con e-parent\" data-id=\"68bb6d5\" data-element_type=\"container\">\n\t\t\t\t<div class=\"elementor-element elementor-element-2310c93 elementor-widget elementor-widget-heading\" data-id=\"2310c93\" data-element_type=\"widget\" data-widget_type=\"heading.default\">\n\t\t\t\t\t<h1 class=\"elementor-heading-title elementor-size-default\">SOIN DES PIEDS<\/h1>\t\t\t\t<\/div>\n\t\t\t\t<\/div>\n\t\t<div class=\"elementor-element elementor-element-2f8d271 e-con-full e-flex wpr-particle-no wpr-jarallax-no wpr-parallax-no wpr-sticky-section-no e-con e-parent\" data-id=\"2f8d271\" data-element_type=\"container\">\n\t\t\t\t<div class=\"elementor-element elementor-element-dae068d elementor-widget elementor-widget-text-editor\" data-id=\"dae068d\" data-element_type=\"widget\" data-widget_type=\"text-editor.default\">\n\t\t\t\t\t\t\t\t\t<p>Nos pieds nous portent tout au long de la vie. Nous oublions souvent \u00e0 quel point il est important d'en prendre soin. Ils sont expos\u00e9s quotidiennement \u00e0 de nombreuses sollicitations. Cela peut conduire \u00e0 une peau s\u00e8che et \u00e0 des crevasses aux pieds.  Tal propose un excellent concept de soins cutan\u00e9s pour vos pieds, sp\u00e9cialement adapt\u00e9 \u00e0 vos besoins. Gr\u00e2ce \u00e0 des ingr\u00e9dients naturels, Tal veille \u00e0 ce que vos pieds restent sains, souples et parfaitement soign\u00e9s. Choyez vos pieds avec notre ligne Tal MED pour les pieds.<\/p>\t\t\t\t\t\t\t\t<\/div>\n\t\t\t\t<\/div>\n\t\t<div class=\"elementor-element elementor-element-01760a7 e-flex e-con-boxed wpr-particle-no wpr-jarallax-no wpr-parallax-no wpr-sticky-section-no e-con e-parent\" data-id=\"01760a7\" data-element_type=\"container\">\n\t\t\t\t\t<div class=\"e-con-inner\">\n\t\t\t\t<div class=\"elementor-element elementor-element-d08fcaf elementor-widget elementor-widget-spacer\" data-id=\"d08fcaf\" data-element_type=\"widget\" data-widget_type=\"spacer.default\">\n\t\t\t\t\t\t\t<div class=\"elementor-spacer\">\n\t\t\t<div class=\"elementor-spacer-inner\"><\/div>\n\t\t<\/div>\n\t\t\t\t\t\t<\/div>\n\t\t\t\t\t<\/div>\n\t\t\t\t<\/div>\n\t\t<div class=\"elementor-element elementor-element-7017d99 e-con-full e-flex wpr-particle-no wpr-jarallax-no wpr-parallax-no wpr-sticky-section-no e-con e-parent\" data-id=\"7017d99\" data-element_type=\"container\">\n\t\t\t\t<div class=\"elementor-element elementor-element-ba0f4ee elementor-widget elementor-widget-heading\" data-id=\"ba0f4ee\" data-element_type=\"widget\" data-widget_type=\"heading.default\">\n\t\t\t\t\t<h3 class=\"elementor-heading-title elementor-size-default\">Nos produits de soins des pieds<\/h3>\t\t\t\t<\/div>\n\t\t\t\t<\/div>\n\t\t<div class=\"elementor-element elementor-element-db1a9b2 e-flex e-con-boxed wpr-particle-no wpr-jarallax-no wpr-parallax-no wpr-sticky-section-no e-con e-parent\" data-id=\"db1a9b2\" data-element_type=\"container\">\n\t\t\t\t\t<div class=\"e-con-inner\">\n\t\t\t\t<div class=\"elementor-element elementor-element-e9499a6 elementor-widget elementor-widget-spacer\" data-id=\"e9499a6\" data-element_type=\"widget\" data-widget_type=\"spacer.default\">\n\t\t\t\t\t\t\t<div class=\"elementor-spacer\">\n\t\t\t<div class=\"elementor-spacer-inner\"><\/div>\n\t\t<\/div>\n\t\t\t\t\t\t<\/div>\n\t\t\t\t\t<\/div>\n\t\t\t\t<\/div>\n\t\t<div class=\"elementor-element elementor-element-259d6b1 e-con-full e-flex wpr-particle-no wpr-jarallax-no wpr-parallax-no wpr-sticky-section-no e-con e-parent\" data-id=\"259d6b1\" data-element_type=\"container\">\n\t\t\t\t<div class=\"elementor-element elementor-element-af4fcd5 elementor-widget-mobile__width-inherit elementor-widget elementor-widget-shortcode\" data-id=\"af4fcd5\" data-element_type=\"widget\" data-widget_type=\"shortcode.default\">\n\t\t\t\t\t\t\t<div class=\"elementor-shortcode\"><div class=\"custom-page-grid\"><div class=\"custom-page-item\"><div class=\"custom-page-thumbnail\"><a href=\"https:\/\/tal.ch\/fr\/fusscreme-2\/\"><img decoding=\"async\" src=\"https:\/\/tal.ch\/wp-content\/uploads\/2024\/09\/Beitragsbild-Fusscreme.jpg\" alt=\"Fusscreme MED Repair\" \/><\/a><\/div><h3><a href=\"https:\/\/tal.ch\/fr\/fusscreme-2\/\">Cr\u00e8me pour les pieds MED Repair<\/a><\/h3><p>Soigne les pieds secs et gerc\u00e9s<br>\n\n<!DOCTYPE html>\n<html lang=\"de\">\n<head>\n    <meta charset=\"UTF-8\">\n    <meta name=\"viewport\" content=\"width=device-width, initial-scale=1.0\">\n    <title>Aufz\u00e4hlungspunkte<\/title>\n    <style>\n        .custom-list {\n            list-style: none; \/* Entfernt die Standard-Aufz\u00e4hlungszeichen *\/\n            padding-left: 0;\n        }\n        .custom-list li {\n            position: relative;\n            padding-left: 20px; \/* Platz f\u00fcr das benutzerdefinierte Aufz\u00e4hlungszeichen *\/\n        }\n        .custom-list li::before {\n            content: \"\u203a\"; \/* Setzt das Aufz\u00e4hlungszeichen *\/\n            position: absolute;\n            left: 0; \/* Positioniert das Aufz\u00e4hlungszeichen *\/\n            color: black; \/* Farbe des Aufz\u00e4hlungszeichens *\/\n        }\n    <\/style>\n<\/head>\n<body>\n    <ul class=\"custom-list\">\n        <li>Pour les peaux s\u00e8ches<\/li>\n        <li>Une peau sensiblement plus souple apr\u00e8s 7 jours<\/li>\n        <li>Un impact durable<\/li>\n    <\/ul>\n<\/body>\n<\/html>\n<\/p><\/div><div class=\"custom-page-item\"><div class=\"custom-page-thumbnail\"><a href=\"https:\/\/tal.ch\/fr\/fusscreme-med-balsam\/\"><img decoding=\"async\" src=\"https:\/\/tal.ch\/wp-content\/uploads\/2024\/08\/Beitragsbild-Fuss-Balsam.jpg\" alt=\"Fussbalsam MED Intense Repair\" \/><\/a><\/div><h3><a href=\"https:\/\/tal.ch\/fr\/fusscreme-med-balsam\/\">Baume pour les pieds MED Intense Repair<\/a><\/h3><p>Soin intensif pour les pieds secs et gerc\u00e9s<br>\n<!DOCTYPE html>\n<html lang=\"de\">\n<head>\n    <meta charset=\"UTF-8\">\n    <meta name=\"viewport\" content=\"width=device-width, initial-scale=1.0\">\n    <title>Aufz\u00e4hlungspunkte<\/title>\n    <style>\n        .custom-list {\n            list-style: none; \/* Entfernt die Standard-Aufz\u00e4hlungszeichen *\/\n            padding-left: 0;\n        }\n        .custom-list li {\n            position: relative;\n            padding-left: 20px; \/* Platz f\u00fcr das benutzerdefinierte Aufz\u00e4hlungszeichen *\/\n        }\n        .custom-list li::before {\n            content: \"\u203a\"; \/* Setzt das Aufz\u00e4hlungszeichen *\/\n            position: absolute;\n            left: 0; \/* Positioniert das Aufz\u00e4hlungszeichen *\/\n            color: black; \/* Farbe des Aufz\u00e4hlungszeichens *\/\n        }\n    <\/style>\n<\/head>\n<body>\n    <ul class=\"custom-list\">\n        <li>Pour une peau douce et velout\u00e9e<\/li>\n        <li>Hydrate la peau<\/li>\n        <li>Un impact durable<\/li>\n    <\/ul>\n<\/body>\n<\/html>\n<\/p><\/div><div class=\"custom-page-item\"><div class=\"custom-page-thumbnail\"><a href=\"https:\/\/tal.ch\/fr\/fussmaske-med-repair\/\"><img decoding=\"async\" src=\"https:\/\/tal.ch\/wp-content\/uploads\/2024\/09\/Beitragsbild-Fussmaske.jpg\" alt=\"Fussmaske MED Repair\" \/><\/a><\/div><h3><a href=\"https:\/\/tal.ch\/fr\/fussmaske-med-repair\/\">Masque pour les pieds MED Repair<\/a><\/h3><p>Soigne les pieds secs et gerc\u00e9s<br>\n\n<!DOCTYPE html>\n<html lang=\"de\">\n<head>\n    <meta charset=\"UTF-8\">\n    <meta name=\"viewport\" content=\"width=device-width, initial-scale=1.0\">\n    <title>Aufz\u00e4hlungspunkte<\/title>\n    <style>\n        .custom-list {\n            list-style: none; \/* Entfernt die Standard-Aufz\u00e4hlungszeichen *\/\n            padding-left: 0;\n        }\n        .custom-list li {\n            position: relative;\n            padding-left: 20px; \/* Platz f\u00fcr das benutzerdefinierte Aufz\u00e4hlungszeichen *\/\n        }\n        .custom-list li::before {\n            content: \"\u203a\"; \/* Setzt das Aufz\u00e4hlungszeichen *\/\n            position: absolute;\n            left: 0; \/* Positioniert das Aufz\u00e4hlungszeichen *\/\n            color: black; \/* Farbe des Aufz\u00e4hlungszeichens *\/\n        }\n    <\/style>\n<\/head>\n<body>\n    <ul class=\"custom-list\">\n        <li>Agit en profondeur<\/li>\n        <li>Cocktail de puissance<\/li>\n        <li>Effet imm\u00e9diat visible<\/li>\n    <\/ul>\n<\/body>\n<\/html>\n<\/p><\/div><div class=\"custom-page-item\"><div class=\"custom-page-thumbnail\"><a href=\"https:\/\/tal.ch\/fr\/fussbadesalz-med-repair\/\"><img decoding=\"async\" src=\"https:\/\/tal.ch\/wp-content\/uploads\/2024\/09\/Beitragsbild-Fuss-Badesalz-1.jpg\" alt=\"Fussbadesalz MED\" \/><\/a><\/div><h3><a href=\"https:\/\/tal.ch\/fr\/fussbadesalz-med-repair\/\">Sel de bain pour les pieds MED<\/a><\/h3><p>Sel m\u00e9dical pour les probl\u00e8mes de peau et les inflammations<br>\n\n<!DOCTYPE html>\n<html lang=\"de\">\n<head>\n    <meta charset=\"UTF-8\">\n    <meta name=\"viewport\" content=\"width=device-width, initial-scale=1.0\">\n    <title>Aufz\u00e4hlungspunkte<\/title>\n    <style>\n        .custom-list {\n            list-style: none; \/* Entfernt die Standard-Aufz\u00e4hlungszeichen *\/\n            padding-left: 0;\n        }\n        .custom-list li {\n            position: relative;\n            padding-left: 20px; \/* Platz f\u00fcr das benutzerdefinierte Aufz\u00e4hlungszeichen *\/\n        }\n        .custom-list li::before {\n            content: \"\u203a\"; \/* Setzt das Aufz\u00e4hlungszeichen *\/\n            position: absolute;\n            left: 0; \/* Positioniert das Aufz\u00e4hlungszeichen *\/\n            color: black; \/* Farbe des Aufz\u00e4hlungszeichens *\/\n        }\n    <\/style>\n<\/head>\n<body>\n    <ul class=\"custom-list\">\n        <li>Aide en cas d'inflammation<\/li>\n        <li>Pour des pieds secs<\/li>\n        <li>Pour les pieds fatigu\u00e9s et lourds<\/li>\n    <\/ul>\n<\/body>\n<\/html>\n<\/p><\/div><\/div><div class=\"pagination\"><\/div>\n\n\n<\/div>\n\t\t\t\t\t\t<\/div>\n\t\t\t\t<\/div>\n\t\t<div class=\"elementor-element elementor-element-aba911e e-flex e-con-boxed wpr-particle-no wpr-jarallax-no wpr-parallax-no wpr-sticky-section-no e-con e-parent\" data-id=\"aba911e\" data-element_type=\"container\">\n\t\t\t\t\t<div class=\"e-con-inner\">\n\t\t\t\t<div class=\"elementor-element elementor-element-bba444d elementor-widget elementor-widget-spacer\" data-id=\"bba444d\" data-element_type=\"widget\" data-widget_type=\"spacer.default\">\n\t\t\t\t\t\t\t<div class=\"elementor-spacer\">\n\t\t\t<div class=\"elementor-spacer-inner\"><\/div>\n\t\t<\/div>\n\t\t\t\t\t\t<\/div>\n\t\t\t\t\t<\/div>\n\t\t\t\t<\/div>\n\t\t\t\t<\/div>","protected":false},"excerpt":{"rendered":"<p>SOIN DES PIEDS Nos pieds nous portent tout au long de la vie. Nous oublions souvent \u00e0 quel point il est important d'en prendre soin. Ils sont expos\u00e9s quotidiennement \u00e0 de nombreuses sollicitations. Cela peut conduire \u00e0 une peau s\u00e8che et \u00e0 des crevasses aux pieds.  Tal propose un excellent concept de soins de la peau pour vos pieds, sp\u00e9cialement adapt\u00e9 \u00e0 vos besoins. Gr\u00e2ce \u00e0 des ingr\u00e9dients naturels, Tal veille \u00e0 ce que vos pieds restent sains, souples et parfaitement soign\u00e9s. Choyez vos pieds avec notre ligne Tal MED pour les pieds. Nos produits de soins des pieds<\/p>","protected":false},"author":1,"featured_media":0,"parent":0,"menu_order":2,"comment_status":"closed","ping_status":"closed","template":"","meta":{"footnotes":""},"tags":[],"class_list":["post-3479","page","type-page","status-publish","hentry"],"yoast_head":"<!-- This site is optimized with the Yoast SEO plugin v26.8 - https:\/\/yoast.com\/product\/yoast-seo-wordpress\/ -->\n<title>Fusspflege - Tal<\/title>\n<meta name=\"robots\" content=\"index, follow, max-snippet:-1, max-image-preview:large, max-video-preview:-1\" \/>\n<link rel=\"canonical\" href=\"https:\/\/tal.ch\/fr\/fusspflege\/\" \/>\n<meta property=\"og:locale\" content=\"fr_FR\" \/>\n<meta property=\"og:type\" content=\"article\" \/>\n<meta property=\"og:title\" content=\"Fusspflege - Tal\" \/>\n<meta property=\"og:description\" content=\"FUSSPFLEGE Unsere F\u00fcsse tragen uns durch das Leben. Oft vergessen wir, wie wichtig ihre Pflege ist. Sie sind t\u00e4glich vielen Belastungen ausgesetzt. Dies kann zu trockener Haut und Rissen an den F\u00fcssen f\u00fchren.\u00a0 Tal bietet ein hervorragendes Hautpflegekonzept f\u00fcr Ihre F\u00fcsse, das speziell auf Ihre Bed\u00fcrfnisse abgestimmt ist. Mit nat\u00fcrlichen Inhaltsstoffen sorgt Tal daf\u00fcr, dass Ihre F\u00fcsse gesund, geschmeidig und optimal gepflegt bleiben. Verw\u00f6hnen Sie Ihre F\u00fcsse unserer Tal MED Fusslinie. Unsere Fuss&shy;pflege&shy;produkte\" \/>\n<meta property=\"og:url\" content=\"https:\/\/tal.ch\/fr\/fusspflege\/\" \/>\n<meta property=\"og:site_name\" content=\"Tal\" \/>\n<meta property=\"article:publisher\" content=\"https:\/\/www.facebook.com\/tal.schweiz\/\" \/>\n<meta property=\"article:modified_time\" content=\"2024-11-05T15:07:32+00:00\" \/>\n<meta name=\"twitter:card\" content=\"summary_large_image\" \/>\n<meta name=\"twitter:label1\" content=\"Dur\u00e9e de lecture estim\u00e9e\" \/>\n\t<meta name=\"twitter:data1\" content=\"1 minute\" \/>\n<script type=\"application\/ld+json\" class=\"yoast-schema-graph\">{\"@context\":\"https:\/\/schema.org\",\"@graph\":[{\"@type\":\"WebPage\",\"@id\":\"https:\/\/tal.ch\/fusspflege\/\",\"url\":\"https:\/\/tal.ch\/fusspflege\/\",\"name\":\"Fusspflege - Tal\",\"isPartOf\":{\"@id\":\"https:\/\/tal.ch\/#website\"},\"datePublished\":\"2024-06-19T07:19:46+00:00\",\"dateModified\":\"2024-11-05T15:07:32+00:00\",\"breadcrumb\":{\"@id\":\"https:\/\/tal.ch\/fusspflege\/#breadcrumb\"},\"inLanguage\":\"fr-FR\",\"potentialAction\":[{\"@type\":\"ReadAction\",\"target\":[\"https:\/\/tal.ch\/fusspflege\/\"]}]},{\"@type\":\"BreadcrumbList\",\"@id\":\"https:\/\/tal.ch\/fusspflege\/#breadcrumb\",\"itemListElement\":[{\"@type\":\"ListItem\",\"position\":1,\"name\":\"Startseite\",\"item\":\"https:\/\/tal.ch\/\"},{\"@type\":\"ListItem\",\"position\":2,\"name\":\"Fusspflege\"}]},{\"@type\":\"WebSite\",\"@id\":\"https:\/\/tal.ch\/#website\",\"url\":\"https:\/\/tal.ch\/\",\"name\":\"Tal\",\"description\":\"Pflanzenextrakte von h\u00f6chster Qualit\u00e4t\",\"publisher\":{\"@id\":\"https:\/\/tal.ch\/#organization\"},\"potentialAction\":[{\"@type\":\"SearchAction\",\"target\":{\"@type\":\"EntryPoint\",\"urlTemplate\":\"https:\/\/tal.ch\/?s={search_term_string}\"},\"query-input\":{\"@type\":\"PropertyValueSpecification\",\"valueRequired\":true,\"valueName\":\"search_term_string\"}}],\"inLanguage\":\"fr-FR\"},{\"@type\":\"Organization\",\"@id\":\"https:\/\/tal.ch\/#organization\",\"name\":\"Tal\",\"url\":\"https:\/\/tal.ch\/\",\"logo\":{\"@type\":\"ImageObject\",\"inLanguage\":\"fr-FR\",\"@id\":\"https:\/\/tal.ch\/#\/schema\/logo\/image\/\",\"url\":\"https:\/\/tal.ch\/wp-content\/uploads\/2024\/02\/Logo-Tal.png\",\"contentUrl\":\"https:\/\/tal.ch\/wp-content\/uploads\/2024\/02\/Logo-Tal.png\",\"width\":100,\"height\":157,\"caption\":\"Tal\"},\"image\":{\"@id\":\"https:\/\/tal.ch\/#\/schema\/logo\/image\/\"},\"sameAs\":[\"https:\/\/www.facebook.com\/tal.schweiz\/\"]}]}<\/script>\n<!-- \/ Yoast SEO plugin. -->","yoast_head_json":{"title":"Soins des pieds - Vall\u00e9e","robots":{"index":"index","follow":"follow","max-snippet":"max-snippet:-1","max-image-preview":"max-image-preview:large","max-video-preview":"max-video-preview:-1"},"canonical":"https:\/\/tal.ch\/fr\/fusspflege\/","og_locale":"fr_FR","og_type":"article","og_title":"Fusspflege - Tal","og_description":"FUSSPFLEGE Unsere F\u00fcsse tragen uns durch das Leben. Oft vergessen wir, wie wichtig ihre Pflege ist. Sie sind t\u00e4glich vielen Belastungen ausgesetzt. Dies kann zu trockener Haut und Rissen an den F\u00fcssen f\u00fchren.\u00a0 Tal bietet ein hervorragendes Hautpflegekonzept f\u00fcr Ihre F\u00fcsse, das speziell auf Ihre Bed\u00fcrfnisse abgestimmt ist. Mit nat\u00fcrlichen Inhaltsstoffen sorgt Tal daf\u00fcr, dass Ihre F\u00fcsse gesund, geschmeidig und optimal gepflegt bleiben. Verw\u00f6hnen Sie Ihre F\u00fcsse unserer Tal MED Fusslinie. Unsere Fuss&shy;pflege&shy;produkte","og_url":"https:\/\/tal.ch\/fr\/fusspflege\/","og_site_name":"Tal","article_publisher":"https:\/\/www.facebook.com\/tal.schweiz\/","article_modified_time":"2024-11-05T15:07:32+00:00","twitter_card":"summary_large_image","twitter_misc":{"Dur\u00e9e de lecture estim\u00e9e":"1 minute"},"schema":{"@context":"https:\/\/schema.org","@graph":[{"@type":"WebPage","@id":"https:\/\/tal.ch\/fusspflege\/","url":"https:\/\/tal.ch\/fusspflege\/","name":"Soins des pieds - Vall\u00e9e","isPartOf":{"@id":"https:\/\/tal.ch\/#website"},"datePublished":"2024-06-19T07:19:46+00:00","dateModified":"2024-11-05T15:07:32+00:00","breadcrumb":{"@id":"https:\/\/tal.ch\/fusspflege\/#breadcrumb"},"inLanguage":"fr-FR","potentialAction":[{"@type":"ReadAction","target":["https:\/\/tal.ch\/fusspflege\/"]}]},{"@type":"BreadcrumbList","@id":"https:\/\/tal.ch\/fusspflege\/#breadcrumb","itemListElement":[{"@type":"ListItem","position":1,"name":"Startseite","item":"https:\/\/tal.ch\/"},{"@type":"ListItem","position":2,"name":"Fusspflege"}]},{"@type":"WebSite","@id":"https:\/\/tal.ch\/#website","url":"https:\/\/tal.ch\/","name":"Vall\u00e9e","description":"Extraits de plantes de la plus haute qualit\u00e9","publisher":{"@id":"https:\/\/tal.ch\/#organization"},"potentialAction":[{"@type":"SearchAction","target":{"@type":"EntryPoint","urlTemplate":"https:\/\/tal.ch\/?s={search_term_string}"},"query-input":{"@type":"PropertyValueSpecification","valueRequired":true,"valueName":"search_term_string"}}],"inLanguage":"fr-FR"},{"@type":"Organization","@id":"https:\/\/tal.ch\/#organization","name":"Vall\u00e9e","url":"https:\/\/tal.ch\/","logo":{"@type":"ImageObject","inLanguage":"fr-FR","@id":"https:\/\/tal.ch\/#\/schema\/logo\/image\/","url":"https:\/\/tal.ch\/wp-content\/uploads\/2024\/02\/Logo-Tal.png","contentUrl":"https:\/\/tal.ch\/wp-content\/uploads\/2024\/02\/Logo-Tal.png","width":100,"height":157,"caption":"Tal"},"image":{"@id":"https:\/\/tal.ch\/#\/schema\/logo\/image\/"},"sameAs":["https:\/\/www.facebook.com\/tal.schweiz\/"]}]}},"_links":{"self":[{"href":"https:\/\/tal.ch\/fr\/wp-json\/wp\/v2\/pages\/3479","targetHints":{"allow":["GET"]}}],"collection":[{"href":"https:\/\/tal.ch\/fr\/wp-json\/wp\/v2\/pages"}],"about":[{"href":"https:\/\/tal.ch\/fr\/wp-json\/wp\/v2\/types\/page"}],"author":[{"embeddable":true,"href":"https:\/\/tal.ch\/fr\/wp-json\/wp\/v2\/users\/1"}],"replies":[{"embeddable":true,"href":"https:\/\/tal.ch\/fr\/wp-json\/wp\/v2\/comments?post=3479"}],"version-history":[{"count":43,"href":"https:\/\/tal.ch\/fr\/wp-json\/wp\/v2\/pages\/3479\/revisions"}],"predecessor-version":[{"id":13435,"href":"https:\/\/tal.ch\/fr\/wp-json\/wp\/v2\/pages\/3479\/revisions\/13435"}],"wp:attachment":[{"href":"https:\/\/tal.ch\/fr\/wp-json\/wp\/v2\/media?parent=3479"}],"wp:term":[{"taxonomy":"post_tag","embeddable":true,"href":"https:\/\/tal.ch\/fr\/wp-json\/wp\/v2\/tags?post=3479"}],"curies":[{"name":"wp","href":"https:\/\/api.w.org\/{rel}","templated":true}]}}