{"id":15272,"date":"2025-03-12T12:36:15","date_gmt":"2025-03-12T12:36:15","guid":{"rendered":"https:\/\/tal.ch\/?page_id=15272"},"modified":"2026-04-16T06:04:12","modified_gmt":"2026-04-16T06:04:12","slug":"sampling","status":"publish","type":"page","link":"https:\/\/tal.ch\/it\/sampling\/","title":{"rendered":"campionamento"},"content":{"rendered":"<div data-elementor-type=\"wp-page\" data-elementor-id=\"15272\" class=\"elementor elementor-15272\" data-elementor-post-type=\"page\">\n\t\t\t\t<div class=\"elementor-element elementor-element-e07fa47 elementor-hidden-mobile e-flex e-con-boxed wpr-particle-no wpr-jarallax-no wpr-parallax-no wpr-sticky-section-no wpr-equal-height-no e-con e-parent\" data-id=\"e07fa47\" data-element_type=\"container\" data-e-type=\"container\">\n\t\t\t\t\t<div class=\"e-con-inner\">\n\t\t\t\t<div class=\"elementor-element elementor-element-c752e1e elementor-widget elementor-widget-spacer\" data-id=\"c752e1e\" data-element_type=\"widget\" data-e-type=\"widget\" data-widget_type=\"spacer.default\">\n\t\t\t\t\t\t\t<div class=\"elementor-spacer\">\n\t\t\t<div class=\"elementor-spacer-inner\"><\/div>\n\t\t<\/div>\n\t\t\t\t\t\t<\/div>\n\t\t\t\t\t<\/div>\n\t\t\t\t<\/div>\n\t\t<div class=\"elementor-element elementor-element-f4308e4 e-flex e-con-boxed wpr-particle-no wpr-jarallax-no wpr-parallax-no wpr-sticky-section-no wpr-equal-height-no e-con e-parent\" data-id=\"f4308e4\" data-element_type=\"container\" data-e-type=\"container\">\n\t\t\t\t\t<div class=\"e-con-inner\">\n\t\t<div class=\"elementor-element elementor-element-d383e8a e-con-full e-flex wpr-particle-no wpr-jarallax-no wpr-parallax-no wpr-sticky-section-no wpr-equal-height-no e-con e-child\" data-id=\"d383e8a\" data-element_type=\"container\" data-e-type=\"container\">\n\t\t\t\t<div class=\"elementor-element elementor-element-0f61e35 elementor-widget elementor-widget-heading\" data-id=\"0f61e35\" data-element_type=\"widget\" data-e-type=\"widget\" data-widget_type=\"heading.default\">\n\t\t\t\t\t<h1 class=\"elementor-heading-title elementor-size-default\">Benvenuti a Tal<\/h1>\t\t\t\t<\/div>\n\t\t\t\t<\/div>\n\t\t\t\t\t<\/div>\n\t\t\t\t<\/div>\n\t\t<div class=\"elementor-element elementor-element-d4f3a48 e-con-full e-flex wpr-particle-no wpr-jarallax-no wpr-parallax-no wpr-sticky-section-no wpr-equal-height-no e-con e-parent\" data-id=\"d4f3a48\" data-element_type=\"container\" data-e-type=\"container\">\n\t\t\t\t<div class=\"elementor-element elementor-element-a19374c elementor-widget elementor-widget-image\" data-id=\"a19374c\" data-element_type=\"widget\" data-e-type=\"widget\" data-widget_type=\"image.default\">\n\t\t\t\t\t\t\t\t\t\t\t\t<figure class=\"wp-caption\">\n\t\t\t\t\t\t\t\t\t\t<img fetchpriority=\"high\" decoding=\"async\" width=\"2560\" height=\"1707\" src=\"https:\/\/tal.ch\/wp-content\/uploads\/2025\/03\/OHO6424-scaled.jpg\" class=\"attachment-full size-full wp-image-15274\" alt=\"\" srcset=\"https:\/\/tal.ch\/wp-content\/uploads\/2025\/03\/OHO6424-scaled.jpg 2560w, https:\/\/tal.ch\/wp-content\/uploads\/2025\/03\/OHO6424-300x200.jpg 300w, https:\/\/tal.ch\/wp-content\/uploads\/2025\/03\/OHO6424-1024x683.jpg 1024w, https:\/\/tal.ch\/wp-content\/uploads\/2025\/03\/OHO6424-768x512.jpg 768w\" sizes=\"(max-width: 2560px) 100vw, 2560px\" \/>\t\t\t\t\t\t\t\t\t\t\t<figcaption class=\"widget-image-caption wp-caption-text\">Famiglia L\u00fcscher: da sinistra a destra: Doris L\u00fcscher, Erich L\u00fcscher, Christian L\u00fcscher, Oliver L\u00fcscher<\/figcaption>\n\t\t\t\t\t\t\t\t\t\t<\/figure>\n\t\t\t\t\t\t\t\t\t<\/div>\n\t\t\t\t<\/div>\n\t\t<div class=\"elementor-element elementor-element-7125fd3 e-con-full e-flex wpr-particle-no wpr-jarallax-no wpr-parallax-no wpr-sticky-section-no wpr-equal-height-no e-con e-parent\" data-id=\"7125fd3\" data-element_type=\"container\" data-e-type=\"container\">\n\t\t\t\t<div class=\"elementor-element elementor-element-ccb98c2 elementor-widget elementor-widget-text-editor\" data-id=\"ccb98c2\" data-element_type=\"widget\" data-e-type=\"widget\" data-widget_type=\"text-editor.default\">\n\t\t\t\t\t\t\t\t\t<p data-start=\"111\" data-end=\"335\">\u00c8 fantastico che abbiate tra le mani uno dei nostri prodotti: \u00e8 il primo passo verso una pelle sensibilmente nutrita e sana. Ora resta solo una cosa da fare: scoprire l'intera gamma e dedicare alla vostra pelle la cura che merita.<\/p><p data-start=\"337\" data-end=\"649\">Da oltre 50 anni, la nostra azienda familiare \u00e8 sinonimo di trattamenti per la pelle di alta qualit\u00e0 con numerosi principi attivi provenienti dalla natura svizzera. Nostro padre, Erich L\u00fcscher, pose la prima pietra e oggi noi, Oliver e Christian, continuiamo con passione la sua missione. Le nostre creme per le mani sono\u00a0<strong data-start=\"608\" data-end=\"641\">N. 1 nel commercio specializzato svizzero<\/strong>!<\/p><p data-start=\"651\" data-end=\"768\">Affinch\u00e9 possiate sperimentare voi stessi l'effetto dei nostri prodotti, vi regaliamo <strong data-start=\"725\" data-end=\"765\">20% sconto sul primo acquisto <\/strong><span data-start=\"725\" data-end=\"765\">nel nostro negozio online<\/span>.<\/p><p data-start=\"770\" data-end=\"872\">Utilizzare il codice <strong data-start=\"798\" data-end=\"811\">BENVENUTO20<\/strong> alla cassa e godetevi una pelle sana ed elastica.<\/p>\t\t\t\t\t\t\t\t<\/div>\n\t\t\t\t<\/div>\n\t\t<div class=\"elementor-element elementor-element-6fe5d9b e-flex e-con-boxed wpr-particle-no wpr-jarallax-no wpr-parallax-no wpr-sticky-section-no wpr-equal-height-no e-con e-parent\" data-id=\"6fe5d9b\" data-element_type=\"container\" data-e-type=\"container\">\n\t\t\t\t\t<div class=\"e-con-inner\">\n\t\t\t\t<div class=\"elementor-element elementor-element-5dde936 elementor-align-center elementor-widget elementor-widget-button\" data-id=\"5dde936\" data-element_type=\"widget\" data-e-type=\"widget\" data-widget_type=\"button.default\">\n\t\t\t\t\t\t\t\t\t\t<a class=\"elementor-button elementor-button-link elementor-size-sm\" href=\"https:\/\/shop.parsenn-produkte.ch\/collections\/tal\">\n\t\t\t\t\t\t<span class=\"elementor-button-content-wrapper\">\n\t\t\t\t\t\t\t\t\t<span class=\"elementor-button-text\">E ora il negozio online<\/span>\n\t\t\t\t\t<\/span>\n\t\t\t\t\t<\/a>\n\t\t\t\t\t\t\t\t<\/div>\n\t\t\t\t\t<\/div>\n\t\t\t\t<\/div>\n\t\t<div class=\"elementor-element elementor-element-7d92c63 e-flex e-con-boxed wpr-particle-no wpr-jarallax-no wpr-parallax-no wpr-sticky-section-no wpr-equal-height-no e-con e-parent\" data-id=\"7d92c63\" data-element_type=\"container\" data-e-type=\"container\">\n\t\t\t\t\t<div class=\"e-con-inner\">\n\t\t\t\t<div class=\"elementor-element elementor-element-7679061 elementor-widget elementor-widget-spacer\" data-id=\"7679061\" data-element_type=\"widget\" data-e-type=\"widget\" data-widget_type=\"spacer.default\">\n\t\t\t\t\t\t\t<div class=\"elementor-spacer\">\n\t\t\t<div class=\"elementor-spacer-inner\"><\/div>\n\t\t<\/div>\n\t\t\t\t\t\t<\/div>\n\t\t\t\t\t<\/div>\n\t\t\t\t<\/div>\n\t\t\t\t<\/div>","protected":false},"excerpt":{"rendered":"<p>Benvenuti nella Tal Familie L\u00fcscher: da sinistra a destra: Doris L\u00fcscher, Erich L\u00fcscher, Christian L\u00fcscher, Oliver L\u00fcscher \u00c8 fantastico che abbiate tra le mani uno dei nostri prodotti: \u00e8 il primo passo verso una pelle sensibilmente nutrita e sana. Ora resta solo una cosa da fare: scoprire l'intera gamma e dedicare alla vostra pelle la cura che merita. Da oltre 50 anni, la nostra azienda familiare \u00e8 sinonimo di cura della pelle di alta qualit\u00e0 con molti principi attivi provenienti dalla natura svizzera. Nostro padre, Erich L\u00fcscher, ha posto la prima pietra e oggi noi, Oliver e Christian, continuiamo con passione la sua missione. Le nostre creme per le mani sono le numero 1 nel commercio specializzato svizzero! Affinch\u00e9 possiate provare voi stessi l'effetto dei nostri prodotti, vi offriamo uno sconto di 20% sul vostro primo acquisto nel nostro webshop. Utilizzate il codice WELCOME20 alla cassa e godetevi una pelle sana ed elastica. Vai subito al negozio online<\/p>","protected":false},"author":2,"featured_media":0,"parent":0,"menu_order":10,"comment_status":"closed","ping_status":"closed","template":"","meta":{"footnotes":""},"tags":[],"class_list":["post-15272","page","type-page","status-publish","hentry"],"yoast_head":"<!-- This site is optimized with the Yoast SEO plugin v27.4 - https:\/\/yoast.com\/product\/yoast-seo-wordpress\/ -->\n<title>sampling - Tal<\/title>\n<meta name=\"robots\" content=\"index, follow, max-snippet:-1, max-image-preview:large, max-video-preview:-1\" \/>\n<link rel=\"canonical\" href=\"https:\/\/tal.ch\/it\/sampling\/\" \/>\n<meta property=\"og:locale\" content=\"it_IT\" \/>\n<meta property=\"og:type\" content=\"article\" \/>\n<meta property=\"og:title\" content=\"sampling - Tal\" \/>\n<meta property=\"og:description\" content=\"Willkommen bei Tal Familie L\u00fcscher: vlnr: Doris L\u00fcscher, Erich L\u00fcscher, Christian L\u00fcscher, Oliver L\u00fcscher Sch\u00f6n, dass Sie eines unserer Produkte in H\u00e4nden halten \u2013 das ist der erste Schritt zu sp\u00fcrbar gepflegter und gesunder Haut. Jetzt fehlt nur noch eines: Entdecken Sie unser gesamtes Sortiment und g\u00f6nnen Sie Ihrer Haut die Pflege, die sie verdient. Seit \u00fcber 50 Jahren steht unser Familienunternehmen f\u00fcr hochwertige Hautpflege mit vielen Wirkstoffen aus der Schweizer Natur. Unser Vater, Erich L\u00fcscher, hat den Grundstein gelegt \u2013 heute f\u00fchren wir, Oliver und Christian, seine Mission mit Leidenschaft weiter. Unsere Handcremes sind die\u00a0Nr. 1 im Schweizer Fachhandel! Damit Sie die Wirkung unserer Produkte selbst erleben, schenken wir Ihnen 20% Rabatt auf Ihren ersten Einkauf in unserem Webshop. Nutzen Sie den Code WELCOME20 beim Checkout und geniessen Sie gesunde, geschmeidige Haut. Jetzt zum Webshop\" \/>\n<meta property=\"og:url\" content=\"https:\/\/tal.ch\/it\/sampling\/\" \/>\n<meta property=\"og:site_name\" content=\"Tal\" \/>\n<meta property=\"article:publisher\" content=\"https:\/\/www.facebook.com\/tal.schweiz\/\" \/>\n<meta property=\"article:modified_time\" content=\"2026-04-16T06:04:12+00:00\" \/>\n<meta property=\"og:image\" content=\"https:\/\/tal.ch\/wp-content\/uploads\/2025\/03\/OHO6424-scaled.jpg\" \/>\n\t<meta property=\"og:image:width\" content=\"2560\" \/>\n\t<meta property=\"og:image:height\" content=\"1707\" \/>\n\t<meta property=\"og:image:type\" content=\"image\/jpeg\" \/>\n<meta name=\"twitter:card\" content=\"summary_large_image\" \/>\n<meta name=\"twitter:label1\" content=\"Tempo di lettura stimato\" \/>\n\t<meta name=\"twitter:data1\" content=\"1 minuto\" \/>\n<script type=\"application\/ld+json\" class=\"yoast-schema-graph\">{\"@context\":\"https:\\\/\\\/schema.org\",\"@graph\":[{\"@type\":\"WebPage\",\"@id\":\"https:\\\/\\\/tal.ch\\\/sampling\\\/\",\"url\":\"https:\\\/\\\/tal.ch\\\/sampling\\\/\",\"name\":\"sampling - Tal\",\"isPartOf\":{\"@id\":\"https:\\\/\\\/tal.ch\\\/#website\"},\"primaryImageOfPage\":{\"@id\":\"https:\\\/\\\/tal.ch\\\/sampling\\\/#primaryimage\"},\"image\":{\"@id\":\"https:\\\/\\\/tal.ch\\\/sampling\\\/#primaryimage\"},\"thumbnailUrl\":\"https:\\\/\\\/tal.ch\\\/wp-content\\\/uploads\\\/2025\\\/03\\\/OHO6424-scaled.jpg\",\"datePublished\":\"2025-03-12T12:36:15+00:00\",\"dateModified\":\"2026-04-16T06:04:12+00:00\",\"breadcrumb\":{\"@id\":\"https:\\\/\\\/tal.ch\\\/sampling\\\/#breadcrumb\"},\"inLanguage\":\"it-IT\",\"potentialAction\":[{\"@type\":\"ReadAction\",\"target\":[\"https:\\\/\\\/tal.ch\\\/sampling\\\/\"]}]},{\"@type\":\"ImageObject\",\"inLanguage\":\"it-IT\",\"@id\":\"https:\\\/\\\/tal.ch\\\/sampling\\\/#primaryimage\",\"url\":\"https:\\\/\\\/tal.ch\\\/wp-content\\\/uploads\\\/2025\\\/03\\\/OHO6424-scaled.jpg\",\"contentUrl\":\"https:\\\/\\\/tal.ch\\\/wp-content\\\/uploads\\\/2025\\\/03\\\/OHO6424-scaled.jpg\"},{\"@type\":\"BreadcrumbList\",\"@id\":\"https:\\\/\\\/tal.ch\\\/sampling\\\/#breadcrumb\",\"itemListElement\":[{\"@type\":\"ListItem\",\"position\":1,\"name\":\"Startseite\",\"item\":\"https:\\\/\\\/tal.ch\\\/\"},{\"@type\":\"ListItem\",\"position\":2,\"name\":\"sampling\"}]},{\"@type\":\"WebSite\",\"@id\":\"https:\\\/\\\/tal.ch\\\/#website\",\"url\":\"https:\\\/\\\/tal.ch\\\/\",\"name\":\"Tal\",\"description\":\"Pflanzenextrakte von h\u00f6chster Qualit\u00e4t\",\"publisher\":{\"@id\":\"https:\\\/\\\/tal.ch\\\/#organization\"},\"potentialAction\":[{\"@type\":\"SearchAction\",\"target\":{\"@type\":\"EntryPoint\",\"urlTemplate\":\"https:\\\/\\\/tal.ch\\\/?s={search_term_string}\"},\"query-input\":{\"@type\":\"PropertyValueSpecification\",\"valueRequired\":true,\"valueName\":\"search_term_string\"}}],\"inLanguage\":\"it-IT\"},{\"@type\":\"Organization\",\"@id\":\"https:\\\/\\\/tal.ch\\\/#organization\",\"name\":\"Tal\",\"url\":\"https:\\\/\\\/tal.ch\\\/\",\"logo\":{\"@type\":\"ImageObject\",\"inLanguage\":\"it-IT\",\"@id\":\"https:\\\/\\\/tal.ch\\\/#\\\/schema\\\/logo\\\/image\\\/\",\"url\":\"https:\\\/\\\/tal.ch\\\/wp-content\\\/uploads\\\/2024\\\/02\\\/Logo-Tal.png\",\"contentUrl\":\"https:\\\/\\\/tal.ch\\\/wp-content\\\/uploads\\\/2024\\\/02\\\/Logo-Tal.png\",\"width\":100,\"height\":157,\"caption\":\"Tal\"},\"image\":{\"@id\":\"https:\\\/\\\/tal.ch\\\/#\\\/schema\\\/logo\\\/image\\\/\"},\"sameAs\":[\"https:\\\/\\\/www.facebook.com\\\/tal.schweiz\\\/\"]}]}<\/script>\n<!-- \/ Yoast SEO plugin. -->","yoast_head_json":{"title":"sampling - Tal","robots":{"index":"index","follow":"follow","max-snippet":"max-snippet:-1","max-image-preview":"max-image-preview:large","max-video-preview":"max-video-preview:-1"},"canonical":"https:\/\/tal.ch\/it\/sampling\/","og_locale":"it_IT","og_type":"article","og_title":"sampling - Tal","og_description":"Willkommen bei Tal Familie L\u00fcscher: vlnr: Doris L\u00fcscher, Erich L\u00fcscher, Christian L\u00fcscher, Oliver L\u00fcscher Sch\u00f6n, dass Sie eines unserer Produkte in H\u00e4nden halten \u2013 das ist der erste Schritt zu sp\u00fcrbar gepflegter und gesunder Haut. Jetzt fehlt nur noch eines: Entdecken Sie unser gesamtes Sortiment und g\u00f6nnen Sie Ihrer Haut die Pflege, die sie verdient. Seit \u00fcber 50 Jahren steht unser Familienunternehmen f\u00fcr hochwertige Hautpflege mit vielen Wirkstoffen aus der Schweizer Natur. Unser Vater, Erich L\u00fcscher, hat den Grundstein gelegt \u2013 heute f\u00fchren wir, Oliver und Christian, seine Mission mit Leidenschaft weiter. Unsere Handcremes sind die\u00a0Nr. 1 im Schweizer Fachhandel! Damit Sie die Wirkung unserer Produkte selbst erleben, schenken wir Ihnen 20% Rabatt auf Ihren ersten Einkauf in unserem Webshop. Nutzen Sie den Code WELCOME20 beim Checkout und geniessen Sie gesunde, geschmeidige Haut. Jetzt zum Webshop","og_url":"https:\/\/tal.ch\/it\/sampling\/","og_site_name":"Tal","article_publisher":"https:\/\/www.facebook.com\/tal.schweiz\/","article_modified_time":"2026-04-16T06:04:12+00:00","og_image":[{"width":2560,"height":1707,"url":"https:\/\/tal.ch\/wp-content\/uploads\/2025\/03\/OHO6424-scaled.jpg","type":"image\/jpeg"}],"twitter_card":"summary_large_image","twitter_misc":{"Tempo di lettura stimato":"1 minuto"},"schema":{"@context":"https:\/\/schema.org","@graph":[{"@type":"WebPage","@id":"https:\/\/tal.ch\/sampling\/","url":"https:\/\/tal.ch\/sampling\/","name":"sampling - Tal","isPartOf":{"@id":"https:\/\/tal.ch\/#website"},"primaryImageOfPage":{"@id":"https:\/\/tal.ch\/sampling\/#primaryimage"},"image":{"@id":"https:\/\/tal.ch\/sampling\/#primaryimage"},"thumbnailUrl":"https:\/\/tal.ch\/wp-content\/uploads\/2025\/03\/OHO6424-scaled.jpg","datePublished":"2025-03-12T12:36:15+00:00","dateModified":"2026-04-16T06:04:12+00:00","breadcrumb":{"@id":"https:\/\/tal.ch\/sampling\/#breadcrumb"},"inLanguage":"it-IT","potentialAction":[{"@type":"ReadAction","target":["https:\/\/tal.ch\/sampling\/"]}]},{"@type":"ImageObject","inLanguage":"it-IT","@id":"https:\/\/tal.ch\/sampling\/#primaryimage","url":"https:\/\/tal.ch\/wp-content\/uploads\/2025\/03\/OHO6424-scaled.jpg","contentUrl":"https:\/\/tal.ch\/wp-content\/uploads\/2025\/03\/OHO6424-scaled.jpg"},{"@type":"BreadcrumbList","@id":"https:\/\/tal.ch\/sampling\/#breadcrumb","itemListElement":[{"@type":"ListItem","position":1,"name":"Startseite","item":"https:\/\/tal.ch\/"},{"@type":"ListItem","position":2,"name":"sampling"}]},{"@type":"WebSite","@id":"https:\/\/tal.ch\/#website","url":"https:\/\/tal.ch\/","name":"Valle","description":"Estratti vegetali di altissima qualit\u00e0","publisher":{"@id":"https:\/\/tal.ch\/#organization"},"potentialAction":[{"@type":"SearchAction","target":{"@type":"EntryPoint","urlTemplate":"https:\/\/tal.ch\/?s={search_term_string}"},"query-input":{"@type":"PropertyValueSpecification","valueRequired":true,"valueName":"search_term_string"}}],"inLanguage":"it-IT"},{"@type":"Organization","@id":"https:\/\/tal.ch\/#organization","name":"Valle","url":"https:\/\/tal.ch\/","logo":{"@type":"ImageObject","inLanguage":"it-IT","@id":"https:\/\/tal.ch\/#\/schema\/logo\/image\/","url":"https:\/\/tal.ch\/wp-content\/uploads\/2024\/02\/Logo-Tal.png","contentUrl":"https:\/\/tal.ch\/wp-content\/uploads\/2024\/02\/Logo-Tal.png","width":100,"height":157,"caption":"Tal"},"image":{"@id":"https:\/\/tal.ch\/#\/schema\/logo\/image\/"},"sameAs":["https:\/\/www.facebook.com\/tal.schweiz\/"]}]}},"_links":{"self":[{"href":"https:\/\/tal.ch\/it\/wp-json\/wp\/v2\/pages\/15272","targetHints":{"allow":["GET"]}}],"collection":[{"href":"https:\/\/tal.ch\/it\/wp-json\/wp\/v2\/pages"}],"about":[{"href":"https:\/\/tal.ch\/it\/wp-json\/wp\/v2\/types\/page"}],"author":[{"embeddable":true,"href":"https:\/\/tal.ch\/it\/wp-json\/wp\/v2\/users\/2"}],"replies":[{"embeddable":true,"href":"https:\/\/tal.ch\/it\/wp-json\/wp\/v2\/comments?post=15272"}],"version-history":[{"count":35,"href":"https:\/\/tal.ch\/it\/wp-json\/wp\/v2\/pages\/15272\/revisions"}],"predecessor-version":[{"id":15311,"href":"https:\/\/tal.ch\/it\/wp-json\/wp\/v2\/pages\/15272\/revisions\/15311"}],"wp:attachment":[{"href":"https:\/\/tal.ch\/it\/wp-json\/wp\/v2\/media?parent=15272"}],"wp:term":[{"taxonomy":"post_tag","embeddable":true,"href":"https:\/\/tal.ch\/it\/wp-json\/wp\/v2\/tags?post=15272"}],"curies":[{"name":"wp","href":"https:\/\/api.w.org\/{rel}","templated":true}]}}