{"id":15481,"date":"2025-03-27T13:41:13","date_gmt":"2025-03-27T13:41:13","guid":{"rendered":"https:\/\/tal.ch\/?page_id=15481"},"modified":"2026-04-16T06:04:33","modified_gmt":"2026-04-16T06:04:33","slug":"marina-hobi","status":"publish","type":"page","link":"https:\/\/tal.ch\/it\/marina-hobi\/","title":{"rendered":"Marina Hobi"},"content":{"rendered":"<div data-elementor-type=\"wp-page\" data-elementor-id=\"15481\" class=\"elementor elementor-15481\" data-elementor-post-type=\"page\">\n\t\t\t\t<div class=\"elementor-element elementor-element-5c9a351 e-flex e-con-boxed wpr-particle-no wpr-jarallax-no wpr-parallax-no wpr-sticky-section-no wpr-equal-height-no e-con e-parent\" data-id=\"5c9a351\" data-element_type=\"container\" data-e-type=\"container\">\n\t\t\t\t\t<div class=\"e-con-inner\">\n\t\t\t\t<div class=\"elementor-element elementor-element-ea767c1 elementor-widget elementor-widget-spacer\" data-id=\"ea767c1\" data-element_type=\"widget\" data-e-type=\"widget\" data-widget_type=\"spacer.default\">\n\t\t\t\t\t\t\t<div class=\"elementor-spacer\">\n\t\t\t<div class=\"elementor-spacer-inner\"><\/div>\n\t\t<\/div>\n\t\t\t\t\t\t<\/div>\n\t\t\t\t\t<\/div>\n\t\t\t\t<\/div>\n\t\t<div class=\"elementor-element elementor-element-1cd01fa e-flex e-con-boxed wpr-particle-no wpr-jarallax-no wpr-parallax-no wpr-sticky-section-no wpr-equal-height-no e-con e-parent\" data-id=\"1cd01fa\" data-element_type=\"container\" data-e-type=\"container\">\n\t\t\t\t\t<div class=\"e-con-inner\">\n\t\t<div class=\"elementor-element elementor-element-8f9b0ae e-con-full e-flex wpr-particle-no wpr-jarallax-no wpr-parallax-no wpr-sticky-section-no wpr-equal-height-no e-con e-child\" data-id=\"8f9b0ae\" data-element_type=\"container\" data-e-type=\"container\">\n\t\t\t\t<div class=\"elementor-element elementor-element-5bb9304 elementor-widget elementor-widget-image\" data-id=\"5bb9304\" data-element_type=\"widget\" data-e-type=\"widget\" data-widget_type=\"image.default\">\n\t\t\t\t\t\t\t\t\t\t\t\t\t\t\t<img fetchpriority=\"high\" decoding=\"async\" width=\"500\" height=\"600\" src=\"https:\/\/tal.ch\/wp-content\/uploads\/2025\/03\/Marina-500-x-600-Pixel.png\" class=\"attachment-full size-full wp-image-15483\" alt=\"\" srcset=\"https:\/\/tal.ch\/wp-content\/uploads\/2025\/03\/Marina-500-x-600-Pixel.png 500w, https:\/\/tal.ch\/wp-content\/uploads\/2025\/03\/Marina-500-x-600-Pixel-250x300.png 250w, https:\/\/tal.ch\/wp-content\/uploads\/2025\/03\/Marina-500-x-600-Pixel-10x12.png 10w\" sizes=\"(max-width: 500px) 100vw, 500px\" \/>\t\t\t\t\t\t\t\t\t\t\t\t\t\t\t<\/div>\n\t\t\t\t<div class=\"elementor-element elementor-element-8c46fbd elementor-widget elementor-widget-text-editor\" data-id=\"8c46fbd\" data-element_type=\"widget\" data-e-type=\"widget\" data-widget_type=\"text-editor.default\">\n\t\t\t\t\t\t\t\t\t<p><b>Marina Hobi<br \/><\/b><span style=\"text-align: var(--text-align); font-size: 1rem;\">Farmacista EFZ<\/span><\/p><p><a href=\"https:\/\/dropa.ch\/standorte\/dropa-drogerie-apotheke-davos\" target=\"_blank\" rel=\"noopener\"><span style=\"color: #000000;\"><u>Dropa farmacia Davos<\/u><\/span><\/a><\/p>\t\t\t\t\t\t\t\t<\/div>\n\t\t\t\t<\/div>\n\t\t<div class=\"elementor-element elementor-element-4908ee0 e-con-full e-flex wpr-particle-no wpr-jarallax-no wpr-parallax-no wpr-sticky-section-no wpr-equal-height-no e-con e-child\" data-id=\"4908ee0\" data-element_type=\"container\" data-e-type=\"container\">\n\t\t\t\t<div class=\"elementor-element elementor-element-575dab5 elementor-widget elementor-widget-text-editor\" data-id=\"575dab5\" data-element_type=\"widget\" data-e-type=\"widget\" data-widget_type=\"text-editor.default\">\n\t\t\t\t\t\t\t\t\t<p><strong>Per che cosa pensa che Tal stia parlando?<\/strong><br>Per me Tal incarna la naturalezza, la bellezza e lo stretto legame con la Svizzera. Il marchio combina la tradizione con la cura moderna e si affida a ingredienti di alta qualit\u00e0 provenienti dalla regione.<\/p>\n<p><b>Cosa pensa che renda speciale Tal?<br><\/b><span style=\"text-align: var(--text-align); font-size: 1rem;\">La produzione locale e l'uso di ingredienti regionali sono particolarmente impressionanti. Tal \u00e8 un'azienda tradizionale a conduzione familiare che si concentra sulla qualit\u00e0 e sulla sostenibilit\u00e0 e, soprattutto, la sede principale si trova nella mia citt\u00e0!<\/span><\/p>\n<p><b>Quale prodotto della valle sta funzionando particolarmente bene per voi?<br><\/b><span style=\"text-align: var(--text-align); font-size: 1rem;\">La classica crema mani Tal Med Repair \u00e8 il nostro bestseller assoluto! Fornisce una cura intensiva ed \u00e8 un vero must per una pelle sana ed elastica.<\/span><\/p>\n<p><strong>Che feedback ricevete dai vostri clienti sui prodotti Tal?<\/strong><br>Il feedback \u00e8 sempre positivo! I clienti apprezzano particolarmente l'origine locale dei prodotti e sono entusiasti del loro effetto.&nbsp;<\/p>\t\t\t\t\t\t\t\t<\/div>\n\t\t\t\t<\/div>\n\t\t\t\t\t<\/div>\n\t\t\t\t<\/div>\n\t\t<div class=\"elementor-element elementor-element-8610fe4 e-flex e-con-boxed wpr-particle-no wpr-jarallax-no wpr-parallax-no wpr-sticky-section-no wpr-equal-height-no e-con e-parent\" data-id=\"8610fe4\" data-element_type=\"container\" data-e-type=\"container\">\n\t\t\t\t\t<div class=\"e-con-inner\">\n\t\t\t\t<div class=\"elementor-element elementor-element-e8aa85f elementor-widget elementor-widget-spacer\" data-id=\"e8aa85f\" data-element_type=\"widget\" data-e-type=\"widget\" data-widget_type=\"spacer.default\">\n\t\t\t\t\t\t\t<div class=\"elementor-spacer\">\n\t\t\t<div class=\"elementor-spacer-inner\"><\/div>\n\t\t<\/div>\n\t\t\t\t\t\t<\/div>\n\t\t\t\t\t<\/div>\n\t\t\t\t<\/div>\n\t\t\t\t<\/div>","protected":false},"excerpt":{"rendered":"<p>Marina HobiDrogistin EFZ Dropa Drogerie Apotheke Davos Cosa rappresenta Tal? Per me Tal incarna la naturalezza, la bellezza e lo stretto legame con la Svizzera. Il marchio combina la tradizione con la cura moderna e si affida a ingredienti di alta qualit\u00e0 provenienti dalla regione. Che cosa rende speciale Tal? La produzione locale e l'uso di ingredienti regionali sono particolarmente impressionanti. Tal \u00e8 un'azienda tradizionale a conduzione familiare che si concentra sulla qualit\u00e0 e sulla sostenibilit\u00e0, e la cosa migliore \u00e8 che il sito di produzione principale si trova nella mia citt\u00e0 natale! Quale prodotto Tal sta facendo particolarmente bene? La classica crema per le mani Tal Med Repair \u00e8 il nostro bestseller assoluto! Fornisce una cura intensiva ed \u00e8 un vero must per una pelle sana ed elastica. Quali sono i commenti dei vostri clienti sui prodotti Tal? I commenti sono sempre positivi! I clienti apprezzano particolarmente l'origine locale dei prodotti e sono entusiasti del loro effetto.&nbsp;<\/p>","protected":false},"author":2,"featured_media":0,"parent":0,"menu_order":39,"comment_status":"closed","ping_status":"closed","template":"elementor_header_footer","meta":{"footnotes":""},"tags":[],"class_list":["post-15481","page","type-page","status-publish","hentry"],"yoast_head":"<!-- This site is optimized with the Yoast SEO plugin v27.4 - https:\/\/yoast.com\/product\/yoast-seo-wordpress\/ -->\n<title>Marina Hobi - Tal<\/title>\n<meta name=\"robots\" content=\"index, follow, max-snippet:-1, max-image-preview:large, max-video-preview:-1\" \/>\n<link rel=\"canonical\" href=\"https:\/\/tal.ch\/it\/marina-hobi\/\" \/>\n<meta property=\"og:locale\" content=\"it_IT\" \/>\n<meta property=\"og:type\" content=\"article\" \/>\n<meta property=\"og:title\" content=\"Marina Hobi - Tal\" \/>\n<meta property=\"og:description\" content=\"Marina HobiDrogistin EFZ Dropa Drogerie Apotheke Davos Wof\u00fcr steht Tal Ihrer Meinung nach?Tal verk\u00f6rpert f\u00fcr mich Nat\u00fcrlichkeit, Sch\u00f6nheit und die enge Verbundenheit zur Schweiz. Die Marke verbindet Tradition mit moderner Pflege und setzt auf hochwertige Inhaltsstoffe aus der Region. Was macht Tal Ihrer Meinung nach besonders?Besonders beeindruckend ist die lokale Produktion und die Verwendung regionaler Inhaltsstoffe. Tal ist ein traditionelles Familienunternehmen, das auf Qualit\u00e4t und Nachhaltigkeit setzt \u2013 und das Beste: Der Hauptstandort ist in meinem Wohnort! Welches Tal-Produkt l\u00e4uft bei Ihnen besonders gut?Die klassische Tal Med Repair Handcreme ist bei uns der absolute Bestseller! Sie pflegt intensiv und ist ein echtes Must-have f\u00fcr gesunde, geschmeidige Haut. Welche R\u00fcckmeldungen erhalten Sie von Ihren Kundinnen und Kunden zu Tal-Produkten?Die R\u00fcckmeldungen sind durchweg positiv! Kundinnen und Kunden sch\u00e4tzen besonders die einheimische Herkunft der Produkte und sind begeistert von deren Wirkung.&nbsp;\" \/>\n<meta property=\"og:url\" content=\"https:\/\/tal.ch\/it\/marina-hobi\/\" \/>\n<meta property=\"og:site_name\" content=\"Tal\" \/>\n<meta property=\"article:publisher\" content=\"https:\/\/www.facebook.com\/tal.schweiz\/\" \/>\n<meta property=\"article:modified_time\" content=\"2026-04-16T06:04:33+00:00\" \/>\n<meta property=\"og:image\" content=\"https:\/\/tal.ch\/wp-content\/uploads\/2025\/03\/Marina-500-x-600-Pixel.png\" \/>\n\t<meta property=\"og:image:width\" content=\"500\" \/>\n\t<meta property=\"og:image:height\" content=\"600\" \/>\n\t<meta property=\"og:image:type\" content=\"image\/png\" \/>\n<meta name=\"twitter:card\" content=\"summary_large_image\" \/>\n<meta name=\"twitter:label1\" content=\"Tempo di lettura stimato\" \/>\n\t<meta name=\"twitter:data1\" content=\"1 minuto\" \/>\n<script type=\"application\/ld+json\" class=\"yoast-schema-graph\">{\"@context\":\"https:\\\/\\\/schema.org\",\"@graph\":[{\"@type\":\"WebPage\",\"@id\":\"https:\\\/\\\/tal.ch\\\/marina-hobi\\\/\",\"url\":\"https:\\\/\\\/tal.ch\\\/marina-hobi\\\/\",\"name\":\"Marina Hobi - Tal\",\"isPartOf\":{\"@id\":\"https:\\\/\\\/tal.ch\\\/#website\"},\"primaryImageOfPage\":{\"@id\":\"https:\\\/\\\/tal.ch\\\/marina-hobi\\\/#primaryimage\"},\"image\":{\"@id\":\"https:\\\/\\\/tal.ch\\\/marina-hobi\\\/#primaryimage\"},\"thumbnailUrl\":\"https:\\\/\\\/tal.ch\\\/wp-content\\\/uploads\\\/2025\\\/03\\\/Marina-500-x-600-Pixel.png\",\"datePublished\":\"2025-03-27T13:41:13+00:00\",\"dateModified\":\"2026-04-16T06:04:33+00:00\",\"breadcrumb\":{\"@id\":\"https:\\\/\\\/tal.ch\\\/marina-hobi\\\/#breadcrumb\"},\"inLanguage\":\"it-IT\",\"potentialAction\":[{\"@type\":\"ReadAction\",\"target\":[\"https:\\\/\\\/tal.ch\\\/marina-hobi\\\/\"]}]},{\"@type\":\"ImageObject\",\"inLanguage\":\"it-IT\",\"@id\":\"https:\\\/\\\/tal.ch\\\/marina-hobi\\\/#primaryimage\",\"url\":\"https:\\\/\\\/tal.ch\\\/wp-content\\\/uploads\\\/2025\\\/03\\\/Marina-500-x-600-Pixel.png\",\"contentUrl\":\"https:\\\/\\\/tal.ch\\\/wp-content\\\/uploads\\\/2025\\\/03\\\/Marina-500-x-600-Pixel.png\"},{\"@type\":\"BreadcrumbList\",\"@id\":\"https:\\\/\\\/tal.ch\\\/marina-hobi\\\/#breadcrumb\",\"itemListElement\":[{\"@type\":\"ListItem\",\"position\":1,\"name\":\"Startseite\",\"item\":\"https:\\\/\\\/tal.ch\\\/\"},{\"@type\":\"ListItem\",\"position\":2,\"name\":\"Marina Hobi\"}]},{\"@type\":\"WebSite\",\"@id\":\"https:\\\/\\\/tal.ch\\\/#website\",\"url\":\"https:\\\/\\\/tal.ch\\\/\",\"name\":\"Tal\",\"description\":\"Pflanzenextrakte von h\u00f6chster Qualit\u00e4t\",\"publisher\":{\"@id\":\"https:\\\/\\\/tal.ch\\\/#organization\"},\"potentialAction\":[{\"@type\":\"SearchAction\",\"target\":{\"@type\":\"EntryPoint\",\"urlTemplate\":\"https:\\\/\\\/tal.ch\\\/?s={search_term_string}\"},\"query-input\":{\"@type\":\"PropertyValueSpecification\",\"valueRequired\":true,\"valueName\":\"search_term_string\"}}],\"inLanguage\":\"it-IT\"},{\"@type\":\"Organization\",\"@id\":\"https:\\\/\\\/tal.ch\\\/#organization\",\"name\":\"Tal\",\"url\":\"https:\\\/\\\/tal.ch\\\/\",\"logo\":{\"@type\":\"ImageObject\",\"inLanguage\":\"it-IT\",\"@id\":\"https:\\\/\\\/tal.ch\\\/#\\\/schema\\\/logo\\\/image\\\/\",\"url\":\"https:\\\/\\\/tal.ch\\\/wp-content\\\/uploads\\\/2024\\\/02\\\/Logo-Tal.png\",\"contentUrl\":\"https:\\\/\\\/tal.ch\\\/wp-content\\\/uploads\\\/2024\\\/02\\\/Logo-Tal.png\",\"width\":100,\"height\":157,\"caption\":\"Tal\"},\"image\":{\"@id\":\"https:\\\/\\\/tal.ch\\\/#\\\/schema\\\/logo\\\/image\\\/\"},\"sameAs\":[\"https:\\\/\\\/www.facebook.com\\\/tal.schweiz\\\/\"]}]}<\/script>\n<!-- \/ Yoast SEO plugin. -->","yoast_head_json":{"title":"Marina Hobi - Tal","robots":{"index":"index","follow":"follow","max-snippet":"max-snippet:-1","max-image-preview":"max-image-preview:large","max-video-preview":"max-video-preview:-1"},"canonical":"https:\/\/tal.ch\/it\/marina-hobi\/","og_locale":"it_IT","og_type":"article","og_title":"Marina Hobi - Tal","og_description":"Marina HobiDrogistin EFZ Dropa Drogerie Apotheke Davos Wof\u00fcr steht Tal Ihrer Meinung nach?Tal verk\u00f6rpert f\u00fcr mich Nat\u00fcrlichkeit, Sch\u00f6nheit und die enge Verbundenheit zur Schweiz. Die Marke verbindet Tradition mit moderner Pflege und setzt auf hochwertige Inhaltsstoffe aus der Region. Was macht Tal Ihrer Meinung nach besonders?Besonders beeindruckend ist die lokale Produktion und die Verwendung regionaler Inhaltsstoffe. Tal ist ein traditionelles Familienunternehmen, das auf Qualit\u00e4t und Nachhaltigkeit setzt \u2013 und das Beste: Der Hauptstandort ist in meinem Wohnort! Welches Tal-Produkt l\u00e4uft bei Ihnen besonders gut?Die klassische Tal Med Repair Handcreme ist bei uns der absolute Bestseller! Sie pflegt intensiv und ist ein echtes Must-have f\u00fcr gesunde, geschmeidige Haut. Welche R\u00fcckmeldungen erhalten Sie von Ihren Kundinnen und Kunden zu Tal-Produkten?Die R\u00fcckmeldungen sind durchweg positiv! Kundinnen und Kunden sch\u00e4tzen besonders die einheimische Herkunft der Produkte und sind begeistert von deren Wirkung.&nbsp;","og_url":"https:\/\/tal.ch\/it\/marina-hobi\/","og_site_name":"Tal","article_publisher":"https:\/\/www.facebook.com\/tal.schweiz\/","article_modified_time":"2026-04-16T06:04:33+00:00","og_image":[{"width":500,"height":600,"url":"https:\/\/tal.ch\/wp-content\/uploads\/2025\/03\/Marina-500-x-600-Pixel.png","type":"image\/png"}],"twitter_card":"summary_large_image","twitter_misc":{"Tempo di lettura stimato":"1 minuto"},"schema":{"@context":"https:\/\/schema.org","@graph":[{"@type":"WebPage","@id":"https:\/\/tal.ch\/marina-hobi\/","url":"https:\/\/tal.ch\/marina-hobi\/","name":"Marina Hobi - Tal","isPartOf":{"@id":"https:\/\/tal.ch\/#website"},"primaryImageOfPage":{"@id":"https:\/\/tal.ch\/marina-hobi\/#primaryimage"},"image":{"@id":"https:\/\/tal.ch\/marina-hobi\/#primaryimage"},"thumbnailUrl":"https:\/\/tal.ch\/wp-content\/uploads\/2025\/03\/Marina-500-x-600-Pixel.png","datePublished":"2025-03-27T13:41:13+00:00","dateModified":"2026-04-16T06:04:33+00:00","breadcrumb":{"@id":"https:\/\/tal.ch\/marina-hobi\/#breadcrumb"},"inLanguage":"it-IT","potentialAction":[{"@type":"ReadAction","target":["https:\/\/tal.ch\/marina-hobi\/"]}]},{"@type":"ImageObject","inLanguage":"it-IT","@id":"https:\/\/tal.ch\/marina-hobi\/#primaryimage","url":"https:\/\/tal.ch\/wp-content\/uploads\/2025\/03\/Marina-500-x-600-Pixel.png","contentUrl":"https:\/\/tal.ch\/wp-content\/uploads\/2025\/03\/Marina-500-x-600-Pixel.png"},{"@type":"BreadcrumbList","@id":"https:\/\/tal.ch\/marina-hobi\/#breadcrumb","itemListElement":[{"@type":"ListItem","position":1,"name":"Startseite","item":"https:\/\/tal.ch\/"},{"@type":"ListItem","position":2,"name":"Marina Hobi"}]},{"@type":"WebSite","@id":"https:\/\/tal.ch\/#website","url":"https:\/\/tal.ch\/","name":"Valle","description":"Estratti vegetali di altissima qualit\u00e0","publisher":{"@id":"https:\/\/tal.ch\/#organization"},"potentialAction":[{"@type":"SearchAction","target":{"@type":"EntryPoint","urlTemplate":"https:\/\/tal.ch\/?s={search_term_string}"},"query-input":{"@type":"PropertyValueSpecification","valueRequired":true,"valueName":"search_term_string"}}],"inLanguage":"it-IT"},{"@type":"Organization","@id":"https:\/\/tal.ch\/#organization","name":"Valle","url":"https:\/\/tal.ch\/","logo":{"@type":"ImageObject","inLanguage":"it-IT","@id":"https:\/\/tal.ch\/#\/schema\/logo\/image\/","url":"https:\/\/tal.ch\/wp-content\/uploads\/2024\/02\/Logo-Tal.png","contentUrl":"https:\/\/tal.ch\/wp-content\/uploads\/2024\/02\/Logo-Tal.png","width":100,"height":157,"caption":"Tal"},"image":{"@id":"https:\/\/tal.ch\/#\/schema\/logo\/image\/"},"sameAs":["https:\/\/www.facebook.com\/tal.schweiz\/"]}]}},"_links":{"self":[{"href":"https:\/\/tal.ch\/it\/wp-json\/wp\/v2\/pages\/15481","targetHints":{"allow":["GET"]}}],"collection":[{"href":"https:\/\/tal.ch\/it\/wp-json\/wp\/v2\/pages"}],"about":[{"href":"https:\/\/tal.ch\/it\/wp-json\/wp\/v2\/types\/page"}],"author":[{"embeddable":true,"href":"https:\/\/tal.ch\/it\/wp-json\/wp\/v2\/users\/2"}],"replies":[{"embeddable":true,"href":"https:\/\/tal.ch\/it\/wp-json\/wp\/v2\/comments?post=15481"}],"version-history":[{"count":13,"href":"https:\/\/tal.ch\/it\/wp-json\/wp\/v2\/pages\/15481\/revisions"}],"predecessor-version":[{"id":15496,"href":"https:\/\/tal.ch\/it\/wp-json\/wp\/v2\/pages\/15481\/revisions\/15496"}],"wp:attachment":[{"href":"https:\/\/tal.ch\/it\/wp-json\/wp\/v2\/media?parent=15481"}],"wp:term":[{"taxonomy":"post_tag","embeddable":true,"href":"https:\/\/tal.ch\/it\/wp-json\/wp\/v2\/tags?post=15481"}],"curies":[{"name":"wp","href":"https:\/\/api.w.org\/{rel}","templated":true}]}}