{"id":15515,"date":"2025-04-01T09:38:49","date_gmt":"2025-04-01T09:38:49","guid":{"rendered":"https:\/\/tal.ch\/?page_id=15515"},"modified":"2025-04-04T11:15:35","modified_gmt":"2025-04-04T11:15:35","slug":"patrick-buchs","status":"publish","type":"page","link":"https:\/\/tal.ch\/it\/patrick-buchs\/","title":{"rendered":"Patrick Buchs"},"content":{"rendered":"<div data-elementor-type=\"wp-page\" data-elementor-id=\"15515\" class=\"elementor elementor-15515\" data-elementor-post-type=\"page\">\n\t\t\t\t<div class=\"elementor-element elementor-element-5c9a351 e-flex e-con-boxed wpr-particle-no wpr-jarallax-no wpr-parallax-no wpr-sticky-section-no e-con e-parent\" data-id=\"5c9a351\" data-element_type=\"container\">\n\t\t\t\t\t<div class=\"e-con-inner\">\n\t\t\t\t<div class=\"elementor-element elementor-element-ea767c1 elementor-widget elementor-widget-spacer\" data-id=\"ea767c1\" data-element_type=\"widget\" data-widget_type=\"spacer.default\">\n\t\t\t\t\t\t\t<div class=\"elementor-spacer\">\n\t\t\t<div class=\"elementor-spacer-inner\"><\/div>\n\t\t<\/div>\n\t\t\t\t\t\t<\/div>\n\t\t\t\t\t<\/div>\n\t\t\t\t<\/div>\n\t\t<div class=\"elementor-element elementor-element-1cd01fa e-flex e-con-boxed wpr-particle-no wpr-jarallax-no wpr-parallax-no wpr-sticky-section-no e-con e-parent\" data-id=\"1cd01fa\" data-element_type=\"container\">\n\t\t\t\t\t<div class=\"e-con-inner\">\n\t\t<div class=\"elementor-element elementor-element-8f9b0ae e-con-full e-flex wpr-particle-no wpr-jarallax-no wpr-parallax-no wpr-sticky-section-no e-con e-child\" data-id=\"8f9b0ae\" data-element_type=\"container\">\n\t\t\t\t<div class=\"elementor-element elementor-element-5bb9304 elementor-widget elementor-widget-image\" data-id=\"5bb9304\" data-element_type=\"widget\" data-widget_type=\"image.default\">\n\t\t\t\t\t\t\t\t\t\t\t\t\t\t\t<img fetchpriority=\"high\" decoding=\"async\" width=\"500\" height=\"600\" src=\"https:\/\/tal.ch\/wp-content\/uploads\/2025\/04\/08-Buchs-Patrick-203-500-x-600.png\" class=\"attachment-full size-full wp-image-15530\" alt=\"\" srcset=\"https:\/\/tal.ch\/wp-content\/uploads\/2025\/04\/08-Buchs-Patrick-203-500-x-600.png 500w, https:\/\/tal.ch\/wp-content\/uploads\/2025\/04\/08-Buchs-Patrick-203-500-x-600-250x300.png 250w, https:\/\/tal.ch\/wp-content\/uploads\/2025\/04\/08-Buchs-Patrick-203-500-x-600-10x12.png 10w\" sizes=\"(max-width: 500px) 100vw, 500px\" \/>\t\t\t\t\t\t\t\t\t\t\t\t\t\t\t<\/div>\n\t\t\t\t<div class=\"elementor-element elementor-element-8c46fbd elementor-widget elementor-widget-text-editor\" data-id=\"8c46fbd\" data-element_type=\"widget\" data-widget_type=\"text-editor.default\">\n\t\t\t\t\t\t\t\t\t<p><strong>Patrick Buchs<br \/><\/strong><span style=\"text-align: var(--text-align); font-size: 1rem;\">Chimico certificato svizzero HF, proprietario<\/span><\/p><p><a href=\"https:\/\/falkendrogerie.ch\/\" target=\"_blank\" rel=\"noopener\">Farmacia Falken San Gallo<\/a><\/p>\t\t\t\t\t\t\t\t<\/div>\n\t\t\t\t<\/div>\n\t\t<div class=\"elementor-element elementor-element-4908ee0 e-con-full e-flex wpr-particle-no wpr-jarallax-no wpr-parallax-no wpr-sticky-section-no e-con e-child\" data-id=\"4908ee0\" data-element_type=\"container\">\n\t\t\t\t<div class=\"elementor-element elementor-element-575dab5 elementor-widget elementor-widget-text-editor\" data-id=\"575dab5\" data-element_type=\"widget\" data-widget_type=\"text-editor.default\">\n\t\t\t\t\t\t\t\t\t<p><strong>Per che cosa pensa che Tal stia parlando?<\/strong><br>Per me Tal \u00e8 sinonimo di prodotti cosmetici svizzeri provenienti da un'azienda familiare tradizionale dei Grigioni. Conosco il marchio fin dal mio apprendistato e lo considero un partner affidabile per i prodotti di cura di alta qualit\u00e0.<\/p>\n<p><strong>Cosa pensa che renda speciale Tal?<\/strong><br>Ci\u00f2 che mi piace particolarmente di Tal \u00e8 la fragranza raffinata e l'eccellente qualit\u00e0 dei prodotti. Ci si rende immediatamente conto che ogni formulazione \u00e8 stata realizzata con esperienza e cura.<\/p>\n<p><strong>Quale prodotto della valle sta funzionando particolarmente bene per voi?<\/strong><br>Il piccolo e maneggevole tubetto da 30 ml della crema per le mani Tal \u00e8 particolarmente adatto a noi: entra in qualsiasi borsetta o borsa sportiva ed \u00e8 il compagno perfetto per i viaggi.<\/p>\n<p><strong>Che feedback ricevete dai vostri clienti sui prodotti Tal?<\/strong><br>I nostri clienti apprezzano in particolare il fatto che Tal Hand Cream si assorbe rapidamente senza essere unta e fornisce un'eccellente cura anche alla pelle screpolata.<\/p>\t\t\t\t\t\t\t\t<\/div>\n\t\t\t\t<\/div>\n\t\t\t\t\t<\/div>\n\t\t\t\t<\/div>\n\t\t<div class=\"elementor-element elementor-element-8610fe4 e-flex e-con-boxed wpr-particle-no wpr-jarallax-no wpr-parallax-no wpr-sticky-section-no e-con e-parent\" data-id=\"8610fe4\" data-element_type=\"container\">\n\t\t\t\t\t<div class=\"e-con-inner\">\n\t\t\t\t<div class=\"elementor-element elementor-element-e8aa85f elementor-widget elementor-widget-spacer\" data-id=\"e8aa85f\" data-element_type=\"widget\" data-widget_type=\"spacer.default\">\n\t\t\t\t\t\t\t<div class=\"elementor-spacer\">\n\t\t\t<div class=\"elementor-spacer-inner\"><\/div>\n\t\t<\/div>\n\t\t\t\t\t\t<\/div>\n\t\t\t\t\t<\/div>\n\t\t\t\t<\/div>\n\t\t\t\t<\/div>","protected":false},"excerpt":{"rendered":"<p>Patrick BuchsChimico diplomato HF, proprietario della Falken Drogerie di San Gallo Che cosa rappresenta Tal? Per me Tal rappresenta i prodotti cosmetici svizzeri di un'azienda familiare tradizionale dei Grigioni. Conosco il marchio fin dal mio apprendistato e lo apprezzo come partner affidabile per i prodotti di cura di alta qualit\u00e0. Che cosa rende speciale Tal? Ci\u00f2 che mi piace particolarmente di Tal \u00e8 la fragranza raffinata e l'eccellente qualit\u00e0 dei prodotti. Ci si rende subito conto che in ogni formulazione ci sono esperienza e cura. Qual \u00e8 il prodotto Tal che vi piace di pi\u00f9? Il tubetto di crema per le mani Tal, piccolo e maneggevole, da 30 ml, \u00e8 particolarmente adatto a noi: sta in ogni borsetta o borsa sportiva ed \u00e8 il compagno perfetto per i viaggi. Quali sono i commenti dei vostri clienti sui prodotti Tal? I nostri clienti apprezzano in particolare il fatto che la crema per le mani Tal si assorbe rapidamente senza ungere e offre un'ottima cura anche per la pelle screpolata.<\/p>","protected":false},"author":2,"featured_media":0,"parent":0,"menu_order":12,"comment_status":"closed","ping_status":"closed","template":"elementor_header_footer","meta":{"footnotes":""},"tags":[],"class_list":["post-15515","page","type-page","status-publish","hentry"],"yoast_head":"<!-- This site is optimized with the Yoast SEO plugin v26.8 - https:\/\/yoast.com\/product\/yoast-seo-wordpress\/ -->\n<title>Patrick Buchs - Tal<\/title>\n<meta name=\"robots\" content=\"index, follow, max-snippet:-1, max-image-preview:large, max-video-preview:-1\" \/>\n<link rel=\"canonical\" href=\"https:\/\/tal.ch\/it\/patrick-buchs\/\" \/>\n<meta property=\"og:locale\" content=\"it_IT\" \/>\n<meta property=\"og:type\" content=\"article\" \/>\n<meta property=\"og:title\" content=\"Patrick Buchs - Tal\" \/>\n<meta property=\"og:description\" content=\"Patrick BuchsEidg. Dipl. Drogist HF, Inhaber Falken Drogerie St. Gallen Wof\u00fcr steht Tal Ihrer Meinung nach?Tal steht f\u00fcr mich f\u00fcr Schweizer Kosmetikprodukte aus einem traditionsreichen Familienbetrieb im B\u00fcndnerland. Ich kenne die Marke bereits seit meiner Lehrzeit und sch\u00e4tze sie als verl\u00e4sslichen Partner f\u00fcr hochwertige Pflegeprodukte. Was macht Tal Ihrer Meinung nach besonders?Besonders begeistert mich an Tal der feine Duft und die ausgezeichnete Qualit\u00e4t der Produkte. Man merkt sofort, dass hier Erfahrung und Sorgfalt in jeder Formulierung stecken. Welches Tal-Produkt l\u00e4uft bei Ihnen besonders gut?Bei uns l\u00e4uft die kleine, handliche 30ml-Tube der Tal Handcreme besonders gut \u2013 sie passt in jede Hand- oder Sporttasche und ist der perfekte Begleiter f\u00fcr unterwegs. Welche R\u00fcckmeldungen erhalten Sie von Ihren Kundinnen und Kunden zu Tal-Produkten?Unsere Kundinnen und Kunden loben vor allem, dass die Tal Handcreme schnell einzieht, ohne zu fetten, und selbst bei rissiger Haut hervorragende Pflege bietet.\" \/>\n<meta property=\"og:url\" content=\"https:\/\/tal.ch\/it\/patrick-buchs\/\" \/>\n<meta property=\"og:site_name\" content=\"Tal\" \/>\n<meta property=\"article:publisher\" content=\"https:\/\/www.facebook.com\/tal.schweiz\/\" \/>\n<meta property=\"article:modified_time\" content=\"2025-04-04T11:15:35+00:00\" \/>\n<meta property=\"og:image\" content=\"https:\/\/tal.ch\/wp-content\/uploads\/2025\/04\/08-Buchs-Patrick-203-500-x-600.png\" \/>\n\t<meta property=\"og:image:width\" content=\"500\" \/>\n\t<meta property=\"og:image:height\" content=\"600\" \/>\n\t<meta property=\"og:image:type\" content=\"image\/png\" \/>\n<meta name=\"twitter:card\" content=\"summary_large_image\" \/>\n<meta name=\"twitter:label1\" content=\"Tempo di lettura stimato\" \/>\n\t<meta name=\"twitter:data1\" content=\"2 minuti\" \/>\n<script type=\"application\/ld+json\" class=\"yoast-schema-graph\">{\"@context\":\"https:\/\/schema.org\",\"@graph\":[{\"@type\":\"WebPage\",\"@id\":\"https:\/\/tal.ch\/patrick-buchs\/\",\"url\":\"https:\/\/tal.ch\/patrick-buchs\/\",\"name\":\"Patrick Buchs - Tal\",\"isPartOf\":{\"@id\":\"https:\/\/tal.ch\/#website\"},\"primaryImageOfPage\":{\"@id\":\"https:\/\/tal.ch\/patrick-buchs\/#primaryimage\"},\"image\":{\"@id\":\"https:\/\/tal.ch\/patrick-buchs\/#primaryimage\"},\"thumbnailUrl\":\"https:\/\/tal.ch\/wp-content\/uploads\/2025\/04\/08-Buchs-Patrick-203-500-x-600.png\",\"datePublished\":\"2025-04-01T09:38:49+00:00\",\"dateModified\":\"2025-04-04T11:15:35+00:00\",\"breadcrumb\":{\"@id\":\"https:\/\/tal.ch\/patrick-buchs\/#breadcrumb\"},\"inLanguage\":\"it-IT\",\"potentialAction\":[{\"@type\":\"ReadAction\",\"target\":[\"https:\/\/tal.ch\/patrick-buchs\/\"]}]},{\"@type\":\"ImageObject\",\"inLanguage\":\"it-IT\",\"@id\":\"https:\/\/tal.ch\/patrick-buchs\/#primaryimage\",\"url\":\"https:\/\/tal.ch\/wp-content\/uploads\/2025\/04\/08-Buchs-Patrick-203-500-x-600.png\",\"contentUrl\":\"https:\/\/tal.ch\/wp-content\/uploads\/2025\/04\/08-Buchs-Patrick-203-500-x-600.png\"},{\"@type\":\"BreadcrumbList\",\"@id\":\"https:\/\/tal.ch\/patrick-buchs\/#breadcrumb\",\"itemListElement\":[{\"@type\":\"ListItem\",\"position\":1,\"name\":\"Startseite\",\"item\":\"https:\/\/tal.ch\/\"},{\"@type\":\"ListItem\",\"position\":2,\"name\":\"Patrick Buchs\"}]},{\"@type\":\"WebSite\",\"@id\":\"https:\/\/tal.ch\/#website\",\"url\":\"https:\/\/tal.ch\/\",\"name\":\"Tal\",\"description\":\"Pflanzenextrakte von h\u00f6chster Qualit\u00e4t\",\"publisher\":{\"@id\":\"https:\/\/tal.ch\/#organization\"},\"potentialAction\":[{\"@type\":\"SearchAction\",\"target\":{\"@type\":\"EntryPoint\",\"urlTemplate\":\"https:\/\/tal.ch\/?s={search_term_string}\"},\"query-input\":{\"@type\":\"PropertyValueSpecification\",\"valueRequired\":true,\"valueName\":\"search_term_string\"}}],\"inLanguage\":\"it-IT\"},{\"@type\":\"Organization\",\"@id\":\"https:\/\/tal.ch\/#organization\",\"name\":\"Tal\",\"url\":\"https:\/\/tal.ch\/\",\"logo\":{\"@type\":\"ImageObject\",\"inLanguage\":\"it-IT\",\"@id\":\"https:\/\/tal.ch\/#\/schema\/logo\/image\/\",\"url\":\"https:\/\/tal.ch\/wp-content\/uploads\/2024\/02\/Logo-Tal.png\",\"contentUrl\":\"https:\/\/tal.ch\/wp-content\/uploads\/2024\/02\/Logo-Tal.png\",\"width\":100,\"height\":157,\"caption\":\"Tal\"},\"image\":{\"@id\":\"https:\/\/tal.ch\/#\/schema\/logo\/image\/\"},\"sameAs\":[\"https:\/\/www.facebook.com\/tal.schweiz\/\"]}]}<\/script>\n<!-- \/ Yoast SEO plugin. -->","yoast_head_json":{"title":"Patrick Buchs - Tal","robots":{"index":"index","follow":"follow","max-snippet":"max-snippet:-1","max-image-preview":"max-image-preview:large","max-video-preview":"max-video-preview:-1"},"canonical":"https:\/\/tal.ch\/it\/patrick-buchs\/","og_locale":"it_IT","og_type":"article","og_title":"Patrick Buchs - Tal","og_description":"Patrick BuchsEidg. Dipl. Drogist HF, Inhaber Falken Drogerie St. Gallen Wof\u00fcr steht Tal Ihrer Meinung nach?Tal steht f\u00fcr mich f\u00fcr Schweizer Kosmetikprodukte aus einem traditionsreichen Familienbetrieb im B\u00fcndnerland. Ich kenne die Marke bereits seit meiner Lehrzeit und sch\u00e4tze sie als verl\u00e4sslichen Partner f\u00fcr hochwertige Pflegeprodukte. Was macht Tal Ihrer Meinung nach besonders?Besonders begeistert mich an Tal der feine Duft und die ausgezeichnete Qualit\u00e4t der Produkte. Man merkt sofort, dass hier Erfahrung und Sorgfalt in jeder Formulierung stecken. Welches Tal-Produkt l\u00e4uft bei Ihnen besonders gut?Bei uns l\u00e4uft die kleine, handliche 30ml-Tube der Tal Handcreme besonders gut \u2013 sie passt in jede Hand- oder Sporttasche und ist der perfekte Begleiter f\u00fcr unterwegs. Welche R\u00fcckmeldungen erhalten Sie von Ihren Kundinnen und Kunden zu Tal-Produkten?Unsere Kundinnen und Kunden loben vor allem, dass die Tal Handcreme schnell einzieht, ohne zu fetten, und selbst bei rissiger Haut hervorragende Pflege bietet.","og_url":"https:\/\/tal.ch\/it\/patrick-buchs\/","og_site_name":"Tal","article_publisher":"https:\/\/www.facebook.com\/tal.schweiz\/","article_modified_time":"2025-04-04T11:15:35+00:00","og_image":[{"width":500,"height":600,"url":"https:\/\/tal.ch\/wp-content\/uploads\/2025\/04\/08-Buchs-Patrick-203-500-x-600.png","type":"image\/png"}],"twitter_card":"summary_large_image","twitter_misc":{"Tempo di lettura stimato":"2 minuti"},"schema":{"@context":"https:\/\/schema.org","@graph":[{"@type":"WebPage","@id":"https:\/\/tal.ch\/patrick-buchs\/","url":"https:\/\/tal.ch\/patrick-buchs\/","name":"Patrick Buchs - Tal","isPartOf":{"@id":"https:\/\/tal.ch\/#website"},"primaryImageOfPage":{"@id":"https:\/\/tal.ch\/patrick-buchs\/#primaryimage"},"image":{"@id":"https:\/\/tal.ch\/patrick-buchs\/#primaryimage"},"thumbnailUrl":"https:\/\/tal.ch\/wp-content\/uploads\/2025\/04\/08-Buchs-Patrick-203-500-x-600.png","datePublished":"2025-04-01T09:38:49+00:00","dateModified":"2025-04-04T11:15:35+00:00","breadcrumb":{"@id":"https:\/\/tal.ch\/patrick-buchs\/#breadcrumb"},"inLanguage":"it-IT","potentialAction":[{"@type":"ReadAction","target":["https:\/\/tal.ch\/patrick-buchs\/"]}]},{"@type":"ImageObject","inLanguage":"it-IT","@id":"https:\/\/tal.ch\/patrick-buchs\/#primaryimage","url":"https:\/\/tal.ch\/wp-content\/uploads\/2025\/04\/08-Buchs-Patrick-203-500-x-600.png","contentUrl":"https:\/\/tal.ch\/wp-content\/uploads\/2025\/04\/08-Buchs-Patrick-203-500-x-600.png"},{"@type":"BreadcrumbList","@id":"https:\/\/tal.ch\/patrick-buchs\/#breadcrumb","itemListElement":[{"@type":"ListItem","position":1,"name":"Startseite","item":"https:\/\/tal.ch\/"},{"@type":"ListItem","position":2,"name":"Patrick Buchs"}]},{"@type":"WebSite","@id":"https:\/\/tal.ch\/#website","url":"https:\/\/tal.ch\/","name":"Valle","description":"Estratti vegetali di altissima qualit\u00e0","publisher":{"@id":"https:\/\/tal.ch\/#organization"},"potentialAction":[{"@type":"SearchAction","target":{"@type":"EntryPoint","urlTemplate":"https:\/\/tal.ch\/?s={search_term_string}"},"query-input":{"@type":"PropertyValueSpecification","valueRequired":true,"valueName":"search_term_string"}}],"inLanguage":"it-IT"},{"@type":"Organization","@id":"https:\/\/tal.ch\/#organization","name":"Valle","url":"https:\/\/tal.ch\/","logo":{"@type":"ImageObject","inLanguage":"it-IT","@id":"https:\/\/tal.ch\/#\/schema\/logo\/image\/","url":"https:\/\/tal.ch\/wp-content\/uploads\/2024\/02\/Logo-Tal.png","contentUrl":"https:\/\/tal.ch\/wp-content\/uploads\/2024\/02\/Logo-Tal.png","width":100,"height":157,"caption":"Tal"},"image":{"@id":"https:\/\/tal.ch\/#\/schema\/logo\/image\/"},"sameAs":["https:\/\/www.facebook.com\/tal.schweiz\/"]}]}},"_links":{"self":[{"href":"https:\/\/tal.ch\/it\/wp-json\/wp\/v2\/pages\/15515","targetHints":{"allow":["GET"]}}],"collection":[{"href":"https:\/\/tal.ch\/it\/wp-json\/wp\/v2\/pages"}],"about":[{"href":"https:\/\/tal.ch\/it\/wp-json\/wp\/v2\/types\/page"}],"author":[{"embeddable":true,"href":"https:\/\/tal.ch\/it\/wp-json\/wp\/v2\/users\/2"}],"replies":[{"embeddable":true,"href":"https:\/\/tal.ch\/it\/wp-json\/wp\/v2\/comments?post=15515"}],"version-history":[{"count":28,"href":"https:\/\/tal.ch\/it\/wp-json\/wp\/v2\/pages\/15515\/revisions"}],"predecessor-version":[{"id":15650,"href":"https:\/\/tal.ch\/it\/wp-json\/wp\/v2\/pages\/15515\/revisions\/15650"}],"wp:attachment":[{"href":"https:\/\/tal.ch\/it\/wp-json\/wp\/v2\/media?parent=15515"}],"wp:term":[{"taxonomy":"post_tag","embeddable":true,"href":"https:\/\/tal.ch\/it\/wp-json\/wp\/v2\/tags?post=15515"}],"curies":[{"name":"wp","href":"https:\/\/api.w.org\/{rel}","templated":true}]}}