{"id":16485,"date":"2026-02-19T10:05:08","date_gmt":"2026-02-19T10:05:08","guid":{"rendered":"https:\/\/tal.ch\/?page_id=16485"},"modified":"2026-02-20T15:13:03","modified_gmt":"2026-02-20T15:13:03","slug":"sophie-berlinger","status":"publish","type":"page","link":"https:\/\/tal.ch\/it\/sophie-berlinger\/","title":{"rendered":"Sophie Berlinger"},"content":{"rendered":"<div data-elementor-type=\"wp-page\" data-elementor-id=\"16485\" class=\"elementor elementor-16485\" data-elementor-post-type=\"page\">\n\t\t\t\t<div class=\"elementor-element elementor-element-5c9a351 e-flex e-con-boxed wpr-particle-no wpr-jarallax-no wpr-parallax-no wpr-sticky-section-no e-con e-parent\" data-id=\"5c9a351\" data-element_type=\"container\">\n\t\t\t\t\t<div class=\"e-con-inner\">\n\t\t\t\t<div class=\"elementor-element elementor-element-ea767c1 elementor-widget elementor-widget-spacer\" data-id=\"ea767c1\" data-element_type=\"widget\" data-widget_type=\"spacer.default\">\n\t\t\t\t\t\t\t<div class=\"elementor-spacer\">\n\t\t\t<div class=\"elementor-spacer-inner\"><\/div>\n\t\t<\/div>\n\t\t\t\t\t\t<\/div>\n\t\t\t\t\t<\/div>\n\t\t\t\t<\/div>\n\t\t<div class=\"elementor-element elementor-element-1cd01fa e-flex e-con-boxed wpr-particle-no wpr-jarallax-no wpr-parallax-no wpr-sticky-section-no e-con e-parent\" data-id=\"1cd01fa\" data-element_type=\"container\">\n\t\t\t\t\t<div class=\"e-con-inner\">\n\t\t<div class=\"elementor-element elementor-element-8f9b0ae e-con-full e-flex wpr-particle-no wpr-jarallax-no wpr-parallax-no wpr-sticky-section-no e-con e-child\" data-id=\"8f9b0ae\" data-element_type=\"container\">\n\t\t\t\t<div class=\"elementor-element elementor-element-5bb9304 elementor-widget elementor-widget-image\" data-id=\"5bb9304\" data-element_type=\"widget\" data-widget_type=\"image.default\">\n\t\t\t\t\t\t\t\t\t\t\t\t\t\t\t<img fetchpriority=\"high\" decoding=\"async\" width=\"2048\" height=\"2560\" src=\"https:\/\/tal.ch\/wp-content\/uploads\/2026\/02\/Sophie-Berlinger-1-scaled.jpg\" class=\"attachment-full size-full wp-image-16488\" alt=\"\" srcset=\"https:\/\/tal.ch\/wp-content\/uploads\/2026\/02\/Sophie-Berlinger-1-scaled.jpg 2048w, https:\/\/tal.ch\/wp-content\/uploads\/2026\/02\/Sophie-Berlinger-1-240x300.jpg 240w, https:\/\/tal.ch\/wp-content\/uploads\/2026\/02\/Sophie-Berlinger-1-819x1024.jpg 819w, https:\/\/tal.ch\/wp-content\/uploads\/2026\/02\/Sophie-Berlinger-1-768x960.jpg 768w, https:\/\/tal.ch\/wp-content\/uploads\/2026\/02\/Sophie-Berlinger-1-1229x1536.jpg 1229w, https:\/\/tal.ch\/wp-content\/uploads\/2026\/02\/Sophie-Berlinger-1-1638x2048.jpg 1638w, https:\/\/tal.ch\/wp-content\/uploads\/2026\/02\/Sophie-Berlinger-1-10x12.jpg 10w, https:\/\/tal.ch\/wp-content\/uploads\/2026\/02\/Sophie-Berlinger-1-600x750.jpg 600w\" sizes=\"(max-width: 2048px) 100vw, 2048px\" \/>\t\t\t\t\t\t\t\t\t\t\t\t\t\t\t<\/div>\n\t\t\t\t<div class=\"elementor-element elementor-element-8c46fbd elementor-widget elementor-widget-text-editor\" data-id=\"8c46fbd\" data-element_type=\"widget\" data-widget_type=\"text-editor.default\">\n\t\t\t\t\t\t\t\t\t<p><strong>Sophie Berlinger<br \/><\/strong>Farmacista EFZ<\/p><p><span style=\"text-decoration: underline; color: #000000;\"><a style=\"color: #000000; text-decoration: underline;\" href=\"https:\/\/dropa.ch\/standorte\/dropa-drogerie-baden\" target=\"_blank\" rel=\"noopener\">Dropa drugstore Baden<\/a><\/span><\/p>\t\t\t\t\t\t\t\t<\/div>\n\t\t\t\t<\/div>\n\t\t<div class=\"elementor-element elementor-element-4908ee0 e-con-full e-flex wpr-particle-no wpr-jarallax-no wpr-parallax-no wpr-sticky-section-no e-con e-child\" data-id=\"4908ee0\" data-element_type=\"container\">\n\t\t\t\t<div class=\"elementor-element elementor-element-575dab5 elementor-widget elementor-widget-text-editor\" data-id=\"575dab5\" data-element_type=\"widget\" data-widget_type=\"text-editor.default\">\n\t\t\t\t\t\t\t\t\t<p><strong>Per che cosa pensa che Tal stia parlando?<\/strong><br \/>Per me Tal \u00e8 sinonimo di qualit\u00e0 svizzera. Per una buona efficacia e una tollerabilit\u00e0 ottimale.<\/p><p><strong>Cosa pensa che renda speciale Tal?<br \/><\/strong>Tal \u00e8 speciale per me perch\u00e9 viene dai Grigioni e lavora con ingredienti svizzeri. Trovo speciale anche il fatto che Tal sia un'azienda familiare e che da 50 anni sia sinonimo di qualit\u00e0 altamente efficace.<\/p><p><strong>Quale prodotto della valle sta funzionando particolarmente bene per voi?<\/strong><br \/>La crema mani Tal Protect \u00e8 particolarmente indicata per noi. Poich\u00e9 fornisce uno strato protettivo sulle mani, \u00e8 ideale per chi \u00e8 spesso a contatto con l'acqua. Nonostante lo strato protettivo, si assorbe rapidamente e lascia una piacevole sensazione sulle mani. La crema per le mani fornisce anche una cura intensiva e aiuta a rigenerare la pelle.<\/p><p><strong>Che feedback ricevete dai vostri clienti sui prodotti Tal?<\/strong><br \/>Abbiamo ricevuto ottimi riscontri sui prodotti Tal, in particolare sulla crema mani Tal Protect. Alcuni clienti sono venuti da noi perch\u00e9 le loro mani erano arrossate e screpolate in alcuni punti a causa del frequente contatto con l'acqua. Abbiamo avuto successo con la crema per le mani Protect, le mani non erano pi\u00f9 arrossate e le screpolature si erano chiuse.<\/p>\t\t\t\t\t\t\t\t<\/div>\n\t\t\t\t<\/div>\n\t\t\t\t\t<\/div>\n\t\t\t\t<\/div>\n\t\t<div class=\"elementor-element elementor-element-8610fe4 e-flex e-con-boxed wpr-particle-no wpr-jarallax-no wpr-parallax-no wpr-sticky-section-no e-con e-parent\" data-id=\"8610fe4\" data-element_type=\"container\">\n\t\t\t\t\t<div class=\"e-con-inner\">\n\t\t\t\t<div class=\"elementor-element elementor-element-e8aa85f elementor-widget elementor-widget-spacer\" data-id=\"e8aa85f\" data-element_type=\"widget\" data-widget_type=\"spacer.default\">\n\t\t\t\t\t\t\t<div class=\"elementor-spacer\">\n\t\t\t<div class=\"elementor-spacer-inner\"><\/div>\n\t\t<\/div>\n\t\t\t\t\t\t<\/div>\n\t\t\t\t\t<\/div>\n\t\t\t\t<\/div>\n\t\t\t\t<\/div>","protected":false},"excerpt":{"rendered":"<p>Sophie BerlingerDrogista EFZ Dropa Drogerie Baden Secondo lei, cosa rappresenta Tal? Per me Tal \u00e8 sinonimo di qualit\u00e0 svizzera. Per una buona efficacia e un'ottima tollerabilit\u00e0. Che cosa rende speciale Tal? Tal \u00e8 speciale per me perch\u00e9 viene dai Grigioni e lavora con ingredienti svizzeri. Trovo speciale anche il fatto che Tal sia un'azienda familiare e che da 50 anni sia sinonimo di qualit\u00e0 altamente efficace. Quale prodotto Tal sta funzionando particolarmente bene per lei? Poich\u00e9 fornisce uno strato protettivo sulle mani, \u00e8 ideale per chi \u00e8 spesso a contatto con l'acqua. Nonostante lo strato protettivo, si assorbe rapidamente e lascia una piacevole sensazione sulle mani. La crema per le mani fornisce anche una cura intensiva e aiuta a rigenerare la pelle. Che feedback ricevete dai vostri clienti sui prodotti Tal? Abbiamo ricevuto un ottimo feedback sui prodotti Tal, in particolare sulla crema mani Tal Protect. Alcuni clienti sono venuti da noi perch\u00e9 le loro mani erano arrossate e screpolate in alcuni punti a causa del contatto con l'acqua. Con la crema Protect abbiamo avuto successo, le mani non erano pi\u00f9 arrossate e le screpolature si erano chiuse.<\/p>","protected":false},"author":2,"featured_media":0,"parent":0,"menu_order":12,"comment_status":"closed","ping_status":"closed","template":"elementor_header_footer","meta":{"footnotes":""},"tags":[],"class_list":["post-16485","page","type-page","status-publish","hentry"],"yoast_head":"<!-- This site is optimized with the Yoast SEO plugin v26.8 - https:\/\/yoast.com\/product\/yoast-seo-wordpress\/ -->\n<title>Sophie Berlinger - Tal<\/title>\n<meta name=\"robots\" content=\"index, follow, max-snippet:-1, max-image-preview:large, max-video-preview:-1\" \/>\n<link rel=\"canonical\" href=\"https:\/\/tal.ch\/it\/sophie-berlinger\/\" \/>\n<meta property=\"og:locale\" content=\"it_IT\" \/>\n<meta property=\"og:type\" content=\"article\" \/>\n<meta property=\"og:title\" content=\"Sophie Berlinger - Tal\" \/>\n<meta property=\"og:description\" content=\"Sophie BerlingerDrogistin EFZ Dropa Drogerie Baden Wof\u00fcr steht Tal Ihrer Meinung nach?F\u00fcr mich steht Tal f\u00fcr Schweizer Qualit\u00e4t. F\u00fcr gute Wirksamkeit und optimale Vertr\u00e4glichkeit. Was macht Tal Ihrer Meinung nach besonders?Tal ist f\u00fcr mich besonders, da sie aus Graub\u00fcnden kommt und mit Schweizer Inhaltstoffen arbeitet. Was ich an Tal ebenfalls besonders finde ist, dass es ein Familienunternehmen ist und schon seit 50 Jahren f\u00fcr hochwirksame Qualit\u00e4t steht. Welches Tal-Produkt l\u00e4uft bei Ihnen besonders gut?Bei uns l\u00e4uft die Tal Protect Handcreme besonders gut. Da sie eine Schutzschicht \u00fcber die H\u00e4nde gibt, ist sie super geeignet f\u00fcr Personen die oft mit Wasser in Kontakt kommen. Trotz Schutzschicht zieht sie schnell ein und hinterl\u00e4sst ein angenehmes Gef\u00fchl auf den H\u00e4nden. Zudem Pflegt die Handcreme intensiv und hilft auch bei der Regeneration der Haut. Welche R\u00fcckmeldungen erhalten Sie von Ihren Kundinnen und Kunden zu Tal-Produkten?Wir haben zu Tal Produkten sehr gute R\u00fcckmeldungen erhalten, besonders zu der Tal Protect Handcreme. Wir hatten einige Kundinnen und Kunden die zu uns gekommen sind, da ihre H\u00e4nde von vielem Kontakt mit Wasser, ganz ger\u00f6tet und an einigen Stellen Risse hatten. Mit der Protect Handcreme hatten wir Erfolg, die H\u00e4nde waren nicht mehr ger\u00f6tet und die Risse gingen zu.\" \/>\n<meta property=\"og:url\" content=\"https:\/\/tal.ch\/it\/sophie-berlinger\/\" \/>\n<meta property=\"og:site_name\" content=\"Tal\" \/>\n<meta property=\"article:publisher\" content=\"https:\/\/www.facebook.com\/tal.schweiz\/\" \/>\n<meta property=\"article:modified_time\" content=\"2026-02-20T15:13:03+00:00\" \/>\n<meta property=\"og:image\" content=\"https:\/\/tal.ch\/wp-content\/uploads\/2026\/02\/Sophie-Berlinger-1-scaled.jpg\" \/>\n\t<meta property=\"og:image:width\" content=\"2048\" \/>\n\t<meta property=\"og:image:height\" content=\"2560\" \/>\n\t<meta property=\"og:image:type\" content=\"image\/jpeg\" \/>\n<meta name=\"twitter:card\" content=\"summary_large_image\" \/>\n<meta name=\"twitter:label1\" content=\"Tempo di lettura stimato\" \/>\n\t<meta name=\"twitter:data1\" content=\"2 minuti\" \/>\n<script type=\"application\/ld+json\" class=\"yoast-schema-graph\">{\"@context\":\"https:\/\/schema.org\",\"@graph\":[{\"@type\":\"WebPage\",\"@id\":\"https:\/\/tal.ch\/sophie-berlinger\/\",\"url\":\"https:\/\/tal.ch\/sophie-berlinger\/\",\"name\":\"Sophie Berlinger - Tal\",\"isPartOf\":{\"@id\":\"https:\/\/tal.ch\/#website\"},\"primaryImageOfPage\":{\"@id\":\"https:\/\/tal.ch\/sophie-berlinger\/#primaryimage\"},\"image\":{\"@id\":\"https:\/\/tal.ch\/sophie-berlinger\/#primaryimage\"},\"thumbnailUrl\":\"https:\/\/tal.ch\/wp-content\/uploads\/2026\/02\/Sophie-Berlinger-1-scaled.jpg\",\"datePublished\":\"2026-02-19T10:05:08+00:00\",\"dateModified\":\"2026-02-20T15:13:03+00:00\",\"breadcrumb\":{\"@id\":\"https:\/\/tal.ch\/sophie-berlinger\/#breadcrumb\"},\"inLanguage\":\"it-IT\",\"potentialAction\":[{\"@type\":\"ReadAction\",\"target\":[\"https:\/\/tal.ch\/sophie-berlinger\/\"]}]},{\"@type\":\"ImageObject\",\"inLanguage\":\"it-IT\",\"@id\":\"https:\/\/tal.ch\/sophie-berlinger\/#primaryimage\",\"url\":\"https:\/\/tal.ch\/wp-content\/uploads\/2026\/02\/Sophie-Berlinger-1-scaled.jpg\",\"contentUrl\":\"https:\/\/tal.ch\/wp-content\/uploads\/2026\/02\/Sophie-Berlinger-1-scaled.jpg\"},{\"@type\":\"BreadcrumbList\",\"@id\":\"https:\/\/tal.ch\/sophie-berlinger\/#breadcrumb\",\"itemListElement\":[{\"@type\":\"ListItem\",\"position\":1,\"name\":\"Startseite\",\"item\":\"https:\/\/tal.ch\/\"},{\"@type\":\"ListItem\",\"position\":2,\"name\":\"Sophie Berlinger\"}]},{\"@type\":\"WebSite\",\"@id\":\"https:\/\/tal.ch\/#website\",\"url\":\"https:\/\/tal.ch\/\",\"name\":\"Tal\",\"description\":\"Pflanzenextrakte von h\u00f6chster Qualit\u00e4t\",\"publisher\":{\"@id\":\"https:\/\/tal.ch\/#organization\"},\"potentialAction\":[{\"@type\":\"SearchAction\",\"target\":{\"@type\":\"EntryPoint\",\"urlTemplate\":\"https:\/\/tal.ch\/?s={search_term_string}\"},\"query-input\":{\"@type\":\"PropertyValueSpecification\",\"valueRequired\":true,\"valueName\":\"search_term_string\"}}],\"inLanguage\":\"it-IT\"},{\"@type\":\"Organization\",\"@id\":\"https:\/\/tal.ch\/#organization\",\"name\":\"Tal\",\"url\":\"https:\/\/tal.ch\/\",\"logo\":{\"@type\":\"ImageObject\",\"inLanguage\":\"it-IT\",\"@id\":\"https:\/\/tal.ch\/#\/schema\/logo\/image\/\",\"url\":\"https:\/\/tal.ch\/wp-content\/uploads\/2024\/02\/Logo-Tal.png\",\"contentUrl\":\"https:\/\/tal.ch\/wp-content\/uploads\/2024\/02\/Logo-Tal.png\",\"width\":100,\"height\":157,\"caption\":\"Tal\"},\"image\":{\"@id\":\"https:\/\/tal.ch\/#\/schema\/logo\/image\/\"},\"sameAs\":[\"https:\/\/www.facebook.com\/tal.schweiz\/\"]}]}<\/script>\n<!-- \/ Yoast SEO plugin. -->","yoast_head_json":{"title":"Sophie Berlinger - Tal","robots":{"index":"index","follow":"follow","max-snippet":"max-snippet:-1","max-image-preview":"max-image-preview:large","max-video-preview":"max-video-preview:-1"},"canonical":"https:\/\/tal.ch\/it\/sophie-berlinger\/","og_locale":"it_IT","og_type":"article","og_title":"Sophie Berlinger - Tal","og_description":"Sophie BerlingerDrogistin EFZ Dropa Drogerie Baden Wof\u00fcr steht Tal Ihrer Meinung nach?F\u00fcr mich steht Tal f\u00fcr Schweizer Qualit\u00e4t. F\u00fcr gute Wirksamkeit und optimale Vertr\u00e4glichkeit. Was macht Tal Ihrer Meinung nach besonders?Tal ist f\u00fcr mich besonders, da sie aus Graub\u00fcnden kommt und mit Schweizer Inhaltstoffen arbeitet. Was ich an Tal ebenfalls besonders finde ist, dass es ein Familienunternehmen ist und schon seit 50 Jahren f\u00fcr hochwirksame Qualit\u00e4t steht. Welches Tal-Produkt l\u00e4uft bei Ihnen besonders gut?Bei uns l\u00e4uft die Tal Protect Handcreme besonders gut. Da sie eine Schutzschicht \u00fcber die H\u00e4nde gibt, ist sie super geeignet f\u00fcr Personen die oft mit Wasser in Kontakt kommen. Trotz Schutzschicht zieht sie schnell ein und hinterl\u00e4sst ein angenehmes Gef\u00fchl auf den H\u00e4nden. Zudem Pflegt die Handcreme intensiv und hilft auch bei der Regeneration der Haut. Welche R\u00fcckmeldungen erhalten Sie von Ihren Kundinnen und Kunden zu Tal-Produkten?Wir haben zu Tal Produkten sehr gute R\u00fcckmeldungen erhalten, besonders zu der Tal Protect Handcreme. Wir hatten einige Kundinnen und Kunden die zu uns gekommen sind, da ihre H\u00e4nde von vielem Kontakt mit Wasser, ganz ger\u00f6tet und an einigen Stellen Risse hatten. Mit der Protect Handcreme hatten wir Erfolg, die H\u00e4nde waren nicht mehr ger\u00f6tet und die Risse gingen zu.","og_url":"https:\/\/tal.ch\/it\/sophie-berlinger\/","og_site_name":"Tal","article_publisher":"https:\/\/www.facebook.com\/tal.schweiz\/","article_modified_time":"2026-02-20T15:13:03+00:00","og_image":[{"width":2048,"height":2560,"url":"https:\/\/tal.ch\/wp-content\/uploads\/2026\/02\/Sophie-Berlinger-1-scaled.jpg","type":"image\/jpeg"}],"twitter_card":"summary_large_image","twitter_misc":{"Tempo di lettura stimato":"2 minuti"},"schema":{"@context":"https:\/\/schema.org","@graph":[{"@type":"WebPage","@id":"https:\/\/tal.ch\/sophie-berlinger\/","url":"https:\/\/tal.ch\/sophie-berlinger\/","name":"Sophie Berlinger - Tal","isPartOf":{"@id":"https:\/\/tal.ch\/#website"},"primaryImageOfPage":{"@id":"https:\/\/tal.ch\/sophie-berlinger\/#primaryimage"},"image":{"@id":"https:\/\/tal.ch\/sophie-berlinger\/#primaryimage"},"thumbnailUrl":"https:\/\/tal.ch\/wp-content\/uploads\/2026\/02\/Sophie-Berlinger-1-scaled.jpg","datePublished":"2026-02-19T10:05:08+00:00","dateModified":"2026-02-20T15:13:03+00:00","breadcrumb":{"@id":"https:\/\/tal.ch\/sophie-berlinger\/#breadcrumb"},"inLanguage":"it-IT","potentialAction":[{"@type":"ReadAction","target":["https:\/\/tal.ch\/sophie-berlinger\/"]}]},{"@type":"ImageObject","inLanguage":"it-IT","@id":"https:\/\/tal.ch\/sophie-berlinger\/#primaryimage","url":"https:\/\/tal.ch\/wp-content\/uploads\/2026\/02\/Sophie-Berlinger-1-scaled.jpg","contentUrl":"https:\/\/tal.ch\/wp-content\/uploads\/2026\/02\/Sophie-Berlinger-1-scaled.jpg"},{"@type":"BreadcrumbList","@id":"https:\/\/tal.ch\/sophie-berlinger\/#breadcrumb","itemListElement":[{"@type":"ListItem","position":1,"name":"Startseite","item":"https:\/\/tal.ch\/"},{"@type":"ListItem","position":2,"name":"Sophie Berlinger"}]},{"@type":"WebSite","@id":"https:\/\/tal.ch\/#website","url":"https:\/\/tal.ch\/","name":"Valle","description":"Estratti vegetali di altissima qualit\u00e0","publisher":{"@id":"https:\/\/tal.ch\/#organization"},"potentialAction":[{"@type":"SearchAction","target":{"@type":"EntryPoint","urlTemplate":"https:\/\/tal.ch\/?s={search_term_string}"},"query-input":{"@type":"PropertyValueSpecification","valueRequired":true,"valueName":"search_term_string"}}],"inLanguage":"it-IT"},{"@type":"Organization","@id":"https:\/\/tal.ch\/#organization","name":"Valle","url":"https:\/\/tal.ch\/","logo":{"@type":"ImageObject","inLanguage":"it-IT","@id":"https:\/\/tal.ch\/#\/schema\/logo\/image\/","url":"https:\/\/tal.ch\/wp-content\/uploads\/2024\/02\/Logo-Tal.png","contentUrl":"https:\/\/tal.ch\/wp-content\/uploads\/2024\/02\/Logo-Tal.png","width":100,"height":157,"caption":"Tal"},"image":{"@id":"https:\/\/tal.ch\/#\/schema\/logo\/image\/"},"sameAs":["https:\/\/www.facebook.com\/tal.schweiz\/"]}]}},"_links":{"self":[{"href":"https:\/\/tal.ch\/it\/wp-json\/wp\/v2\/pages\/16485","targetHints":{"allow":["GET"]}}],"collection":[{"href":"https:\/\/tal.ch\/it\/wp-json\/wp\/v2\/pages"}],"about":[{"href":"https:\/\/tal.ch\/it\/wp-json\/wp\/v2\/types\/page"}],"author":[{"embeddable":true,"href":"https:\/\/tal.ch\/it\/wp-json\/wp\/v2\/users\/2"}],"replies":[{"embeddable":true,"href":"https:\/\/tal.ch\/it\/wp-json\/wp\/v2\/comments?post=16485"}],"version-history":[{"count":16,"href":"https:\/\/tal.ch\/it\/wp-json\/wp\/v2\/pages\/16485\/revisions"}],"predecessor-version":[{"id":16515,"href":"https:\/\/tal.ch\/it\/wp-json\/wp\/v2\/pages\/16485\/revisions\/16515"}],"wp:attachment":[{"href":"https:\/\/tal.ch\/it\/wp-json\/wp\/v2\/media?parent=16485"}],"wp:term":[{"taxonomy":"post_tag","embeddable":true,"href":"https:\/\/tal.ch\/it\/wp-json\/wp\/v2\/tags?post=16485"}],"curies":[{"name":"wp","href":"https:\/\/api.w.org\/{rel}","templated":true}]}}