{"id":3479,"date":"2024-06-19T07:19:46","date_gmt":"2024-06-19T07:19:46","guid":{"rendered":"https:\/\/tal.ch\/wp\/?page_id=3479"},"modified":"2026-04-16T06:04:16","modified_gmt":"2026-04-16T06:04:16","slug":"fusspflege","status":"publish","type":"page","link":"https:\/\/tal.ch\/it\/fusspflege\/","title":{"rendered":"Cura dei piedi"},"content":{"rendered":"<div data-elementor-type=\"wp-page\" data-elementor-id=\"3479\" class=\"elementor elementor-3479\" data-elementor-post-type=\"page\">\n\t\t\t\t<div class=\"elementor-element elementor-element-e01bf2e e-flex e-con-boxed wpr-particle-no wpr-jarallax-no wpr-parallax-no wpr-sticky-section-no wpr-equal-height-no e-con e-parent\" data-id=\"e01bf2e\" data-element_type=\"container\" data-e-type=\"container\">\n\t\t\t\t\t<div class=\"e-con-inner\">\n\t\t\t\t<div class=\"elementor-element elementor-element-afba5f6 elementor-widget elementor-widget-spacer\" data-id=\"afba5f6\" data-element_type=\"widget\" data-e-type=\"widget\" data-widget_type=\"spacer.default\">\n\t\t\t\t\t\t\t<div class=\"elementor-spacer\">\n\t\t\t<div class=\"elementor-spacer-inner\"><\/div>\n\t\t<\/div>\n\t\t\t\t\t\t<\/div>\n\t\t\t\t\t<\/div>\n\t\t\t\t<\/div>\n\t\t<div class=\"elementor-element elementor-element-68bb6d5 e-con-full e-flex wpr-particle-no wpr-jarallax-no wpr-parallax-no wpr-sticky-section-no wpr-equal-height-no e-con e-parent\" data-id=\"68bb6d5\" data-element_type=\"container\" data-e-type=\"container\">\n\t\t\t\t<div class=\"elementor-element elementor-element-2310c93 elementor-widget elementor-widget-heading\" data-id=\"2310c93\" data-element_type=\"widget\" data-e-type=\"widget\" data-widget_type=\"heading.default\">\n\t\t\t\t\t<h1 class=\"elementor-heading-title elementor-size-default\">CURA DEI PIEDI<\/h1>\t\t\t\t<\/div>\n\t\t\t\t<\/div>\n\t\t<div class=\"elementor-element elementor-element-2f8d271 e-con-full e-flex wpr-particle-no wpr-jarallax-no wpr-parallax-no wpr-sticky-section-no wpr-equal-height-no e-con e-parent\" data-id=\"2f8d271\" data-element_type=\"container\" data-e-type=\"container\">\n\t\t\t\t<div class=\"elementor-element elementor-element-dae068d elementor-widget elementor-widget-text-editor\" data-id=\"dae068d\" data-element_type=\"widget\" data-e-type=\"widget\" data-widget_type=\"text-editor.default\">\n\t\t\t\t\t\t\t\t\t<p>I nostri piedi ci trasportano nella vita. Spesso dimentichiamo quanto sia importante prendersi cura di loro. Ogni giorno sono esposti a molte sollecitazioni. Questo pu\u00f2 portare a pelle secca e screpolature sui piedi.  Tal offre un eccellente concetto di cura della pelle dei piedi, appositamente studiato per le vostre esigenze. Grazie agli ingredienti naturali, Tal assicura che i piedi rimangano sani, elastici e curati in modo ottimale. Coccolate i vostri piedi con la nostra linea piedi Tal MED.<\/p>\t\t\t\t\t\t\t\t<\/div>\n\t\t\t\t<\/div>\n\t\t<div class=\"elementor-element elementor-element-01760a7 e-flex e-con-boxed wpr-particle-no wpr-jarallax-no wpr-parallax-no wpr-sticky-section-no wpr-equal-height-no e-con e-parent\" data-id=\"01760a7\" data-element_type=\"container\" data-e-type=\"container\">\n\t\t\t\t\t<div class=\"e-con-inner\">\n\t\t\t\t<div class=\"elementor-element elementor-element-d08fcaf elementor-widget elementor-widget-spacer\" data-id=\"d08fcaf\" data-element_type=\"widget\" data-e-type=\"widget\" data-widget_type=\"spacer.default\">\n\t\t\t\t\t\t\t<div class=\"elementor-spacer\">\n\t\t\t<div class=\"elementor-spacer-inner\"><\/div>\n\t\t<\/div>\n\t\t\t\t\t\t<\/div>\n\t\t\t\t\t<\/div>\n\t\t\t\t<\/div>\n\t\t<div class=\"elementor-element elementor-element-7017d99 e-con-full e-flex wpr-particle-no wpr-jarallax-no wpr-parallax-no wpr-sticky-section-no wpr-equal-height-no e-con e-parent\" data-id=\"7017d99\" data-element_type=\"container\" data-e-type=\"container\">\n\t\t\t\t<div class=\"elementor-element elementor-element-ba0f4ee elementor-widget elementor-widget-heading\" data-id=\"ba0f4ee\" data-element_type=\"widget\" data-e-type=\"widget\" data-widget_type=\"heading.default\">\n\t\t\t\t\t<h3 class=\"elementor-heading-title elementor-size-default\">I nostri prodotti per la cura dei piedi<\/h3>\t\t\t\t<\/div>\n\t\t\t\t<\/div>\n\t\t<div class=\"elementor-element elementor-element-db1a9b2 e-flex e-con-boxed wpr-particle-no wpr-jarallax-no wpr-parallax-no wpr-sticky-section-no wpr-equal-height-no e-con e-parent\" data-id=\"db1a9b2\" data-element_type=\"container\" data-e-type=\"container\">\n\t\t\t\t\t<div class=\"e-con-inner\">\n\t\t\t\t<div class=\"elementor-element elementor-element-e9499a6 elementor-widget elementor-widget-spacer\" data-id=\"e9499a6\" data-element_type=\"widget\" data-e-type=\"widget\" data-widget_type=\"spacer.default\">\n\t\t\t\t\t\t\t<div class=\"elementor-spacer\">\n\t\t\t<div class=\"elementor-spacer-inner\"><\/div>\n\t\t<\/div>\n\t\t\t\t\t\t<\/div>\n\t\t\t\t\t<\/div>\n\t\t\t\t<\/div>\n\t\t<div class=\"elementor-element elementor-element-259d6b1 e-con-full e-flex wpr-particle-no wpr-jarallax-no wpr-parallax-no wpr-sticky-section-no wpr-equal-height-no e-con e-parent\" data-id=\"259d6b1\" data-element_type=\"container\" data-e-type=\"container\">\n\t\t\t\t<div class=\"elementor-element elementor-element-af4fcd5 elementor-widget-mobile__width-inherit elementor-widget elementor-widget-shortcode\" data-id=\"af4fcd5\" data-element_type=\"widget\" data-e-type=\"widget\" data-widget_type=\"shortcode.default\">\n\t\t\t\t\t\t\t<div class=\"elementor-shortcode\"><div class=\"custom-page-grid\"><div class=\"custom-page-item\"><div class=\"custom-page-thumbnail\"><a href=\"https:\/\/tal.ch\/it\/fusscreme-2\/\"><img decoding=\"async\" src=\"https:\/\/tal.ch\/wp-content\/uploads\/2024\/09\/Beitragsbild-Fusscreme.jpg\" alt=\"Fusscreme MED Repair\" \/><\/a><\/div><h3><a href=\"https:\/\/tal.ch\/it\/fusscreme-2\/\">Crema piedi MED Repair<\/a><\/h3><p>Cura i piedi secchi e screpolati<br>\n\n<!DOCTYPE html>\n<html lang=\"de\">\n<head>\n    <meta charset=\"UTF-8\">\n    <meta name=\"viewport\" content=\"width=device-width, initial-scale=1.0\">\n    <title>Aufz\u00e4hlungspunkte<\/title>\n    <style>\n        .custom-list {\n            list-style: none; \/* Entfernt die Standard-Aufz\u00e4hlungszeichen *\/\n            padding-left: 0;\n        }\n        .custom-list li {\n            position: relative;\n            padding-left: 20px; \/* Platz f\u00fcr das benutzerdefinierte Aufz\u00e4hlungszeichen *\/\n        }\n        .custom-list li::before {\n            content: \"\u203a\"; \/* Setzt das Aufz\u00e4hlungszeichen *\/\n            position: absolute;\n            left: 0; \/* Positioniert das Aufz\u00e4hlungszeichen *\/\n            color: black; \/* Farbe des Aufz\u00e4hlungszeichens *\/\n        }\n    <\/style>\n<\/head>\n<body>\n    <ul class=\"custom-list\">\n        <li>Per la pelle secca<\/li>\n        <li>Pelle notevolmente elastica dopo 7 giorni<\/li>\n        <li>Effetto duraturo<\/li>\n    <\/ul>\n<\/body>\n<\/html>\n<\/p><\/div><div class=\"custom-page-item\"><div class=\"custom-page-thumbnail\"><a href=\"https:\/\/tal.ch\/it\/fusscreme-med-balsam\/\"><img decoding=\"async\" src=\"https:\/\/tal.ch\/wp-content\/uploads\/2024\/08\/Beitragsbild-Fuss-Balsam.jpg\" alt=\"Fussbalsam MED Intense Repair\" \/><\/a><\/div><h3><a href=\"https:\/\/tal.ch\/it\/fusscreme-med-balsam\/\">Balsamo per piedi MED Riparazione intensa<\/a><\/h3><p>Trattamento intensivo per piedi secchi e screpolati<br>\n<!DOCTYPE html>\n<html lang=\"de\">\n<head>\n    <meta charset=\"UTF-8\">\n    <meta name=\"viewport\" content=\"width=device-width, initial-scale=1.0\">\n    <title>Aufz\u00e4hlungspunkte<\/title>\n    <style>\n        .custom-list {\n            list-style: none; \/* Entfernt die Standard-Aufz\u00e4hlungszeichen *\/\n            padding-left: 0;\n        }\n        .custom-list li {\n            position: relative;\n            padding-left: 20px; \/* Platz f\u00fcr das benutzerdefinierte Aufz\u00e4hlungszeichen *\/\n        }\n        .custom-list li::before {\n            content: \"\u203a\"; \/* Setzt das Aufz\u00e4hlungszeichen *\/\n            position: absolute;\n            left: 0; \/* Positioniert das Aufz\u00e4hlungszeichen *\/\n            color: black; \/* Farbe des Aufz\u00e4hlungszeichens *\/\n        }\n    <\/style>\n<\/head>\n<body>\n    <ul class=\"custom-list\">\n        <li>Per una pelle morbida e vellutata<\/li>\n        <li>Idratazione<\/li>\n        <li>Effetto duraturo<\/li>\n    <\/ul>\n<\/body>\n<\/html>\n<\/p><\/div><div class=\"custom-page-item\"><div class=\"custom-page-thumbnail\"><a href=\"https:\/\/tal.ch\/it\/fussmaske-med-repair\/\"><img decoding=\"async\" src=\"https:\/\/tal.ch\/wp-content\/uploads\/2024\/09\/Beitragsbild-Fussmaske.jpg\" alt=\"Fussmaske MED Repair\" \/><\/a><\/div><h3><a href=\"https:\/\/tal.ch\/it\/fussmaske-med-repair\/\">Maschera per piedi MED Repair<\/a><\/h3><p>Cura i piedi secchi e screpolati<br>\n\n<!DOCTYPE html>\n<html lang=\"de\">\n<head>\n    <meta charset=\"UTF-8\">\n    <meta name=\"viewport\" content=\"width=device-width, initial-scale=1.0\">\n    <title>Aufz\u00e4hlungspunkte<\/title>\n    <style>\n        .custom-list {\n            list-style: none; \/* Entfernt die Standard-Aufz\u00e4hlungszeichen *\/\n            padding-left: 0;\n        }\n        .custom-list li {\n            position: relative;\n            padding-left: 20px; \/* Platz f\u00fcr das benutzerdefinierte Aufz\u00e4hlungszeichen *\/\n        }\n        .custom-list li::before {\n            content: \"\u203a\"; \/* Setzt das Aufz\u00e4hlungszeichen *\/\n            position: absolute;\n            left: 0; \/* Positioniert das Aufz\u00e4hlungszeichen *\/\n            color: black; \/* Farbe des Aufz\u00e4hlungszeichens *\/\n        }\n    <\/style>\n<\/head>\n<body>\n    <ul class=\"custom-list\">\n        <li>Profondamente efficace<\/li>\n        <li>Cocktail di potenza<\/li>\n        <li>Effetto immediato visibile<\/li>\n    <\/ul>\n<\/body>\n<\/html>\n<\/p><\/div><div class=\"custom-page-item\"><div class=\"custom-page-thumbnail\"><a href=\"https:\/\/tal.ch\/it\/fussbadesalz-med-repair\/\"><img decoding=\"async\" src=\"https:\/\/tal.ch\/wp-content\/uploads\/2024\/09\/Beitragsbild-Fuss-Badesalz-1.jpg\" alt=\"Fussbadesalz MED\" \/><\/a><\/div><h3><a href=\"https:\/\/tal.ch\/it\/fussbadesalz-med-repair\/\">Sale da pediluvio MED<\/a><\/h3><p>Sale medicinale per i problemi della pelle e le infiammazioni<br>\n\n<!DOCTYPE html>\n<html lang=\"de\">\n<head>\n    <meta charset=\"UTF-8\">\n    <meta name=\"viewport\" content=\"width=device-width, initial-scale=1.0\">\n    <title>Aufz\u00e4hlungspunkte<\/title>\n    <style>\n        .custom-list {\n            list-style: none; \/* Entfernt die Standard-Aufz\u00e4hlungszeichen *\/\n            padding-left: 0;\n        }\n        .custom-list li {\n            position: relative;\n            padding-left: 20px; \/* Platz f\u00fcr das benutzerdefinierte Aufz\u00e4hlungszeichen *\/\n        }\n        .custom-list li::before {\n            content: \"\u203a\"; \/* Setzt das Aufz\u00e4hlungszeichen *\/\n            position: absolute;\n            left: 0; \/* Positioniert das Aufz\u00e4hlungszeichen *\/\n            color: black; \/* Farbe des Aufz\u00e4hlungszeichens *\/\n        }\n    <\/style>\n<\/head>\n<body>\n    <ul class=\"custom-list\">\n        <li>Aiuta a contrastare l'infiammazione<\/li>\n        <li>Per i piedi secchi<\/li>\n        <li>Per piedi stanchi e pesanti<\/li>\n    <\/ul>\n<\/body>\n<\/html>\n<\/p><\/div><\/div><div class=\"pagination\"><\/div>\n\n\n<\/div>\n\t\t\t\t\t\t<\/div>\n\t\t\t\t<\/div>\n\t\t<div class=\"elementor-element elementor-element-aba911e e-flex e-con-boxed wpr-particle-no wpr-jarallax-no wpr-parallax-no wpr-sticky-section-no wpr-equal-height-no e-con e-parent\" data-id=\"aba911e\" data-element_type=\"container\" data-e-type=\"container\">\n\t\t\t\t\t<div class=\"e-con-inner\">\n\t\t\t\t<div class=\"elementor-element elementor-element-bba444d elementor-widget elementor-widget-spacer\" data-id=\"bba444d\" data-element_type=\"widget\" data-e-type=\"widget\" data-widget_type=\"spacer.default\">\n\t\t\t\t\t\t\t<div class=\"elementor-spacer\">\n\t\t\t<div class=\"elementor-spacer-inner\"><\/div>\n\t\t<\/div>\n\t\t\t\t\t\t<\/div>\n\t\t\t\t\t<\/div>\n\t\t\t\t<\/div>\n\t\t\t\t<\/div>","protected":false},"excerpt":{"rendered":"<p>CURA DEI PIEDI I nostri piedi ci accompagnano nella vita. Spesso dimentichiamo quanto sia importante prendersi cura di loro. Ogni giorno sono esposti a molte sollecitazioni. Questo pu\u00f2 portare a pelle secca e screpolature sui piedi.  Tal offre un eccellente concetto di cura della pelle dei piedi, appositamente studiato per le vostre esigenze. Grazie agli ingredienti naturali, Tal assicura che i piedi rimangano sani, elastici e curati in modo ottimale. Coccolate i vostri piedi con la nostra linea piedi Tal MED. I nostri prodotti per la cura dei piedi<\/p>","protected":false},"author":1,"featured_media":0,"parent":0,"menu_order":16,"comment_status":"closed","ping_status":"closed","template":"","meta":{"footnotes":""},"tags":[],"class_list":["post-3479","page","type-page","status-publish","hentry"],"yoast_head":"<!-- This site is optimized with the Yoast SEO plugin v27.4 - https:\/\/yoast.com\/product\/yoast-seo-wordpress\/ -->\n<title>Fusspflege - Tal<\/title>\n<meta name=\"robots\" content=\"index, follow, max-snippet:-1, max-image-preview:large, max-video-preview:-1\" \/>\n<link rel=\"canonical\" href=\"https:\/\/tal.ch\/it\/fusspflege\/\" \/>\n<meta property=\"og:locale\" content=\"it_IT\" \/>\n<meta property=\"og:type\" content=\"article\" \/>\n<meta property=\"og:title\" content=\"Fusspflege - Tal\" \/>\n<meta property=\"og:description\" content=\"FUSSPFLEGE Unsere F\u00fcsse tragen uns durch das Leben. Oft vergessen wir, wie wichtig ihre Pflege ist. Sie sind t\u00e4glich vielen Belastungen ausgesetzt. Dies kann zu trockener Haut und Rissen an den F\u00fcssen f\u00fchren.\u00a0 Tal bietet ein hervorragendes Hautpflegekonzept f\u00fcr Ihre F\u00fcsse, das speziell auf Ihre Bed\u00fcrfnisse abgestimmt ist. Mit nat\u00fcrlichen Inhaltsstoffen sorgt Tal daf\u00fcr, dass Ihre F\u00fcsse gesund, geschmeidig und optimal gepflegt bleiben. Verw\u00f6hnen Sie Ihre F\u00fcsse unserer Tal MED Fusslinie. Unsere Fuss&shy;pflege&shy;produkte\" \/>\n<meta property=\"og:url\" content=\"https:\/\/tal.ch\/it\/fusspflege\/\" \/>\n<meta property=\"og:site_name\" content=\"Tal\" \/>\n<meta property=\"article:publisher\" content=\"https:\/\/www.facebook.com\/tal.schweiz\/\" \/>\n<meta property=\"article:modified_time\" content=\"2026-04-16T06:04:16+00:00\" \/>\n<meta name=\"twitter:card\" content=\"summary_large_image\" \/>\n<meta name=\"twitter:label1\" content=\"Tempo di lettura stimato\" \/>\n\t<meta name=\"twitter:data1\" content=\"1 minuto\" \/>\n<script type=\"application\/ld+json\" class=\"yoast-schema-graph\">{\"@context\":\"https:\\\/\\\/schema.org\",\"@graph\":[{\"@type\":\"WebPage\",\"@id\":\"https:\\\/\\\/tal.ch\\\/fusspflege\\\/\",\"url\":\"https:\\\/\\\/tal.ch\\\/fusspflege\\\/\",\"name\":\"Fusspflege - Tal\",\"isPartOf\":{\"@id\":\"https:\\\/\\\/tal.ch\\\/#website\"},\"datePublished\":\"2024-06-19T07:19:46+00:00\",\"dateModified\":\"2026-04-16T06:04:16+00:00\",\"breadcrumb\":{\"@id\":\"https:\\\/\\\/tal.ch\\\/fusspflege\\\/#breadcrumb\"},\"inLanguage\":\"it-IT\",\"potentialAction\":[{\"@type\":\"ReadAction\",\"target\":[\"https:\\\/\\\/tal.ch\\\/fusspflege\\\/\"]}]},{\"@type\":\"BreadcrumbList\",\"@id\":\"https:\\\/\\\/tal.ch\\\/fusspflege\\\/#breadcrumb\",\"itemListElement\":[{\"@type\":\"ListItem\",\"position\":1,\"name\":\"Startseite\",\"item\":\"https:\\\/\\\/tal.ch\\\/\"},{\"@type\":\"ListItem\",\"position\":2,\"name\":\"Fusspflege\"}]},{\"@type\":\"WebSite\",\"@id\":\"https:\\\/\\\/tal.ch\\\/#website\",\"url\":\"https:\\\/\\\/tal.ch\\\/\",\"name\":\"Tal\",\"description\":\"Pflanzenextrakte von h\u00f6chster Qualit\u00e4t\",\"publisher\":{\"@id\":\"https:\\\/\\\/tal.ch\\\/#organization\"},\"potentialAction\":[{\"@type\":\"SearchAction\",\"target\":{\"@type\":\"EntryPoint\",\"urlTemplate\":\"https:\\\/\\\/tal.ch\\\/?s={search_term_string}\"},\"query-input\":{\"@type\":\"PropertyValueSpecification\",\"valueRequired\":true,\"valueName\":\"search_term_string\"}}],\"inLanguage\":\"it-IT\"},{\"@type\":\"Organization\",\"@id\":\"https:\\\/\\\/tal.ch\\\/#organization\",\"name\":\"Tal\",\"url\":\"https:\\\/\\\/tal.ch\\\/\",\"logo\":{\"@type\":\"ImageObject\",\"inLanguage\":\"it-IT\",\"@id\":\"https:\\\/\\\/tal.ch\\\/#\\\/schema\\\/logo\\\/image\\\/\",\"url\":\"https:\\\/\\\/tal.ch\\\/wp-content\\\/uploads\\\/2024\\\/02\\\/Logo-Tal.png\",\"contentUrl\":\"https:\\\/\\\/tal.ch\\\/wp-content\\\/uploads\\\/2024\\\/02\\\/Logo-Tal.png\",\"width\":100,\"height\":157,\"caption\":\"Tal\"},\"image\":{\"@id\":\"https:\\\/\\\/tal.ch\\\/#\\\/schema\\\/logo\\\/image\\\/\"},\"sameAs\":[\"https:\\\/\\\/www.facebook.com\\\/tal.schweiz\\\/\"]}]}<\/script>\n<!-- \/ Yoast SEO plugin. -->","yoast_head_json":{"title":"Cura dei piedi - Valle","robots":{"index":"index","follow":"follow","max-snippet":"max-snippet:-1","max-image-preview":"max-image-preview:large","max-video-preview":"max-video-preview:-1"},"canonical":"https:\/\/tal.ch\/it\/fusspflege\/","og_locale":"it_IT","og_type":"article","og_title":"Fusspflege - Tal","og_description":"FUSSPFLEGE Unsere F\u00fcsse tragen uns durch das Leben. Oft vergessen wir, wie wichtig ihre Pflege ist. Sie sind t\u00e4glich vielen Belastungen ausgesetzt. Dies kann zu trockener Haut und Rissen an den F\u00fcssen f\u00fchren.\u00a0 Tal bietet ein hervorragendes Hautpflegekonzept f\u00fcr Ihre F\u00fcsse, das speziell auf Ihre Bed\u00fcrfnisse abgestimmt ist. Mit nat\u00fcrlichen Inhaltsstoffen sorgt Tal daf\u00fcr, dass Ihre F\u00fcsse gesund, geschmeidig und optimal gepflegt bleiben. Verw\u00f6hnen Sie Ihre F\u00fcsse unserer Tal MED Fusslinie. Unsere Fuss&shy;pflege&shy;produkte","og_url":"https:\/\/tal.ch\/it\/fusspflege\/","og_site_name":"Tal","article_publisher":"https:\/\/www.facebook.com\/tal.schweiz\/","article_modified_time":"2026-04-16T06:04:16+00:00","twitter_card":"summary_large_image","twitter_misc":{"Tempo di lettura stimato":"1 minuto"},"schema":{"@context":"https:\/\/schema.org","@graph":[{"@type":"WebPage","@id":"https:\/\/tal.ch\/fusspflege\/","url":"https:\/\/tal.ch\/fusspflege\/","name":"Cura dei piedi - Valle","isPartOf":{"@id":"https:\/\/tal.ch\/#website"},"datePublished":"2024-06-19T07:19:46+00:00","dateModified":"2026-04-16T06:04:16+00:00","breadcrumb":{"@id":"https:\/\/tal.ch\/fusspflege\/#breadcrumb"},"inLanguage":"it-IT","potentialAction":[{"@type":"ReadAction","target":["https:\/\/tal.ch\/fusspflege\/"]}]},{"@type":"BreadcrumbList","@id":"https:\/\/tal.ch\/fusspflege\/#breadcrumb","itemListElement":[{"@type":"ListItem","position":1,"name":"Startseite","item":"https:\/\/tal.ch\/"},{"@type":"ListItem","position":2,"name":"Fusspflege"}]},{"@type":"WebSite","@id":"https:\/\/tal.ch\/#website","url":"https:\/\/tal.ch\/","name":"Valle","description":"Estratti vegetali di altissima qualit\u00e0","publisher":{"@id":"https:\/\/tal.ch\/#organization"},"potentialAction":[{"@type":"SearchAction","target":{"@type":"EntryPoint","urlTemplate":"https:\/\/tal.ch\/?s={search_term_string}"},"query-input":{"@type":"PropertyValueSpecification","valueRequired":true,"valueName":"search_term_string"}}],"inLanguage":"it-IT"},{"@type":"Organization","@id":"https:\/\/tal.ch\/#organization","name":"Valle","url":"https:\/\/tal.ch\/","logo":{"@type":"ImageObject","inLanguage":"it-IT","@id":"https:\/\/tal.ch\/#\/schema\/logo\/image\/","url":"https:\/\/tal.ch\/wp-content\/uploads\/2024\/02\/Logo-Tal.png","contentUrl":"https:\/\/tal.ch\/wp-content\/uploads\/2024\/02\/Logo-Tal.png","width":100,"height":157,"caption":"Tal"},"image":{"@id":"https:\/\/tal.ch\/#\/schema\/logo\/image\/"},"sameAs":["https:\/\/www.facebook.com\/tal.schweiz\/"]}]}},"_links":{"self":[{"href":"https:\/\/tal.ch\/it\/wp-json\/wp\/v2\/pages\/3479","targetHints":{"allow":["GET"]}}],"collection":[{"href":"https:\/\/tal.ch\/it\/wp-json\/wp\/v2\/pages"}],"about":[{"href":"https:\/\/tal.ch\/it\/wp-json\/wp\/v2\/types\/page"}],"author":[{"embeddable":true,"href":"https:\/\/tal.ch\/it\/wp-json\/wp\/v2\/users\/1"}],"replies":[{"embeddable":true,"href":"https:\/\/tal.ch\/it\/wp-json\/wp\/v2\/comments?post=3479"}],"version-history":[{"count":43,"href":"https:\/\/tal.ch\/it\/wp-json\/wp\/v2\/pages\/3479\/revisions"}],"predecessor-version":[{"id":13435,"href":"https:\/\/tal.ch\/it\/wp-json\/wp\/v2\/pages\/3479\/revisions\/13435"}],"wp:attachment":[{"href":"https:\/\/tal.ch\/it\/wp-json\/wp\/v2\/media?parent=3479"}],"wp:term":[{"taxonomy":"post_tag","embeddable":true,"href":"https:\/\/tal.ch\/it\/wp-json\/wp\/v2\/tags?post=3479"}],"curies":[{"name":"wp","href":"https:\/\/api.w.org\/{rel}","templated":true}]}}